{"id":17437,"date":"2025-02-13T16:25:34","date_gmt":"2025-02-13T15:25:34","guid":{"rendered":"https:\/\/adequat.eu\/fr\/?post_type=product&#038;p=17437"},"modified":"2026-03-19T14:03:59","modified_gmt":"2026-03-19T13:03:59","slug":"pilon-de-piquet","status":"publish","type":"product","link":"https:\/\/adequat.eu\/fr\/product\/installation-fr\/outils\/pilon-de-piquet\/","title":{"rendered":"Pilon de piquet"},"content":{"rendered":"<p>Ce pilon vous permet de placer des poteaux dans le sol en toute s\u00e9curit\u00e9. Le pilon guide le piquet ; vous \u00ab\u00a0tirez\u00a0\u00bb en quelque sorte le piquet dans le sol. Apr\u00e8s avoir plac\u00e9 le pilon sur le piquet puis l\u2019avoir d\u00e9plac\u00e9 vers le haut, vous le laissez retomber\u00a0: le poids du pilon fait le gros du travail en enfon\u00e7ant le piquet dans le sol. On comprend pourquoi le pilon est aussi appel\u00e9 pilon manuel.<\/p>\n<h2>Pilon \u00e0 piquet de diff\u00e9rents diam\u00e8tres<\/h2>\n<p>Le pilon \u00e0 piquet fonctionne mieux s\u2019il est adapt\u00e9 au diam\u00e8tre du piquet que vous allez installer. Un pilon ne sera d&rsquo;aucune utilit\u00e9 si les piquets ont un diam\u00e8tre sup\u00e9rieur \u00e0 celui du pilon. En cas de doute, prenez toujours la taille sup\u00e9rieure. La longueur du pilon est de 72 cm et le mat\u00e9riau est enduit de noir.<\/p>\n<h2>Marteau \u00e0 percussion ou marteau en bois<\/h2>\n<p>Si vous avez un petit projet et que vous \u00eates bricoleur, vous pouvez tout \u00e0 fait travailler avec un marteau en bois\/un maillet. Mais si vous devez installer de nombreux piquets et que vous pr\u00e9f\u00e9rez \u00eatre aid\u00e9 d\u2019un outil, alors le pilon vous facilitera la t\u00e2che. Nous \u00e9num\u00e9rons bri\u00e8vement les avantages de l&rsquo;utilisation d&rsquo;un pilon :<\/p>\n<p>&#8211; Il est plus efficace ; avec un maillet, vous devez \u00e0 la fois viser et produire un effort ; avec le pilon, vous n&rsquo;avez qu&rsquo;\u00e0 tirer le pilon vers le haut et vous laissez ensuite la gravit\u00e9 faire son travail.<\/p>\n<p>&#8211; Vous travaillez en s\u00e9curit\u00e9 en produisant moins d\u2019effort.<\/p>\n<p>&#8211; Vous r\u00e9duisez le risque d&rsquo;endommager la t\u00eate des piquets.<\/p>\n","protected":false},"excerpt":{"rendered":"<p>Ce pilon vous permet de placer des poteaux dans le sol en toute s\u00e9curit\u00e9. Le pilon guide le piquet ; vous \u00ab\u00a0tirez\u00a0\u00bb en quelque sorte&#8230;<\/p>\n","protected":false},"featured_media":17441,"comment_status":"closed","ping_status":"closed","template":"","meta":{"_acf_changed":false,"inline_featured_image":false,"_trash_the_other_posts":false,"ep_exclude_from_search":false,"iawp_total_views":53,"editor_notices":[]},"product_brand":[],"product_cat":[282,149],"product_tag":[],"class_list":{"0":"post-17437","1":"product","2":"type-product","3":"status-publish","4":"has-post-thumbnail","6":"product_cat-outils","7":"product_cat-installation-fr","9":"first","10":"instock","11":"shipping-taxable","12":"purchasable","13":"product-type-variable","14":"has-default-attributes"},"composite_virtual":false,"composite_layout":"","composite_add_to_cart_form_location":"","composite_editable_in_cart":false,"composite_sold_individually_context":"","composite_shop_price_calc":"","composite_components":[],"composite_scenarios":[],"acf":[],"_links":{"self":[{"href":"https:\/\/adequat.eu\/fr\/wp-json\/wp\/v2\/product\/17437","targetHints":{"allow":["GET"]}}],"collection":[{"href":"https:\/\/adequat.eu\/fr\/wp-json\/wp\/v2\/product"}],"about":[{"href":"https:\/\/adequat.eu\/fr\/wp-json\/wp\/v2\/types\/product"}],"replies":[{"embeddable":true,"href":"https:\/\/adequat.eu\/fr\/wp-json\/wp\/v2\/comments?post=17437"}],"wp:featuredmedia":[{"embeddable":true,"href":"https:\/\/adequat.eu\/fr\/wp-json\/wp\/v2\/media\/17441"}],"wp:attachment":[{"href":"https:\/\/adequat.eu\/fr\/wp-json\/wp\/v2\/media?parent=17437"}],"wp:term":[{"taxonomy":"product_brand","embeddable":true,"href":"https:\/\/adequat.eu\/fr\/wp-json\/wp\/v2\/product_brand?post=17437"},{"taxonomy":"product_cat","embeddable":true,"href":"https:\/\/adequat.eu\/fr\/wp-json\/wp\/v2\/product_cat?post=17437"},{"taxonomy":"product_tag","embeddable":true,"href":"https:\/\/adequat.eu\/fr\/wp-json\/wp\/v2\/product_tag?post=17437"}],"curies":[{"name":"wp","href":"https:\/\/api.w.org\/{rel}","templated":true}]}}