{"id":17600,"date":"2025-02-27T10:05:18","date_gmt":"2025-02-27T09:05:18","guid":{"rendered":"https:\/\/adequat.eu\/fr\/?post_type=product&#038;p=17600"},"modified":"2026-01-23T14:15:44","modified_gmt":"2026-01-23T13:15:44","slug":"tendeurs-de-fils","status":"publish","type":"product","link":"https:\/\/adequat.eu\/fr\/product\/installation-fr\/grillage\/accessoires-grillage\/tendeurs-de-fils\/","title":{"rendered":"Tendeurs de fils"},"content":{"rendered":"<h3 data-start=\"92\" data-end=\"177\">Tendeurs de fils (Gripples) pour une tension optimale de vos grillages pour moutons<\/h3>\n<p data-start=\"179\" data-end=\"315\">Les\u00a0<strong data-start=\"183\" data-end=\"202\">tendeurs de fils<\/strong>, \u00e9galement appel\u00e9s\u00a0<strong data-start=\"222\" data-end=\"234\">Gripples<\/strong>, permettent de\u00a0<strong data-start=\"250\" data-end=\"288\">tendre correctement et durablement<\/strong>\u00a0les grillage pour moutons.<\/p>\n<h3 data-start=\"143\" data-end=\"212\">Quelle taille de tendeurs de fils pour quel type de cl\u00f4ture ?<\/h3>\n<p data-start=\"214\" data-end=\"330\">Pour la version l\u00e9g\u00e8re du grillage, utilisez des tendeurs de fils taille M pour tous les fils horizontaux.<\/p>\n<p data-start=\"332\" data-end=\"692\">Pour la version lourde, les fils sup\u00e9rieur et inf\u00e9rieur sont un peu plus \u00e9pais. Pour ces fils vous utilisez taille L, tandis que les fils interm\u00e9diaires sont simplement fix\u00e9s avec des tendeurs de fils taille M.<\/p>\n<p data-start=\"694\" data-end=\"711\"><strong data-start=\"694\" data-end=\"709\">En r\u00e9sum\u00e9 :<\/strong><\/p>\n<ul data-start=\"712\" data-end=\"936\">\n<li data-start=\"712\" data-end=\"796\">\n<p data-start=\"714\" data-end=\"796\">Version l\u00e9g\u00e8re =&gt; uniquement des tendeurs de fils\u00a0<strong data-start=\"763\" data-end=\"775\">taille M<\/strong>\u00a0pour tous les fils<\/p>\n<\/li>\n<li data-start=\"797\" data-end=\"936\">\n<p data-start=\"799\" data-end=\"936\">Version lourde =&gt; fils sup\u00e9rieur et inf\u00e9rieur avec tendeurs de fils\u00a0<strong data-start=\"866\" data-end=\"878\">taille L<\/strong>, fils interm\u00e9diaires avec tendeurs de fils\u00a0<strong data-start=\"922\" data-end=\"934\">taille M<\/strong><\/p>\n<\/li>\n<\/ul>\n<p data-start=\"938\" data-end=\"1025\">Ainsi, la version lourde reste tr\u00e8s solide tout en conservant le m\u00eame nombre de fils.<\/p>\n<p data-start=\"1027\" data-end=\"1072\">Les tendeurs de fils sont vendus \u00e0 l\u2019unit\u00e9.<\/p>\n<h3 data-start=\"1074\" data-end=\"1119\">Combien de tendeurs de fils faut-il ?<\/h3>\n<p data-start=\"1121\" data-end=\"1494\">En principe, il vous faut\u00a0<strong data-start=\"1147\" data-end=\"1188\">un tendeur de fils par fil horizontal<\/strong>. Le nombre total de tendeurs n\u00e9cessaires d\u00e9pend du type de grillage choisi (l\u00e9ger ou lourd), de la hauteur souhait\u00e9e et de la longueur totale que vous allez installer. Pour conna\u00eetre le nombre exact de tendeurs de fils et les tailles appropri\u00e9es, consultez les pages produit correspondantes du grillage.<\/p>\n<p data-start=\"1496\" data-end=\"1559\"><strong data-start=\"1496\" data-end=\"1557\">Nombre de fils horizontaux selon la hauteur du grillage :<\/strong><\/p>\n<ul data-start=\"1560\" data-end=\"1640\">\n<li data-start=\"1560\" data-end=\"1578\">\n<p data-start=\"1562\" data-end=\"1578\">80\u202fcm =&gt; 8 fils<\/p>\n<\/li>\n<li data-start=\"1579\" data-end=\"1598\">\n<p data-start=\"1581\" data-end=\"1598\">100\u202fcm =&gt; 9 fils<\/p>\n<\/li>\n<li data-start=\"1599\" data-end=\"1619\">\n<p data-start=\"1601\" data-end=\"1619\">120\u202fcm =&gt; 10 fils<\/p>\n<\/li>\n<li data-start=\"1620\" data-end=\"1640\">\n<p data-start=\"1622\" data-end=\"1640\">140\u202fcm =&gt; 11 fils<\/p>\n<\/li>\n<\/ul>\n","protected":false},"excerpt":{"rendered":"<p>Tendeurs de fils (Gripples) pour une tension optimale de vos grillages pour moutons Les\u00a0tendeurs de fils, \u00e9galement appel\u00e9s\u00a0Gripples, permettent de\u00a0tendre correctement et durablement\u00a0les grillage pour&#8230;<\/p>\n","protected":false},"featured_media":17603,"comment_status":"closed","ping_status":"closed","template":"","meta":{"_acf_changed":false,"inline_featured_image":false,"_trash_the_other_posts":false,"ep_exclude_from_search":false,"iawp_total_views":10,"editor_notices":[]},"product_brand":[],"product_cat":[486,480],"product_tag":[],"class_list":{"0":"post-17600","1":"product","2":"type-product","3":"status-publish","4":"has-post-thumbnail","6":"product_cat-accessoires-grillage","7":"product_cat-grillage","9":"first","10":"instock","11":"shipping-taxable","12":"purchasable","13":"product-type-variable","14":"has-default-attributes"},"composite_virtual":false,"composite_layout":"","composite_add_to_cart_form_location":"","composite_editable_in_cart":false,"composite_sold_individually_context":"","composite_shop_price_calc":"","composite_components":[],"composite_scenarios":[],"acf":[],"_links":{"self":[{"href":"https:\/\/adequat.eu\/fr\/wp-json\/wp\/v2\/product\/17600","targetHints":{"allow":["GET"]}}],"collection":[{"href":"https:\/\/adequat.eu\/fr\/wp-json\/wp\/v2\/product"}],"about":[{"href":"https:\/\/adequat.eu\/fr\/wp-json\/wp\/v2\/types\/product"}],"replies":[{"embeddable":true,"href":"https:\/\/adequat.eu\/fr\/wp-json\/wp\/v2\/comments?post=17600"}],"wp:featuredmedia":[{"embeddable":true,"href":"https:\/\/adequat.eu\/fr\/wp-json\/wp\/v2\/media\/17603"}],"wp:attachment":[{"href":"https:\/\/adequat.eu\/fr\/wp-json\/wp\/v2\/media?parent=17600"}],"wp:term":[{"taxonomy":"product_brand","embeddable":true,"href":"https:\/\/adequat.eu\/fr\/wp-json\/wp\/v2\/product_brand?post=17600"},{"taxonomy":"product_cat","embeddable":true,"href":"https:\/\/adequat.eu\/fr\/wp-json\/wp\/v2\/product_cat?post=17600"},{"taxonomy":"product_tag","embeddable":true,"href":"https:\/\/adequat.eu\/fr\/wp-json\/wp\/v2\/product_tag?post=17600"}],"curies":[{"name":"wp","href":"https:\/\/api.w.org\/{rel}","templated":true}]}}