{"id":17639,"date":"2025-02-27T16:05:21","date_gmt":"2025-02-27T15:05:21","guid":{"rendered":"https:\/\/adequat.eu\/fr\/?post_type=product&#038;p=17639"},"modified":"2026-03-16T14:00:52","modified_gmt":"2026-03-16T13:00:52","slug":"planches-en-chataignier","status":"publish","type":"product","link":"https:\/\/adequat.eu\/fr\/product\/installation-fr\/planches-en-bois\/bois-de-chataignier\/planches-en-chataignier\/","title":{"rendered":"Planches en ch\u00e2taignier"},"content":{"rendered":"<h2 data-start=\"107\" data-end=\"182\">Planches en ch\u00e2taignier<\/h2>\n<p data-start=\"184\" data-end=\"452\">Nos <strong data-start=\"188\" data-end=\"215\">planches en ch\u00e2taignier<\/strong>, disponibles en diff\u00e9rentes tailles, sont <strong data-start=\"258\" data-end=\"273\">non s\u00e9ch\u00e9es<\/strong>, ce qui les rend parfaitement adapt\u00e9es \u00e0 un <strong data-start=\"318\" data-end=\"337\">usage ext\u00e9rieur<\/strong>. Cependant, si vous les laissez s\u00e9cher correctement, elles conviennent \u00e9galement \u00e0 des <strong data-start=\"425\" data-end=\"449\">projets en int\u00e9rieur<\/strong>.<\/p>\n<p data-start=\"454\" data-end=\"734\">Le <strong data-start=\"457\" data-end=\"472\">ch\u00e2taignier<\/strong>, class\u00e9 <strong data-start=\"481\" data-end=\"497\">durabilit\u00e9 2<\/strong>, est un bois naturellement <strong data-start=\"525\" data-end=\"570\">r\u00e9sistant \u00e0 l&rsquo;humidit\u00e9 et aux intemp\u00e9ries<\/strong>, ce qui \u00e9limine le besoin de traitement. Sa <strong data-start=\"615\" data-end=\"649\">belle teinte jaune-brun chaude<\/strong> se <strong data-start=\"653\" data-end=\"677\">patine naturellement<\/strong> avec le temps, apportant du cachet \u00e0 vos r\u00e9alisations.<\/p>\n<p data-start=\"736\" data-end=\"979\">Polyvalentes, ces planches sont id\u00e9ales pour la <strong data-start=\"784\" data-end=\"820\">fabrication de meubles de jardin<\/strong>, ainsi que pour diverses <strong data-start=\"846\" data-end=\"875\">constructions ext\u00e9rieures<\/strong>. Nous proposons une large s\u00e9lection de <strong data-start=\"915\" data-end=\"951\">planches de ch\u00e2taignier en stock<\/strong>, pr\u00eates \u00e0 \u00eatre exp\u00e9di\u00e9es.<\/p>\n<h2 data-start=\"981\" data-end=\"1025\">Planches de ch\u00e2taignier sur mesure<\/h2>\n<p data-start=\"1026\" data-end=\"1144\">Nous disposons de <strong data-start=\"1044\" data-end=\"1099\">planches de ch\u00e2taignier dans diff\u00e9rentes dimensions<\/strong>, directement disponibles dans notre stock.<\/p>\n<p data-start=\"1146\" data-end=\"1315\">Vous avez des <strong data-start=\"1160\" data-end=\"1183\">besoins sp\u00e9cifiques<\/strong> ? <strong data-start=\"1186\" data-end=\"1204\">Contactez-nous<\/strong> ! Nous serons ravis de vous conseiller et de vous proposer des solutions sur mesure adapt\u00e9es \u00e0 votre projet.<\/p>\n","protected":false},"excerpt":{"rendered":"<p>Planches en ch\u00e2taignier Nos planches en ch\u00e2taignier, disponibles en diff\u00e9rentes tailles, sont non s\u00e9ch\u00e9es, ce qui les rend parfaitement adapt\u00e9es \u00e0 un usage ext\u00e9rieur. Cependant,&#8230;<\/p>\n","protected":false},"featured_media":17647,"comment_status":"closed","ping_status":"closed","template":"","meta":{"_acf_changed":false,"inline_featured_image":false,"_trash_the_other_posts":false,"ep_exclude_from_search":false,"iawp_total_views":602,"editor_notices":[]},"product_brand":[],"product_cat":[491,488],"product_tag":[],"class_list":{"0":"post-17639","1":"product","2":"type-product","3":"status-publish","4":"has-post-thumbnail","6":"product_cat-bois-de-chataignier","7":"product_cat-bois-scie","9":"first","10":"instock","11":"shipping-taxable","12":"purchasable","13":"product-type-variable","14":"has-default-attributes"},"composite_virtual":false,"composite_layout":"","composite_add_to_cart_form_location":"","composite_editable_in_cart":false,"composite_sold_individually_context":"","composite_shop_price_calc":"","composite_components":[],"composite_scenarios":[],"acf":[],"_links":{"self":[{"href":"https:\/\/adequat.eu\/fr\/wp-json\/wp\/v2\/product\/17639","targetHints":{"allow":["GET"]}}],"collection":[{"href":"https:\/\/adequat.eu\/fr\/wp-json\/wp\/v2\/product"}],"about":[{"href":"https:\/\/adequat.eu\/fr\/wp-json\/wp\/v2\/types\/product"}],"replies":[{"embeddable":true,"href":"https:\/\/adequat.eu\/fr\/wp-json\/wp\/v2\/comments?post=17639"}],"wp:featuredmedia":[{"embeddable":true,"href":"https:\/\/adequat.eu\/fr\/wp-json\/wp\/v2\/media\/17647"}],"wp:attachment":[{"href":"https:\/\/adequat.eu\/fr\/wp-json\/wp\/v2\/media?parent=17639"}],"wp:term":[{"taxonomy":"product_brand","embeddable":true,"href":"https:\/\/adequat.eu\/fr\/wp-json\/wp\/v2\/product_brand?post=17639"},{"taxonomy":"product_cat","embeddable":true,"href":"https:\/\/adequat.eu\/fr\/wp-json\/wp\/v2\/product_cat?post=17639"},{"taxonomy":"product_tag","embeddable":true,"href":"https:\/\/adequat.eu\/fr\/wp-json\/wp\/v2\/product_tag?post=17639"}],"curies":[{"name":"wp","href":"https:\/\/api.w.org\/{rel}","templated":true}]}}