{"id":17640,"date":"2025-02-27T16:12:16","date_gmt":"2025-02-27T15:12:16","guid":{"rendered":"https:\/\/adequat.eu\/fr\/?post_type=product&#038;p=17640"},"modified":"2026-04-09T16:50:26","modified_gmt":"2026-04-09T14:50:26","slug":"poutre-en-chataignier","status":"publish","type":"product","link":"https:\/\/adequat.eu\/fr\/product\/installation-fr\/planches-en-bois\/bois-de-chataignier\/poutre-en-chataignier\/","title":{"rendered":"Poutre en ch\u00e2taignier"},"content":{"rendered":"<h2 data-start=\"116\" data-end=\"186\">Poutres en ch\u00e2taignier<\/h2>\n<p data-start=\"188\" data-end=\"583\">Nos <strong data-start=\"192\" data-end=\"218\">poutres en ch\u00e2taignier<\/strong>, disponibles en diff\u00e9rentes tailles, ne sont <strong data-start=\"264\" data-end=\"279\">pas s\u00e9ch\u00e9es<\/strong>, ce qui les rend parfaitement adapt\u00e9es \u00e0 un <strong data-start=\"324\" data-end=\"343\">usage ext\u00e9rieur<\/strong>. Le <strong data-start=\"348\" data-end=\"363\">ch\u00e2taignier<\/strong>, class\u00e9 <strong data-start=\"372\" data-end=\"388\">durabilit\u00e9 2<\/strong>, est un bois naturellement <strong data-start=\"416\" data-end=\"429\">r\u00e9sistant<\/strong> qui ne n\u00e9cessite aucun traitement suppl\u00e9mentaire. Gr\u00e2ce \u00e0 sa <strong data-start=\"491\" data-end=\"519\">teneur en acide tannique<\/strong>, il est prot\u00e9g\u00e9 contre l\u2019<strong data-start=\"545\" data-end=\"557\">humidit\u00e9<\/strong> et les <strong data-start=\"565\" data-end=\"580\">intemp\u00e9ries<\/strong>.<\/p>\n<p data-start=\"585\" data-end=\"732\">Avec sa belle <strong data-start=\"599\" data-end=\"620\">teinte jaune-brun<\/strong>, le bois de ch\u00e2taignier <strong data-start=\"645\" data-end=\"671\">grisonne naturellement<\/strong> au fil du temps, offrant un aspect authentique et \u00e9l\u00e9gant.<\/p>\n<h3 data-start=\"734\" data-end=\"777\">Poutres en ch\u00e2taignier sur mesure<\/h3>\n<p data-start=\"778\" data-end=\"940\">Nous proposons des <strong data-start=\"797\" data-end=\"823\">poutres en ch\u00e2taignier<\/strong> de diff\u00e9rentes sections, disponibles en <strong data-start=\"864\" data-end=\"895\">longueur standard de 250 cm<\/strong> et livr\u00e9es directement depuis notre stock.<\/p>\n<p data-start=\"942\" data-end=\"1118\">Besoin d&rsquo;une longueur sp\u00e9cifique (plus courte) ? <strong data-start=\"991\" data-end=\"1009\">Contactez-nous<\/strong> ! Gr\u00e2ce \u00e0 notre <strong data-start=\"1026\" data-end=\"1037\">atelier<\/strong>, nous r\u00e9alisons des d\u00e9coupes <strong data-start=\"1067\" data-end=\"1081\">sur mesure<\/strong>, avec un travail rapide et soign\u00e9.<\/p>\n<h3>Pour un style plus rustique<\/h3>\n<p data-start=\"1158\" data-end=\"1339\">Si vous recherchez une <strong data-start=\"1181\" data-end=\"1225\">esth\u00e9tique plus naturelle et irr\u00e9guli\u00e8re<\/strong>, d\u00e9couvrez nos <strong data-start=\"1241\" data-end=\"1282\">poutres rustiques en ch\u00e2taignier sci\u00e9<\/strong>, parfaites pour des constructions au caract\u00e8re unique.<\/p>\n","protected":false},"excerpt":{"rendered":"<p>Poutres en ch\u00e2taignier Nos poutres en ch\u00e2taignier, disponibles en diff\u00e9rentes tailles, ne sont pas s\u00e9ch\u00e9es, ce qui les rend parfaitement adapt\u00e9es \u00e0 un usage ext\u00e9rieur&#8230;.<\/p>\n","protected":false},"featured_media":17657,"comment_status":"closed","ping_status":"closed","template":"","meta":{"_acf_changed":false,"inline_featured_image":false,"_trash_the_other_posts":false,"ep_exclude_from_search":false,"iawp_total_views":229,"editor_notices":[]},"product_brand":[],"product_cat":[491,488],"product_tag":[],"class_list":{"0":"post-17640","1":"product","2":"type-product","3":"status-publish","4":"has-post-thumbnail","6":"product_cat-bois-de-chataignier","7":"product_cat-bois-scie","9":"first","10":"instock","11":"shipping-taxable","12":"purchasable","13":"product-type-variable","14":"has-default-attributes"},"composite_virtual":false,"composite_layout":"","composite_add_to_cart_form_location":"","composite_editable_in_cart":false,"composite_sold_individually_context":"","composite_shop_price_calc":"","composite_components":[],"composite_scenarios":[],"acf":[],"_links":{"self":[{"href":"https:\/\/adequat.eu\/fr\/wp-json\/wp\/v2\/product\/17640","targetHints":{"allow":["GET"]}}],"collection":[{"href":"https:\/\/adequat.eu\/fr\/wp-json\/wp\/v2\/product"}],"about":[{"href":"https:\/\/adequat.eu\/fr\/wp-json\/wp\/v2\/types\/product"}],"replies":[{"embeddable":true,"href":"https:\/\/adequat.eu\/fr\/wp-json\/wp\/v2\/comments?post=17640"}],"wp:featuredmedia":[{"embeddable":true,"href":"https:\/\/adequat.eu\/fr\/wp-json\/wp\/v2\/media\/17657"}],"wp:attachment":[{"href":"https:\/\/adequat.eu\/fr\/wp-json\/wp\/v2\/media?parent=17640"}],"wp:term":[{"taxonomy":"product_brand","embeddable":true,"href":"https:\/\/adequat.eu\/fr\/wp-json\/wp\/v2\/product_brand?post=17640"},{"taxonomy":"product_cat","embeddable":true,"href":"https:\/\/adequat.eu\/fr\/wp-json\/wp\/v2\/product_cat?post=17640"},{"taxonomy":"product_tag","embeddable":true,"href":"https:\/\/adequat.eu\/fr\/wp-json\/wp\/v2\/product_tag?post=17640"}],"curies":[{"name":"wp","href":"https:\/\/api.w.org\/{rel}","templated":true}]}}