{"id":17644,"date":"2025-02-27T16:32:43","date_gmt":"2025-02-27T15:32:43","guid":{"rendered":"https:\/\/adequat.eu\/fr\/?post_type=product&#038;p=17644"},"modified":"2026-01-09T12:17:52","modified_gmt":"2026-01-09T11:17:52","slug":"planches-en-robinier-avec-biseaux","status":"publish","type":"product","link":"https:\/\/adequat.eu\/fr\/product\/installation-fr\/planches-en-bois\/bois-de-robinier\/planches-en-robinier-avec-biseaux\/","title":{"rendered":"Planches en robinier avec biseaux"},"content":{"rendered":"<h2 data-start=\"98\" data-end=\"149\">Planches en robinier avec biseaux<\/h2>\n<p data-start=\"151\" data-end=\"283\">Les <strong data-start=\"155\" data-end=\"200\">planches en robinier avec biseaux<\/strong> sont disponibles dans les dimensions suivantes : <strong data-start=\"250\" data-end=\"280\">2,5 cm x 15\/22 cm x 250 cm<\/strong>.<\/p>\n<p data-start=\"285\" data-end=\"524\">Les <strong data-start=\"289\" data-end=\"306\">bords ondul\u00e9s<\/strong> suivent les contours naturels de l&rsquo;arbre, ce qui donne \u00e0 chaque planche une largeur qui peut varier entre <strong data-start=\"413\" data-end=\"428\">15 et 22 cm<\/strong>. Ces bords cr\u00e9ent un effet unique et esth\u00e9tique, renfor\u00e7ant le caract\u00e8re authentique du bois.<\/p>\n<p data-start=\"526\" data-end=\"838\">Ces <strong data-start=\"530\" data-end=\"554\">planches de robinier<\/strong> sont id\u00e9ales pour des applications telles que la <strong data-start=\"604\" data-end=\"628\">construction de murs<\/strong> ou la <strong data-start=\"635\" data-end=\"660\">cr\u00e9ation de terrasses<\/strong>. En effet, le robinier est parfait pour la technique de superposition de mat\u00e9riaux plats, comme des planches, de bas en haut, afin de cr\u00e9er une structure solide et esth\u00e9tique.<\/p>\n<h2 data-start=\"840\" data-end=\"894\">Planches en robinier sur mesure<\/h2>\n<p data-start=\"895\" data-end=\"1205\">Nous disposons de notre propre <strong data-start=\"926\" data-end=\"937\">atelier<\/strong> et proposons des d\u00e9coupes <strong data-start=\"964\" data-end=\"978\">sur mesure<\/strong>, en fonction de vos besoins sp\u00e9cifiques. Le <strong data-start=\"1023\" data-end=\"1035\">robinier<\/strong> est un bois particuli\u00e8rement <strong data-start=\"1065\" data-end=\"1076\">durable<\/strong> (classe de durabilit\u00e9 1), r\u00e9sistant aux intemp\u00e9ries et aux nuisibles, ce qui en fait un choix id\u00e9al pour des projets ext\u00e9rieurs.<\/p>\n","protected":false},"excerpt":{"rendered":"<p>Planches en robinier avec biseaux Les planches en robinier avec biseaux sont disponibles dans les dimensions suivantes : 2,5 cm x 15\/22 cm x 250&#8230;<\/p>\n","protected":false},"featured_media":17679,"comment_status":"closed","ping_status":"closed","template":"","meta":{"_acf_changed":false,"inline_featured_image":false,"_trash_the_other_posts":false,"ep_exclude_from_search":false,"iawp_total_views":103,"editor_notices":[]},"product_brand":[],"product_cat":[489,488],"product_tag":[],"class_list":{"0":"post-17644","1":"product","2":"type-product","3":"status-publish","4":"has-post-thumbnail","6":"product_cat-bois-de-robinier","7":"product_cat-bois-scie","9":"first","10":"instock","11":"shipping-taxable","12":"purchasable","13":"product-type-simple"},"composite_virtual":false,"composite_layout":"","composite_add_to_cart_form_location":"","composite_editable_in_cart":false,"composite_sold_individually_context":"","composite_shop_price_calc":"","composite_components":[],"composite_scenarios":[],"acf":[],"_links":{"self":[{"href":"https:\/\/adequat.eu\/fr\/wp-json\/wp\/v2\/product\/17644","targetHints":{"allow":["GET"]}}],"collection":[{"href":"https:\/\/adequat.eu\/fr\/wp-json\/wp\/v2\/product"}],"about":[{"href":"https:\/\/adequat.eu\/fr\/wp-json\/wp\/v2\/types\/product"}],"replies":[{"embeddable":true,"href":"https:\/\/adequat.eu\/fr\/wp-json\/wp\/v2\/comments?post=17644"}],"wp:featuredmedia":[{"embeddable":true,"href":"https:\/\/adequat.eu\/fr\/wp-json\/wp\/v2\/media\/17679"}],"wp:attachment":[{"href":"https:\/\/adequat.eu\/fr\/wp-json\/wp\/v2\/media?parent=17644"}],"wp:term":[{"taxonomy":"product_brand","embeddable":true,"href":"https:\/\/adequat.eu\/fr\/wp-json\/wp\/v2\/product_brand?post=17644"},{"taxonomy":"product_cat","embeddable":true,"href":"https:\/\/adequat.eu\/fr\/wp-json\/wp\/v2\/product_cat?post=17644"},{"taxonomy":"product_tag","embeddable":true,"href":"https:\/\/adequat.eu\/fr\/wp-json\/wp\/v2\/product_tag?post=17644"}],"curies":[{"name":"wp","href":"https:\/\/api.w.org\/{rel}","templated":true}]}}