{"id":17645,"date":"2025-02-27T16:19:01","date_gmt":"2025-02-27T15:19:01","guid":{"rendered":"https:\/\/adequat.eu\/fr\/?post_type=product&#038;p=17645"},"modified":"2025-07-10T16:28:17","modified_gmt":"2025-07-10T14:28:17","slug":"planches-en-chataignier-avec-chants-naturels","status":"publish","type":"product","link":"https:\/\/adequat.eu\/fr\/product\/installation-fr\/planches-en-bois\/bois-de-chataignier\/planches-en-chataignier-avec-chants-naturels\/","title":{"rendered":"Planches en ch\u00e2taignier avec chants naturels"},"content":{"rendered":"<h2 data-start=\"53\" data-end=\"107\">Planches en ch\u00e2taignier avec chants naturels<\/h2>\n<p data-start=\"109\" data-end=\"300\">De magnifiques planches en bois ch\u00e2taignier aux <strong data-start=\"152\" data-end=\"184\">contours naturels de l\u2019arbre<\/strong>, pr\u00e9servant ainsi leur authenticit\u00e9. Ces planches ne sont <strong data-start=\"237\" data-end=\"252\">pas s\u00e9ch\u00e9es<\/strong> et conservent ainsi toute leur essence brute.<\/p>\n<p data-start=\"302\" data-end=\"568\">Id\u00e9ales pour un usage ext\u00e9rieur, elles appartiennent \u00e0 la <strong data-start=\"360\" data-end=\"386\">classe de durabilit\u00e9 2<\/strong>, offrant une bonne r\u00e9sistance aux intemp\u00e9ries. Le <strong data-start=\"437\" data-end=\"452\">ch\u00e2taignier<\/strong> se distingue par sa <strong data-start=\"473\" data-end=\"500\">belle teinte jaune-brun<\/strong>, proche de celle du ch\u00eane, et se patine \u00e9l\u00e9gamment avec le temps.<\/p>\n<h3 data-start=\"570\" data-end=\"620\">Applications des planches en ch\u00e2taignier<\/h3>\n<p>Les planches de ch\u00e2taignier sont parfaites pour :<\/p>\n<ul>\n<li><strong data-start=\"675\" data-end=\"697\">Bordures de jardin<\/strong><\/li>\n<li><strong data-start=\"702\" data-end=\"723\">Abris et toitures<\/strong><\/li>\n<li><strong data-start=\"728\" data-end=\"762\">Am\u00e9nagements ext\u00e9rieurs vari\u00e9s<\/strong><\/li>\n<\/ul>\n<h3>Id\u00e9al pour des projets d\u00e9coratifs<\/h3>\n<p data-start=\"818\" data-end=\"949\">Gr\u00e2ce \u00e0 leur <strong data-start=\"831\" data-end=\"852\">lisi\u00e8re naturelle<\/strong>, ces planches sont \u00e9galement tr\u00e8s appr\u00e9ci\u00e9es pour des projets d\u00e9coratifs en ext\u00e9rieur, comme :<\/p>\n<ul data-start=\"950\" data-end=\"1057\">\n<li data-start=\"950\" data-end=\"978\">Le bardage d\u2019un <strong data-start=\"968\" data-end=\"976\">abri<\/strong><\/li>\n<li data-start=\"979\" data-end=\"1029\">La construction de <strong data-start=\"1000\" data-end=\"1027\">cabanes dans les arbres<\/strong><\/li>\n<li data-start=\"1030\" data-end=\"1057\">Le <strong data-start=\"1035\" data-end=\"1055\">rev\u00eatement mural<\/strong><\/li>\n<\/ul>\n<p data-start=\"1059\" data-end=\"1170\">Le ch\u00e2taignier allie <strong data-start=\"1080\" data-end=\"1118\">esth\u00e9tique naturelle et durabilit\u00e9<\/strong>, parfait pour donner du caract\u00e8re \u00e0 vos projets !<\/p>\n","protected":false},"excerpt":{"rendered":"<p>Planches en ch\u00e2taignier avec chants naturels De magnifiques planches en bois ch\u00e2taignier aux contours naturels de l\u2019arbre, pr\u00e9servant ainsi leur authenticit\u00e9. Ces planches ne sont&#8230;<\/p>\n","protected":false},"featured_media":17670,"comment_status":"closed","ping_status":"closed","template":"","meta":{"_acf_changed":false,"inline_featured_image":false,"_trash_the_other_posts":false,"ep_exclude_from_search":false,"iawp_total_views":115,"editor_notices":[]},"product_brand":[],"product_cat":[491,488],"product_tag":[],"class_list":{"0":"post-17645","1":"product","2":"type-product","3":"status-publish","4":"has-post-thumbnail","6":"product_cat-bois-de-chataignier","7":"product_cat-bois-scie","9":"first","10":"instock","11":"shipping-taxable","12":"purchasable","13":"product-type-variable","14":"has-default-attributes"},"composite_virtual":false,"composite_layout":"","composite_add_to_cart_form_location":"","composite_editable_in_cart":false,"composite_sold_individually_context":"","composite_shop_price_calc":"","composite_components":[],"composite_scenarios":[],"acf":[],"_links":{"self":[{"href":"https:\/\/adequat.eu\/fr\/wp-json\/wp\/v2\/product\/17645","targetHints":{"allow":["GET"]}}],"collection":[{"href":"https:\/\/adequat.eu\/fr\/wp-json\/wp\/v2\/product"}],"about":[{"href":"https:\/\/adequat.eu\/fr\/wp-json\/wp\/v2\/types\/product"}],"replies":[{"embeddable":true,"href":"https:\/\/adequat.eu\/fr\/wp-json\/wp\/v2\/comments?post=17645"}],"wp:featuredmedia":[{"embeddable":true,"href":"https:\/\/adequat.eu\/fr\/wp-json\/wp\/v2\/media\/17670"}],"wp:attachment":[{"href":"https:\/\/adequat.eu\/fr\/wp-json\/wp\/v2\/media?parent=17645"}],"wp:term":[{"taxonomy":"product_brand","embeddable":true,"href":"https:\/\/adequat.eu\/fr\/wp-json\/wp\/v2\/product_brand?post=17645"},{"taxonomy":"product_cat","embeddable":true,"href":"https:\/\/adequat.eu\/fr\/wp-json\/wp\/v2\/product_cat?post=17645"},{"taxonomy":"product_tag","embeddable":true,"href":"https:\/\/adequat.eu\/fr\/wp-json\/wp\/v2\/product_tag?post=17645"}],"curies":[{"name":"wp","href":"https:\/\/api.w.org\/{rel}","templated":true}]}}