{"id":17748,"date":"2025-03-13T11:03:10","date_gmt":"2025-03-13T10:03:10","guid":{"rendered":"https:\/\/adequat.eu\/fr\/?post_type=product&#038;p=17748"},"modified":"2026-03-31T23:03:38","modified_gmt":"2026-03-31T21:03:38","slug":"piquet-dangle-en-chataignier-3-niveaux-carre","status":"publish","type":"product","link":"https:\/\/adequat.eu\/fr\/product\/clotures\/post-et-rail\/piquet-dangle-en-chataignier-3-niveaux-carre\/","title":{"rendered":"Piquet d&rsquo;angle en ch\u00e2taignier 3 niveaux &#8211; carr\u00e9"},"content":{"rendered":"<h2 data-start=\"53\" data-end=\"106\">Piquet d&rsquo;angle en ch\u00e2taignier 3 niveaux &#8211; carr\u00e9<\/h2>\n<p data-start=\"108\" data-end=\"391\">Le piquet d&rsquo;angle en ch\u00e2taignier 3 niveaux &#8211; carr\u00e9 est un poteau carr\u00e9 en ch\u00e2taignier d\u2019une longueur d\u2019environ 200 cm. Lors de l\u2019installation, 80 cm sont enterr\u00e9s, laissant une hauteur effective de 120 cm. Naturellement durable, le bois de ch\u00e2taignier ne n\u00e9cessite aucun entretien.<\/p>\n<p data-start=\"393\" data-end=\"548\">Ce piquet fait partie de notre gamme de cl\u00f4tures carr\u00e9es <strong data-start=\"450\" data-end=\"465\">Post &amp; Rail<\/strong>, souvent utilis\u00e9es pour d\u00e9limiter des pr\u00e9s et p\u00e2turages accueillant des chevaux.<\/p>\n<p data-start=\"550\" data-end=\"665\">Besoin d\u2019aide pour estimer le nombre de piquets n\u00e9cessaires ? Remplissez sans engagement <a href=\"https:\/\/adequat.eu\/fr\/assemblez-votre-cloture\/\">notre assistant produit<\/a> pour calculer tout les mat\u00e9riaux n\u00e9cessaires pour votre projet.<\/p>\n","protected":false},"excerpt":{"rendered":"<p>Piquet d&rsquo;angle en ch\u00e2taignier 3 niveaux &#8211; carr\u00e9 Le piquet d&rsquo;angle en ch\u00e2taignier 3 niveaux &#8211; carr\u00e9 est un poteau carr\u00e9 en ch\u00e2taignier d\u2019une longueur&#8230;<\/p>\n","protected":false},"featured_media":17776,"comment_status":"closed","ping_status":"closed","template":"","meta":{"_acf_changed":false,"inline_featured_image":false,"_trash_the_other_posts":false,"ep_exclude_from_search":false,"iawp_total_views":13,"editor_notices":[]},"product_brand":[],"product_cat":[85,550,541,78,540,546],"product_tag":[],"class_list":{"0":"post-17748","1":"product","2":"type-product","3":"status-publish","4":"has-post-thumbnail","6":"product_cat-post-et-rail","7":"product_cat-cloture-post-et-rail-chataignier","8":"product_cat-cloture-pour-alpagas","9":"product_cat-clotures","10":"product_cat-clotures-pour-animaux","11":"product_cat-clotures-pour-chevaux","13":"first","14":"instock","15":"shipping-taxable","16":"purchasable","17":"product-type-simple"},"composite_virtual":false,"composite_layout":"","composite_add_to_cart_form_location":"","composite_editable_in_cart":false,"composite_sold_individually_context":"","composite_shop_price_calc":"","composite_components":[],"composite_scenarios":[],"acf":[],"_links":{"self":[{"href":"https:\/\/adequat.eu\/fr\/wp-json\/wp\/v2\/product\/17748","targetHints":{"allow":["GET"]}}],"collection":[{"href":"https:\/\/adequat.eu\/fr\/wp-json\/wp\/v2\/product"}],"about":[{"href":"https:\/\/adequat.eu\/fr\/wp-json\/wp\/v2\/types\/product"}],"replies":[{"embeddable":true,"href":"https:\/\/adequat.eu\/fr\/wp-json\/wp\/v2\/comments?post=17748"}],"wp:featuredmedia":[{"embeddable":true,"href":"https:\/\/adequat.eu\/fr\/wp-json\/wp\/v2\/media\/17776"}],"wp:attachment":[{"href":"https:\/\/adequat.eu\/fr\/wp-json\/wp\/v2\/media?parent=17748"}],"wp:term":[{"taxonomy":"product_brand","embeddable":true,"href":"https:\/\/adequat.eu\/fr\/wp-json\/wp\/v2\/product_brand?post=17748"},{"taxonomy":"product_cat","embeddable":true,"href":"https:\/\/adequat.eu\/fr\/wp-json\/wp\/v2\/product_cat?post=17748"},{"taxonomy":"product_tag","embeddable":true,"href":"https:\/\/adequat.eu\/fr\/wp-json\/wp\/v2\/product_tag?post=17748"}],"curies":[{"name":"wp","href":"https:\/\/api.w.org\/{rel}","templated":true}]}}