{"id":17750,"date":"2025-03-13T10:51:16","date_gmt":"2025-03-13T09:51:16","guid":{"rendered":"https:\/\/adequat.eu\/fr\/?post_type=product&#038;p=17750"},"modified":"2026-03-31T23:37:12","modified_gmt":"2026-03-31T21:37:12","slug":"piquet-dextremite-en-robinier-2-niveaux-rond","status":"publish","type":"product","link":"https:\/\/adequat.eu\/fr\/product\/clotures\/post-et-rail\/piquet-dextremite-en-robinier-2-niveaux-rond\/","title":{"rendered":"Piquet d&rsquo;extr\u00e9mit\u00e9 en robinier 2 niveaux &#8211; rond"},"content":{"rendered":"<h2 data-start=\"53\" data-end=\"106\">Piquet d&rsquo;extr\u00e9mit\u00e9 en robinier 2 niveaux &#8211; rond<\/h2>\n<p data-start=\"108\" data-end=\"363\">Le piquet d&rsquo;extr\u00e9mit\u00e9 en robinier 2 niveaux &#8211; rond est un piquet bois de robinier d\u2019environ 200 cm de long. Lors de l\u2019installation, 80 cm sont enterr\u00e9s, laissant une hauteur effective de 120 cm. Tr\u00e8s durable, le robinier ne n\u00e9cessite aucun entretien.<\/p>\n<p data-start=\"365\" data-end=\"716\">Ce piquet fait partie de notre gamme de cl\u00f4tures <strong data-start=\"414\" data-end=\"429\">Post &amp; Rail<\/strong>. Il permet d\u2019arrondir \u00e9l\u00e9gamment une cl\u00f4ture, par exemple pour la prolonger jusqu\u2019\u00e0 un mur. Les trous sont semi-perc\u00e9s et l\u2019extr\u00e9mit\u00e9 des poutres rails est soigneusement dissimul\u00e9e dans le montant, assurant une finition nette. Ce type de cl\u00f4ture est souvent utilis\u00e9 pour d\u00e9limiter des pr\u00e9s.<\/p>\n<p data-start=\"718\" data-end=\"1135\">Ce piquet est \u00e9galement disponible en <strong data-start=\"756\" data-end=\"788\">ch\u00e2taignier 2 niveaux &#8211; rond<\/strong>. Bien que le robinier soit l\u00e9g\u00e8rement plus durable que le ch\u00e2taignier, il pr\u00e9sente une forme plus irr\u00e9guli\u00e8re. De plus, son \u00e9corce peut \u00eatre dangereuse pour les chevaux. Les avis divergent \u00e0 ce sujet, mais si vous pr\u00e9voyez d\u2019utiliser une cl\u00f4ture <strong data-start=\"1035\" data-end=\"1050\">Post &amp; Rail<\/strong> pour des chevaux, nous vous recommandons vivement d\u2019opter pour le <strong data-start=\"1117\" data-end=\"1132\">ch\u00e2taignier<\/strong>.<\/p>\n<p data-start=\"1137\" data-end=\"1328\">Besoin d\u2019aide pour calculer le nombre de poteaux n\u00e9cessaires ? Utilisez sans engagement notre <a href=\"https:\/\/adequat.eu\/fr\/assemblez-votre-cloture\/\"><strong data-start=\"1231\" data-end=\"1255\">calculateur pratique<\/strong><\/a> pour obtenir une estimation pr\u00e9cise pour votre projet.<\/p>\n","protected":false},"excerpt":{"rendered":"<p>Piquet d&rsquo;extr\u00e9mit\u00e9 en robinier 2 niveaux &#8211; rond Le piquet d&rsquo;extr\u00e9mit\u00e9 en robinier 2 niveaux &#8211; rond est un piquet bois de robinier d\u2019environ 200&#8230;<\/p>\n","protected":false},"featured_media":17773,"comment_status":"closed","ping_status":"closed","template":"","meta":{"_acf_changed":false,"inline_featured_image":false,"_trash_the_other_posts":false,"ep_exclude_from_search":false,"iawp_total_views":5,"editor_notices":[]},"product_brand":[],"product_cat":[85,551,78,540],"product_tag":[],"class_list":{"0":"post-17750","1":"product","2":"type-product","3":"status-publish","4":"has-post-thumbnail","6":"product_cat-post-et-rail","7":"product_cat-cloture-post-et-rail-robinier","8":"product_cat-clotures","9":"product_cat-clotures-pour-animaux","11":"first","12":"instock","13":"shipping-taxable","14":"purchasable","15":"product-type-simple"},"composite_virtual":false,"composite_layout":"","composite_add_to_cart_form_location":"","composite_editable_in_cart":false,"composite_sold_individually_context":"","composite_shop_price_calc":"","composite_components":[],"composite_scenarios":[],"acf":[],"_links":{"self":[{"href":"https:\/\/adequat.eu\/fr\/wp-json\/wp\/v2\/product\/17750","targetHints":{"allow":["GET"]}}],"collection":[{"href":"https:\/\/adequat.eu\/fr\/wp-json\/wp\/v2\/product"}],"about":[{"href":"https:\/\/adequat.eu\/fr\/wp-json\/wp\/v2\/types\/product"}],"replies":[{"embeddable":true,"href":"https:\/\/adequat.eu\/fr\/wp-json\/wp\/v2\/comments?post=17750"}],"wp:featuredmedia":[{"embeddable":true,"href":"https:\/\/adequat.eu\/fr\/wp-json\/wp\/v2\/media\/17773"}],"wp:attachment":[{"href":"https:\/\/adequat.eu\/fr\/wp-json\/wp\/v2\/media?parent=17750"}],"wp:term":[{"taxonomy":"product_brand","embeddable":true,"href":"https:\/\/adequat.eu\/fr\/wp-json\/wp\/v2\/product_brand?post=17750"},{"taxonomy":"product_cat","embeddable":true,"href":"https:\/\/adequat.eu\/fr\/wp-json\/wp\/v2\/product_cat?post=17750"},{"taxonomy":"product_tag","embeddable":true,"href":"https:\/\/adequat.eu\/fr\/wp-json\/wp\/v2\/product_tag?post=17750"}],"curies":[{"name":"wp","href":"https:\/\/api.w.org\/{rel}","templated":true}]}}