{"id":17782,"date":"2025-03-18T17:48:41","date_gmt":"2025-03-18T16:48:41","guid":{"rendered":"https:\/\/adequat.eu\/fr\/?post_type=product&#038;p=17782"},"modified":"2026-01-23T15:27:30","modified_gmt":"2026-01-23T14:27:30","slug":"piquets-carres-en-chataignier-aux-aretes-arrondies","status":"publish","type":"product","link":"https:\/\/adequat.eu\/fr\/product\/piquets\/piquets-en-chataignier\/piquets-carres-en-chataignier-aux-aretes-arrondies\/","title":{"rendered":"Piquets carr\u00e9s en ch\u00e2taignier aux ar\u00eates arrondies \u00d8 10 cm"},"content":{"rendered":"<h2 data-start=\"52\" data-end=\"108\">Piquets carr\u00e9s en ch\u00e2taignier aux ar\u00eates arrondies<\/h2>\n<p data-start=\"136\" data-end=\"401\">Ces piquets carr\u00e9s en ch\u00e2taignier aux ar\u00eates arrondies mesurent 10 cm de diam\u00e8tre (mesur\u00e9 en diagonale). Pour la pose d\u2019une cl\u00f4ture, leur largeur utile est de 9 cm, c\u2019est donc l\u2019espace exact qu\u2019ils occupent entre deux \u00e9crans de jardin.<\/p>\n<p data-start=\"403\" data-end=\"811\">Ils sont id\u00e9aux pour fixer nos \u00e9crans de jardin brise-vue tr\u00e9sses : gr\u00e2ce \u00e0 leurs c\u00f4t\u00e9s plats, les panneaux se vissent facilement et restent bien en place. Avec leur diam\u00e8tre de 10 cm et leurs diff\u00e9rentes longueurs (180, 220 et 270 cm) ces piquets conviennent parfaitement aux \u00e9crans de grande taille. Mais ils s\u2019adaptent tout aussi bien \u00e0 d\u2019autres types de panneaux. Leur c\u00f4t\u00e9 plat offre un maintien plus s\u00fbr qu\u2019un poteau rond.<\/p>\n<p data-start=\"813\" data-end=\"914\">Vous pr\u00e9f\u00e9rez des piquets ronds ? Pas de souci, nous en avons aussi !<\/p>\n<p data-start=\"813\" data-end=\"914\">\n","protected":false},"excerpt":{"rendered":"<p>Piquets carr\u00e9s en ch\u00e2taignier aux ar\u00eates arrondies Ces piquets carr\u00e9s en ch\u00e2taignier aux ar\u00eates arrondies mesurent 10 cm de diam\u00e8tre (mesur\u00e9 en diagonale). Pour la&#8230;<\/p>\n","protected":false},"featured_media":17818,"comment_status":"closed","ping_status":"closed","template":"","meta":{"_acf_changed":false,"inline_featured_image":false,"_trash_the_other_posts":false,"ep_exclude_from_search":false,"iawp_total_views":133,"editor_notices":[]},"product_brand":[],"product_cat":[112,111],"product_tag":[],"class_list":{"0":"post-17782","1":"product","2":"type-product","3":"status-publish","4":"has-post-thumbnail","6":"product_cat-piquets-en-chataignier","7":"product_cat-piquets","9":"first","10":"instock","11":"shipping-taxable","12":"purchasable","13":"product-type-variable","14":"has-default-attributes"},"composite_virtual":false,"composite_layout":"","composite_add_to_cart_form_location":"","composite_editable_in_cart":false,"composite_sold_individually_context":"","composite_shop_price_calc":"","composite_components":[],"composite_scenarios":[],"acf":[],"_links":{"self":[{"href":"https:\/\/adequat.eu\/fr\/wp-json\/wp\/v2\/product\/17782","targetHints":{"allow":["GET"]}}],"collection":[{"href":"https:\/\/adequat.eu\/fr\/wp-json\/wp\/v2\/product"}],"about":[{"href":"https:\/\/adequat.eu\/fr\/wp-json\/wp\/v2\/types\/product"}],"replies":[{"embeddable":true,"href":"https:\/\/adequat.eu\/fr\/wp-json\/wp\/v2\/comments?post=17782"}],"wp:featuredmedia":[{"embeddable":true,"href":"https:\/\/adequat.eu\/fr\/wp-json\/wp\/v2\/media\/17818"}],"wp:attachment":[{"href":"https:\/\/adequat.eu\/fr\/wp-json\/wp\/v2\/media?parent=17782"}],"wp:term":[{"taxonomy":"product_brand","embeddable":true,"href":"https:\/\/adequat.eu\/fr\/wp-json\/wp\/v2\/product_brand?post=17782"},{"taxonomy":"product_cat","embeddable":true,"href":"https:\/\/adequat.eu\/fr\/wp-json\/wp\/v2\/product_cat?post=17782"},{"taxonomy":"product_tag","embeddable":true,"href":"https:\/\/adequat.eu\/fr\/wp-json\/wp\/v2\/product_tag?post=17782"}],"curies":[{"name":"wp","href":"https:\/\/api.w.org\/{rel}","templated":true}]}}