{"id":17791,"date":"2025-03-18T17:19:54","date_gmt":"2025-03-18T16:19:54","guid":{"rendered":"https:\/\/adequat.eu\/fr\/?post_type=product&#038;p=17791"},"modified":"2026-03-17T00:20:39","modified_gmt":"2026-03-16T23:20:39","slug":"ganivelle-rondins-100-cm-hauteur","status":"publish","type":"product","link":"https:\/\/adequat.eu\/fr\/product\/ecrans\/ganivelle-rondins\/ganivelle-rondins-100-cm-hauteur\/","title":{"rendered":"Ganivelle rondins 100 cm hauteur"},"content":{"rendered":"<h2 data-start=\"0\" data-end=\"83\">Ganivelle rondins 100 cm de hauteur, espacement lattes de 2 cm, rouleau de 5 m\u00e8tres<\/h2>\n<p data-start=\"85\" data-end=\"361\">\u00c9galement connu sous le nom de cl\u00f4ture ganivelle, cette cl\u00f4ture \u00e0 lattes en ch\u00e2taignier est compos\u00e9 d&rsquo;\u00e9chalas semi-ronds reli\u00e9s entre eux par un fil de fer galvanis\u00e9 de haute qualit\u00e9. L&rsquo;espacement entre les lattes est de 2 cm, garantissant une structure robuste et esth\u00e9tique.<\/p>\n<p data-start=\"363\" data-end=\"685\">Cet \u00e9cran \u00e0 lattes est id\u00e9al pour d\u00e9limiter un espace qui n\u2019est pas parfaitement droit ou uniforme. Il est vendu en rouleaux de 5 m\u00e8tres et peut \u00eatre fix\u00e9 sur des poteaux \u00e0 l\u2019aide de vis inoxydables. Nous recommandons l\u2019utilisation de piquets en ch\u00e2taignier \u00d8 7\/9 pour une installation solide et durable.<\/p>\n<h2 data-start=\"687\" data-end=\"722\">Ganivelle durable<\/h2>\n<p data-start=\"724\" data-end=\"980\">Le ch\u00e2taignier est une essence de bois naturellement durable (classe de durabilit\u00e9 2). Gr\u00e2ce \u00e0 sa teneur en tanins, cette cl\u00f4ture ne n\u00e9cessite aucun entretien. Non trait\u00e9, le bois prendra progressivement une teinte gris\u00e9e naturelle avec le temps.<\/p>\n<p data-start=\"982\" data-end=\"1240\" data-is-last-node=\"\" data-is-only-node=\"\">Gr\u00e2ce \u00e0 ses lattes semi-rondes soigneusement finies et uniformes, cette ganivelle de 100 cm de hauteur offre un aspect plus \u00e9l\u00e9gant et raffin\u00e9 que la cl\u00f4ture plus rustique de type ganivelle fran\u00e7aise, qui est compos\u00e9e de lattes fendues en quartiers.<\/p>\n","protected":false},"excerpt":{"rendered":"<p>Ganivelle rondins 100 cm de hauteur, espacement lattes de 2 cm, rouleau de 5 m\u00e8tres \u00c9galement connu sous le nom de cl\u00f4ture ganivelle, cette cl\u00f4ture&#8230;<\/p>\n","protected":false},"featured_media":17797,"comment_status":"closed","ping_status":"closed","template":"","meta":{"_acf_changed":false,"inline_featured_image":false,"_trash_the_other_posts":false,"ep_exclude_from_search":false,"iawp_total_views":48,"editor_notices":[]},"product_brand":[],"product_cat":[494,554,544,545,540,453],"product_tag":[],"class_list":{"0":"post-17791","1":"product","2":"type-product","3":"status-publish","4":"has-post-thumbnail","6":"product_cat-ganivelle-rondins","7":"product_cat-cloture-hauteur-100-cm","8":"product_cat-cloture-pour-poules","9":"product_cat-cloture-pour-volailles","10":"product_cat-clotures-pour-animaux","11":"product_cat-ecrans","13":"first","14":"instock","15":"shipping-taxable","16":"purchasable","17":"product-type-simple"},"composite_virtual":false,"composite_layout":"","composite_add_to_cart_form_location":"","composite_editable_in_cart":false,"composite_sold_individually_context":"","composite_shop_price_calc":"","composite_components":[],"composite_scenarios":[],"acf":[],"_links":{"self":[{"href":"https:\/\/adequat.eu\/fr\/wp-json\/wp\/v2\/product\/17791","targetHints":{"allow":["GET"]}}],"collection":[{"href":"https:\/\/adequat.eu\/fr\/wp-json\/wp\/v2\/product"}],"about":[{"href":"https:\/\/adequat.eu\/fr\/wp-json\/wp\/v2\/types\/product"}],"replies":[{"embeddable":true,"href":"https:\/\/adequat.eu\/fr\/wp-json\/wp\/v2\/comments?post=17791"}],"wp:featuredmedia":[{"embeddable":true,"href":"https:\/\/adequat.eu\/fr\/wp-json\/wp\/v2\/media\/17797"}],"wp:attachment":[{"href":"https:\/\/adequat.eu\/fr\/wp-json\/wp\/v2\/media?parent=17791"}],"wp:term":[{"taxonomy":"product_brand","embeddable":true,"href":"https:\/\/adequat.eu\/fr\/wp-json\/wp\/v2\/product_brand?post=17791"},{"taxonomy":"product_cat","embeddable":true,"href":"https:\/\/adequat.eu\/fr\/wp-json\/wp\/v2\/product_cat?post=17791"},{"taxonomy":"product_tag","embeddable":true,"href":"https:\/\/adequat.eu\/fr\/wp-json\/wp\/v2\/product_tag?post=17791"}],"curies":[{"name":"wp","href":"https:\/\/api.w.org\/{rel}","templated":true}]}}