{"id":17825,"date":"2025-03-18T18:06:43","date_gmt":"2025-03-18T17:06:43","guid":{"rendered":"https:\/\/adequat.eu\/fr\/?post_type=product&#038;p=17825"},"modified":"2025-04-10T12:15:33","modified_gmt":"2025-04-10T10:15:33","slug":"ecran-en-chataignier-100-cm-hauteur","status":"publish","type":"product","link":"https:\/\/adequat.eu\/fr\/product\/ecrans\/ecrans-en-chataignier\/ecran-en-chataignier-100-cm-hauteur\/","title":{"rendered":"\u00c9cran en ch\u00e2taignier 100 cm hauteur"},"content":{"rendered":"<h2 data-start=\"91\" data-end=\"131\">Panneau jointif en ch\u00e2taignier<\/h2>\n<p data-start=\"133\" data-end=\"523\">L\u2019\u00e9cran en ch\u00e2taignier <strong data-start=\"156\" data-end=\"183\">1,90 m (L) x 1,00 m (H)<\/strong> est la solution id\u00e9ale si vous recherchez une occultation totale ! Ce magnifique panneau jointif dress\u00e9 permet de cr\u00e9er une cl\u00f4ture enti\u00e8rement opaque. Son aspect naturel et son absence d\u2019entretien en font un choix privil\u00e9gi\u00e9 pour les jardins et les parcs, aussi bien comme brise-vent que pour la pr\u00e9vention de l\u2019\u00e9rosion.<\/p>\n<h3 data-start=\"525\" data-end=\"573\">Installation de l&rsquo;\u00e9cran en ch\u00e2taignier<\/h3>\n<p data-start=\"575\" data-end=\"846\">L\u2019\u00e9cran en ch\u00e2taignier est pr\u00eat \u00e0 poser. Il suffit de fixer deux piquets en ch\u00e2taignier \u00d8 10\/12 par \u00e9cran et d\u2019attacher les panneaux avec des vis inoxydables. Pour une fixation optimale, nous recommandons des vis en inox de 6 x 120 mm ou 6 x 140 mm.<\/p>\n","protected":false},"excerpt":{"rendered":"<p>Panneau jointif en ch\u00e2taignier L\u2019\u00e9cran en ch\u00e2taignier 1,90 m (L) x 1,00 m (H) est la solution id\u00e9ale si vous recherchez une occultation totale !&#8230;<\/p>\n","protected":false},"featured_media":17832,"comment_status":"closed","ping_status":"closed","template":"","meta":{"_acf_changed":false,"inline_featured_image":false,"_trash_the_other_posts":false,"ep_exclude_from_search":false,"iawp_total_views":45,"editor_notices":[]},"product_brand":[],"product_cat":[495,453],"product_tag":[],"class_list":{"0":"post-17825","1":"product","2":"type-product","3":"status-publish","4":"has-post-thumbnail","6":"product_cat-ecrans-en-chataignier","7":"product_cat-ecrans","9":"first","10":"instock","11":"shipping-taxable","12":"purchasable","13":"product-type-simple"},"composite_virtual":false,"composite_layout":"","composite_add_to_cart_form_location":"","composite_editable_in_cart":false,"composite_sold_individually_context":"","composite_shop_price_calc":"","composite_components":[],"composite_scenarios":[],"acf":[],"_links":{"self":[{"href":"https:\/\/adequat.eu\/fr\/wp-json\/wp\/v2\/product\/17825","targetHints":{"allow":["GET"]}}],"collection":[{"href":"https:\/\/adequat.eu\/fr\/wp-json\/wp\/v2\/product"}],"about":[{"href":"https:\/\/adequat.eu\/fr\/wp-json\/wp\/v2\/types\/product"}],"replies":[{"embeddable":true,"href":"https:\/\/adequat.eu\/fr\/wp-json\/wp\/v2\/comments?post=17825"}],"wp:featuredmedia":[{"embeddable":true,"href":"https:\/\/adequat.eu\/fr\/wp-json\/wp\/v2\/media\/17832"}],"wp:attachment":[{"href":"https:\/\/adequat.eu\/fr\/wp-json\/wp\/v2\/media?parent=17825"}],"wp:term":[{"taxonomy":"product_brand","embeddable":true,"href":"https:\/\/adequat.eu\/fr\/wp-json\/wp\/v2\/product_brand?post=17825"},{"taxonomy":"product_cat","embeddable":true,"href":"https:\/\/adequat.eu\/fr\/wp-json\/wp\/v2\/product_cat?post=17825"},{"taxonomy":"product_tag","embeddable":true,"href":"https:\/\/adequat.eu\/fr\/wp-json\/wp\/v2\/product_tag?post=17825"}],"curies":[{"name":"wp","href":"https:\/\/api.w.org\/{rel}","templated":true}]}}