{"id":17895,"date":"2026-03-31T18:43:04","date_gmt":"2026-03-31T16:43:04","guid":{"rendered":"https:\/\/adequat.eu\/fr\/?post_type=product&#038;p=17895"},"modified":"2026-03-31T18:54:17","modified_gmt":"2026-03-31T16:54:17","slug":"eindpost-kastanje-1-niveau-rond","status":"publish","type":"product","link":"https:\/\/adequat.eu\/fr\/product\/clotures\/post-et-rail\/piquet-dextremite-en-chataignier-1-niveau-rond\/","title":{"rendered":"Piquet d&rsquo;extr\u00e9mit\u00e9 en ch\u00e2taignier 1 niveau rond"},"content":{"rendered":"<p>Le <strong>piquet d&rsquo;extr\u00e9mit\u00e9 en ch\u00e2taignier 1 niveau rond<\/strong> est un piquet d&rsquo;extr\u00e9mit\u00e9 rond en bois de ch\u00e2taignier d&rsquo;une longueur d&rsquo;environ 120 centim\u00e8tres. Lors de la pose, 40 \u00e0 50 centim\u00e8tres sont enfonc\u00e9s dans le sol, ce qui donne une longueur utile de soixante-dix ou quatre-vingts centim\u00e8tres.<\/p>\n<p>Le bois de ch\u00e2taignier est une essence durable et ne n\u00e9cessite aucun entretien. Ce piquet d&rsquo;extr\u00e9mit\u00e9 en ch\u00e2taignier fait partie de notre syst\u00e8me de cl\u00f4ture Post &amp; Rail. Ce type de cl\u00f4ture est fr\u00e9quemment utilis\u00e9 comme d\u00e9limitation de massifs, par exemple pour indiquer des zones pi\u00e9tonnes ou comme support de stationnement pour v\u00e9los.<\/p>\n<p>Avec ce piquet<strong> d&rsquo;extr\u00e9mit\u00e9 en ch\u00e2taignier 1 niveau rond<\/strong>, vous finissez \u00e9l\u00e9gamment votre cl\u00f4ture Post &amp; Rail \u00e0 son extr\u00e9mit\u00e9.<\/p>\n<h2>De combien de piquets ai-je besoin ?<\/h2>\n<p>Si vous souhaitez calculer le nombre de poteaux n\u00e9cessaires, remplissez sans engagement notre pratique <a href=\"https:\/\/adequat.eu\/fr\/assemblez-votre-cloture\/post-rail\/\"><strong>outil de calcul<\/strong><\/a>. Celui-ci calcule pr\u00e9cis\u00e9ment ce dont vous avez besoin dans votre situation, ou demandez un <a href=\"https:\/\/adequat.eu\/fr\/service-et-contact\/\"><strong>devis<\/strong><\/a>.<\/p>\n<p>&nbsp;<\/p>\n","protected":false},"excerpt":{"rendered":"<p>Le piquet d&rsquo;extr\u00e9mit\u00e9 en ch\u00e2taignier 1 niveau rond est un piquet d&rsquo;extr\u00e9mit\u00e9 rond en bois de ch\u00e2taignier d&rsquo;une longueur d&rsquo;environ 120 centim\u00e8tres. Lors de la&#8230;<\/p>\n","protected":false},"featured_media":19497,"comment_status":"closed","ping_status":"closed","template":"","meta":{"_acf_changed":false,"inline_featured_image":false,"_trash_the_other_posts":false,"ep_exclude_from_search":false,"iawp_total_views":1,"editor_notices":[]},"product_brand":[],"product_cat":[85,550,78],"product_tag":[],"class_list":{"0":"post-17895","1":"product","2":"type-product","3":"status-publish","4":"has-post-thumbnail","6":"product_cat-post-et-rail","7":"product_cat-cloture-post-et-rail-chataignier","8":"product_cat-clotures","10":"first","11":"instock","12":"shipping-taxable","13":"purchasable","14":"product-type-simple"},"composite_virtual":false,"composite_layout":"","composite_add_to_cart_form_location":"","composite_editable_in_cart":false,"composite_sold_individually_context":"","composite_shop_price_calc":"","composite_components":[],"composite_scenarios":[],"acf":[],"_links":{"self":[{"href":"https:\/\/adequat.eu\/fr\/wp-json\/wp\/v2\/product\/17895","targetHints":{"allow":["GET"]}}],"collection":[{"href":"https:\/\/adequat.eu\/fr\/wp-json\/wp\/v2\/product"}],"about":[{"href":"https:\/\/adequat.eu\/fr\/wp-json\/wp\/v2\/types\/product"}],"replies":[{"embeddable":true,"href":"https:\/\/adequat.eu\/fr\/wp-json\/wp\/v2\/comments?post=17895"}],"wp:featuredmedia":[{"embeddable":true,"href":"https:\/\/adequat.eu\/fr\/wp-json\/wp\/v2\/media\/19497"}],"wp:attachment":[{"href":"https:\/\/adequat.eu\/fr\/wp-json\/wp\/v2\/media?parent=17895"}],"wp:term":[{"taxonomy":"product_brand","embeddable":true,"href":"https:\/\/adequat.eu\/fr\/wp-json\/wp\/v2\/product_brand?post=17895"},{"taxonomy":"product_cat","embeddable":true,"href":"https:\/\/adequat.eu\/fr\/wp-json\/wp\/v2\/product_cat?post=17895"},{"taxonomy":"product_tag","embeddable":true,"href":"https:\/\/adequat.eu\/fr\/wp-json\/wp\/v2\/product_tag?post=17895"}],"curies":[{"name":"wp","href":"https:\/\/api.w.org\/{rel}","templated":true}]}}