{"id":18049,"date":"2025-04-24T10:46:32","date_gmt":"2025-04-24T08:46:32","guid":{"rendered":"https:\/\/adequat.eu\/fr\/?post_type=product&#038;p=18049"},"modified":"2025-10-23T16:08:42","modified_gmt":"2025-10-23T14:08:42","slug":"portail-francais-rondins-de-luxe-chataignier-simple-150-cm-hauteur","status":"publish","type":"product","link":"https:\/\/adequat.eu\/fr\/product\/portails\/portail-francais-rondins-de-luxe-chataignier-simple-150-cm-hauteur\/","title":{"rendered":"Portail fran\u00e7ais rondins de luxe ch\u00e2taignier simple 150 cm hauteur"},"content":{"rendered":"<h3><span style=\"font-weight: 400\">Un portail \u00e9l\u00e9gant et robuste<\/span><\/h3>\n<p><b><br \/>\n<\/b> <span style=\"font-weight: 400\">Le portail ganivelle de luxe de 150 cm de hauteur s\u2019harmonise parfaitement avec une cl\u00f4ture ganivelle ou une haie v\u00e9g\u00e9tale d\u2019au moins 150 cm de haut. Sa solidit\u00e9 et son syst\u00e8me de verrouillage assurent une fermeture fiable et s\u00e9curis\u00e9e de votre jardin.<\/span><\/p>\n<p><span style=\"font-weight: 400\">Les poteaux du portail sont fabriqu\u00e9s en bois de ch\u00e2taignier avec un diam\u00e8tre de 10 \u00e0 12 cm, tandis que les traverses horizontales et la jambe de force sont en ch\u00e2taignier d\u2019un diam\u00e8tre de 7 \u00e0 9 cm.<\/span><\/p>\n<p><b>Qu\u2019est-ce qui distingue le portail ganivelle de luxe du portail ganivelle standard ?<\/b><\/p>\n<ul>\n<li style=\"font-weight: 400\"><span style=\"font-weight: 400\">Syst\u00e8me de fermeture s\u00e9curis\u00e9 : le portail de luxe est \u00e9quip\u00e9 d\u2019une poign\u00e9e et peut \u00eatre verrouill\u00e9. Son design ing\u00e9nieux garantit une fermeture fluide, peu affect\u00e9e par les variations du bois. Si n\u00e9cessaire, les gonds r\u00e9glables permettent d\u2019ajuster facilement le m\u00e9canisme.<\/span><\/li>\n<li style=\"font-weight: 400\"><span style=\"font-weight: 400\">Solidit\u00e9 du bois : les poteaux verticaux ont un diam\u00e8tre de 10 \u00e0 12 cm, tandis que les traverses horizontales et la jambe de force (le poteau inclin\u00e9 en diagonal) ont un diam\u00e8tre de 7 \u00e0 9 cm, garantissant une structure tr\u00e8s robuste. En comparaison, un portail standard utilise des poteaux de 8 \u00e0 10 cm et des traverses de 4 \u00e0 6 cm.<\/span><\/li>\n<li style=\"font-weight: 400\"><span style=\"font-weight: 400\">Connexions renforc\u00e9es : les assemblages sont renforc\u00e9s pour assurer la stabilit\u00e9 du portail.<\/span><\/li>\n<li style=\"font-weight: 400\"><span style=\"font-weight: 400\">Poteaux usin\u00e9s : les poteaux sont aplatis des deux c\u00f4t\u00e9s pour une connexion plus solide.<\/span><\/li>\n<li style=\"font-weight: 400\"><span style=\"font-weight: 400\">Assemblage robuste : les assemblages \u00e0 tenon et mortaise sont coll\u00e9s et viss\u00e9s avec des vis inoxydables de haute qualit\u00e9.<\/span><\/li>\n<\/ul>\n<h3><span style=\"font-weight: 400\">Poteaux et ferrures de fixation<\/span><\/h3>\n<p><span style=\"font-weight: 400\">Le portail est livr\u00e9 sans poteaux de fixation. Nous recommandons des poutres rustiques en ch\u00e2taignier sci\u00e9 de 16 x 16 cm. Voyez ci-dessous les longueurs requises en fonction de la hauteur du portail choisi:<\/span><\/p>\n<ul>\n<li style=\"font-weight: 400\"><span style=\"font-weight: 400\">80 cm, 100 cm, 120 cm :\u00a0 poteaux de 200 cm<\/span><\/li>\n<li style=\"font-weight: 400\"><span style=\"font-weight: 400\">150 cm : poteaux de 250 cm<\/span><\/li>\n<li style=\"font-weight: 400\"><span style=\"font-weight: 400\">175 cm, 200 cm : poteaux de 300 cm<\/span><\/li>\n<\/ul>\n<p><span style=\"font-weight: 400\">Ce portail de luxe est \u00e9quip\u00e9 de ferrures galvanis\u00e9es robustes. Les charni\u00e8res sont fix\u00e9es avec des boulons en acier inoxydable (RVS), et les gonds sont r\u00e9glables. La serrure Locinox, en acier inoxydable, est de tr\u00e8s haute qualit\u00e9 et est sp\u00e9cialement con\u00e7ue pour les portails en bois. Attention : le cylindre de la serrure n\u2019est pas inclus, vous permettant ainsi de l\u2019assortir avec votre porte d\u2019entr\u00e9e ou de votre abri de jardin.<\/span><\/p>\n<h3><span style=\"font-weight: 400\">Sens d\u2019ouverture du portail<\/span><\/h3>\n<p><span style=\"font-weight: 400\">Pour d\u00e9terminer le sens d\u2019ouverture, nous consid\u00e9rons la face avant du portail comme \u00e9tant celle o\u00f9 les lattes sont fix\u00e9es (les charni\u00e8res \u00e9tant \u00e0 l\u2019arri\u00e8re). En regardant cette face :<\/span><\/p>\n<ul>\n<li style=\"font-weight: 400\"><span style=\"font-weight: 400\">Par d\u00e9faut, les charni\u00e8res sont \u00e0 droite, et le portail s\u2019ouvre vers la droite.<\/span><\/li>\n<li style=\"font-weight: 400\"><span style=\"font-weight: 400\">Il est possible de commander une version qui s\u2019ouvre vers la gauche, mais cela doit \u00eatre pr\u00e9cis\u00e9 lors de la commande.<\/span><\/li>\n<\/ul>\n<p><span style=\"font-weight: 400\">Calcul des dimensions pour l\u2019installation<\/span><\/p>\n<p><span style=\"font-weight: 400\">Lors de l\u2019installation, n\u2019oubliez pas de tenir compte de l\u2019espace n\u00e9cessaire pour les poteaux de fixation et l\u2019\u00e9cart entre eux :<\/span><\/p>\n<ul>\n<li style=\"font-weight: 400\"><span style=\"font-weight: 400\">Portail simple : largeur du portail + 36 cm (soit 2 x 16 cm pour les poteaux + 2 x 2 cm d\u2019espace).<\/span><\/li>\n<li style=\"font-weight: 400\"><span style=\"font-weight: 400\">Portail double : largeur totale + 38 cm (soit 2 x 16 cm pour les poteaux + 3 x 2 cm d\u2019espace).<\/span><\/li>\n<\/ul>\n<h3><span style=\"font-weight: 400\">Portail ganivelle de luxe double<\/span><\/h3>\n<p><span style=\"font-weight: 400\">Ce portail est \u00e9galement disponible en version double pour une ouverture plus large. Veillez \u00e0 bien mesurer l\u2019espace n\u00e9cessaire avant l\u2019installation.<\/span><\/p>\n<p><span style=\"font-weight: 400\">Besoin de conseils ou d\u2019une personnalisation sp\u00e9cifique ? Contactez-nous !<\/span><\/p>\n","protected":false},"excerpt":{"rendered":"<p>Un portail \u00e9l\u00e9gant et robuste Le portail ganivelle de luxe de 150 cm de hauteur s\u2019harmonise parfaitement avec une cl\u00f4ture ganivelle ou une haie v\u00e9g\u00e9tale&#8230;<\/p>\n","protected":false},"featured_media":17913,"comment_status":"closed","ping_status":"closed","template":"","meta":{"_acf_changed":false,"inline_featured_image":false,"_trash_the_other_posts":false,"ep_exclude_from_search":false,"iawp_total_views":74,"editor_notices":[]},"product_brand":[],"product_cat":[86,521,420,209,412,429,431,434,428,421],"product_tag":[],"class_list":{"0":"post-18049","1":"product","2":"type-product","3":"status-publish","4":"has-post-thumbnail","6":"product_cat-portails","7":"product_cat-luxe","8":"product_cat-serrure","9":"product_cat-chataignier","10":"product_cat-ganivelle","11":"product_cat-100-cm","12":"product_cat-120-cm","13":"product_cat-150-cm","14":"product_cat-80-cm","15":"product_cat-simple","17":"first","18":"instock","19":"shipping-taxable","20":"purchasable","21":"product-type-composite"},"composite_virtual":false,"composite_layout":"single","composite_add_to_cart_form_location":"default","composite_editable_in_cart":false,"composite_sold_individually_context":"product","composite_shop_price_calc":"defaults","composite_components":[{"id":"1745490223","title":"Battant","description":"","query_type":"product_ids","query_ids":[18044],"default_option_id":18044,"thumbnail_id":"","thumbnail_src":"","quantity_min":1,"quantity_max":1,"priced_individually":true,"shipped_individually":false,"optional":false,"discount":"","options_style":"dropdowns","pagination_style":"classic","display_prices":"absolute","show_sorting_options":false,"show_filtering_options":false,"attribute_filter_ids":[],"select_action":"view","product_title_visible":false,"product_descr_visible":false,"product_price_visible":true,"product_thumb_visible":false,"subtotal_visible_product":false,"subtotal_visible_cart":false,"subtotal_visible_orders":false},{"id":"1745490224","title":" Poteaux ch\u00e2taignier","description":"","query_type":"product_ids","query_ids":[18025],"default_option_id":"","thumbnail_id":"","thumbnail_src":"","quantity_min":2,"quantity_max":2,"priced_individually":true,"shipped_individually":false,"optional":true,"discount":"","options_style":"radios","pagination_style":"classic","display_prices":"absolute","show_sorting_options":false,"show_filtering_options":false,"attribute_filter_ids":[],"select_action":"view","product_title_visible":false,"product_descr_visible":false,"product_price_visible":true,"product_thumb_visible":false,"subtotal_visible_product":false,"subtotal_visible_cart":false,"subtotal_visible_orders":false}],"composite_scenarios":[],"acf":[],"_links":{"self":[{"href":"https:\/\/adequat.eu\/fr\/wp-json\/wp\/v2\/product\/18049","targetHints":{"allow":["GET"]}}],"collection":[{"href":"https:\/\/adequat.eu\/fr\/wp-json\/wp\/v2\/product"}],"about":[{"href":"https:\/\/adequat.eu\/fr\/wp-json\/wp\/v2\/types\/product"}],"replies":[{"embeddable":true,"href":"https:\/\/adequat.eu\/fr\/wp-json\/wp\/v2\/comments?post=18049"}],"wp:featuredmedia":[{"embeddable":true,"href":"https:\/\/adequat.eu\/fr\/wp-json\/wp\/v2\/media\/17913"}],"wp:attachment":[{"href":"https:\/\/adequat.eu\/fr\/wp-json\/wp\/v2\/media?parent=18049"}],"wp:term":[{"taxonomy":"product_brand","embeddable":true,"href":"https:\/\/adequat.eu\/fr\/wp-json\/wp\/v2\/product_brand?post=18049"},{"taxonomy":"product_cat","embeddable":true,"href":"https:\/\/adequat.eu\/fr\/wp-json\/wp\/v2\/product_cat?post=18049"},{"taxonomy":"product_tag","embeddable":true,"href":"https:\/\/adequat.eu\/fr\/wp-json\/wp\/v2\/product_tag?post=18049"}],"curies":[{"name":"wp","href":"https:\/\/api.w.org\/{rel}","templated":true}]}}