{"id":18114,"date":"2025-05-15T11:40:40","date_gmt":"2025-05-15T09:40:40","guid":{"rendered":"https:\/\/adequat.eu\/fr\/?post_type=product&#038;p=18114"},"modified":"2026-02-27T13:34:01","modified_gmt":"2026-02-27T12:34:01","slug":"borne-lumineuse-ronde-billy-robinier","status":"publish","type":"product","link":"https:\/\/adequat.eu\/fr\/product\/eclairage\/borne-lumineuse-ronde-billy-robinier\/","title":{"rendered":"Borne lumineuse ronde Billy robinier"},"content":{"rendered":"<h2 data-start=\"207\" data-end=\"328\">Un \u00e9clairage naturel et chaleureux pour votre jardin et vos all\u00e9es<\/h2>\n<p class=\"\" data-start=\"330\" data-end=\"564\"><strong data-start=\"104\" data-end=\"205\">Vous recherchez une borne lumineuse qui soit aussi belle de jour que de nuit ? Ne cherchez plus ! <\/strong>Le design sobre et naturel de notre borne Billy cr\u00e9e une ambiance chaleureuse dans n\u2019importe quel jardin. Cette lampe est fabriqu\u00e9e \u00e0 partir d\u2019un poteau en bois de robinier, soigneusement \u00e9corc\u00e9 et ponc\u00e9. Le r\u00e9sultat : une apparence \u00e0 la fois ludique et \u00e9l\u00e9gante. Le robinier est un bois extr\u00eamement durable (classe de durabilit\u00e9 1) et r\u00e9sistant aux intemp\u00e9ries. Il apporte une touche naturelle saisissante \u00e0 votre am\u00e9nagement ext\u00e9rieur.<\/p>\n<p class=\"\" data-start=\"899\" data-end=\"1013\">Cette lampe est \u00e9galement disponible en bois de ch\u00e2taignier. Nous proposons plusieurs variantes en ch\u00e2taignier :<\/p>\n<ul data-start=\"1014\" data-end=\"1218\">\n<li class=\"\" data-start=\"1014\" data-end=\"1076\">\n<p class=\"\" data-start=\"1016\" data-end=\"1076\"><strong data-start=\"1016\" data-end=\"1031\">Mod\u00e8le rond<\/strong>, qui convient \u00e0 tous les styles de jardin.<\/p>\n<\/li>\n<li class=\"\" data-start=\"1077\" data-end=\"1143\">\n<p class=\"\" data-start=\"1079\" data-end=\"1143\"><strong data-start=\"1079\" data-end=\"1095\">Mod\u00e8le carr\u00e9<\/strong>, parfait pour les jardins modernes et \u00e9pur\u00e9s.<\/p>\n<\/li>\n<li class=\"\" data-start=\"1144\" data-end=\"1218\">\n<p class=\"\" data-start=\"1146\" data-end=\"1218\"><strong data-start=\"1146\" data-end=\"1171\">Mod\u00e8le carr\u00e9 rustique<\/strong>, o\u00f9 la forme naturelle du tronc reste visible.<\/p>\n<\/li>\n<\/ul>\n<p class=\"\" data-start=\"1220\" data-end=\"1431\">Mais la durabilit\u00e9 ne s\u2019arr\u00eate pas au choix du bois : nous avons d\u00e9velopp\u00e9 cette lampe avec soin, en pr\u00eatant attention \u00e0 chaque d\u00e9tail pour en maximiser la long\u00e9vit\u00e9. Chaque composant a \u00e9t\u00e9 rigoureusement test\u00e9.<\/p>\n<h2 data-start=\"1438\" data-end=\"1498\">Sp\u00e9cifications techniques<\/h2>\n<ul data-start=\"1500\" data-end=\"2545\">\n<li class=\"\" data-start=\"1500\" data-end=\"1695\">\n<p class=\"\" data-start=\"1502\" data-end=\"1695\">Le poteau est en robinier, d\u2019un diam\u00e8tre de 16 \u00e0 22 cm et d\u2019une longueur de 150 cm. Il s\u2019enfonce dans le sol sur 60 \u00e0 70 cm, laissant une hauteur visible de 80 \u00e0 90 cm, selon vos pr\u00e9f\u00e9rences.<\/p>\n<\/li>\n<li class=\"\" data-start=\"1696\" data-end=\"1799\">\n<p class=\"\" data-start=\"1698\" data-end=\"1799\">La lampe diffuse une lumi\u00e8re blanche et chaude (2700 K) avec une consommation de seulement 2 watts.<\/p>\n<\/li>\n<li class=\"\" data-start=\"1800\" data-end=\"1963\">\n<p class=\"\" data-start=\"1802\" data-end=\"1963\">\u00c0 l\u2019arri\u00e8re du poteau, les c\u00e2bles et le raccordement au 220 V sont dissimul\u00e9s dans une trappe, ferm\u00e9e par un couvercle en bois maintenu par quatre vis en inox.<\/p>\n<\/li>\n<li class=\"\" data-start=\"1964\" data-end=\"2028\">\n<p class=\"\" data-start=\"1966\" data-end=\"2028\">Les raccordements au driver sont \u00e9quip\u00e9s de fiches \u00e9tanches.<\/p>\n<\/li>\n<li class=\"\" data-start=\"2029\" data-end=\"2090\">\n<p class=\"\" data-start=\"2031\" data-end=\"2090\">La lampe LED est fix\u00e9e avec deux vis en acier inoxydable.<\/p>\n<\/li>\n<li class=\"\" data-start=\"2091\" data-end=\"2171\">\n<p class=\"\" data-start=\"2093\" data-end=\"2171\">Indice de protection IP67 pour la lampe : parfaitement \u00e9tanche \u00e0 l\u2019humidit\u00e9.<\/p>\n<\/li>\n<li class=\"\" data-start=\"2172\" data-end=\"2245\">\n<p class=\"\" data-start=\"2174\" data-end=\"2245\">Le driver est class\u00e9 IP54, bien prot\u00e9g\u00e9 contre les projections d\u2019eau.<\/p>\n<\/li>\n<li class=\"\" data-start=\"2246\" data-end=\"2330\">\n<p class=\"\" data-start=\"2248\" data-end=\"2330\">Un connecteur en gel est fourni pour raccorder le driver \u00e0 l\u2019alimentation 220 V.<\/p>\n<\/li>\n<li class=\"\" data-start=\"2331\" data-end=\"2406\">\n<p class=\"\" data-start=\"2333\" data-end=\"2406\">Le per\u00e7age du poteau a \u00e9t\u00e9 r\u00e9alis\u00e9 avec une m\u00e8che de 42 mm de diam\u00e8tre.<\/p>\n<\/li>\n<li class=\"\" data-start=\"2407\" data-end=\"2545\">\n<p class=\"\" data-start=\"2409\" data-end=\"2545\">L\u2019installation peut \u00eatre effectu\u00e9e par vos soins, mais nous recommandons de faire appel \u00e0 un installateur agr\u00e9\u00e9 pour un montage optimal.<\/p>\n<\/li>\n<\/ul>\n","protected":false},"excerpt":{"rendered":"<p>Un \u00e9clairage naturel et chaleureux pour votre jardin et vos all\u00e9es Vous recherchez une borne lumineuse qui soit aussi belle de jour que de nuit&#8230;<\/p>\n","protected":false},"featured_media":18220,"comment_status":"closed","ping_status":"closed","template":"","meta":{"_acf_changed":false,"inline_featured_image":false,"_trash_the_other_posts":false,"ep_exclude_from_search":false,"iawp_total_views":53,"editor_notices":[]},"product_brand":[],"product_cat":[353,500],"product_tag":[],"class_list":{"0":"post-18114","1":"product","2":"type-product","3":"status-publish","4":"has-post-thumbnail","6":"product_cat-eclairage","7":"product_cat-bornes-eclairage-exterieur","9":"first","10":"instock","11":"shipping-taxable","12":"purchasable","13":"product-type-variable","14":"has-default-attributes"},"composite_virtual":false,"composite_layout":"","composite_add_to_cart_form_location":"","composite_editable_in_cart":false,"composite_sold_individually_context":"","composite_shop_price_calc":"","composite_components":[],"composite_scenarios":[],"acf":[],"_links":{"self":[{"href":"https:\/\/adequat.eu\/fr\/wp-json\/wp\/v2\/product\/18114","targetHints":{"allow":["GET"]}}],"collection":[{"href":"https:\/\/adequat.eu\/fr\/wp-json\/wp\/v2\/product"}],"about":[{"href":"https:\/\/adequat.eu\/fr\/wp-json\/wp\/v2\/types\/product"}],"replies":[{"embeddable":true,"href":"https:\/\/adequat.eu\/fr\/wp-json\/wp\/v2\/comments?post=18114"}],"wp:featuredmedia":[{"embeddable":true,"href":"https:\/\/adequat.eu\/fr\/wp-json\/wp\/v2\/media\/18220"}],"wp:attachment":[{"href":"https:\/\/adequat.eu\/fr\/wp-json\/wp\/v2\/media?parent=18114"}],"wp:term":[{"taxonomy":"product_brand","embeddable":true,"href":"https:\/\/adequat.eu\/fr\/wp-json\/wp\/v2\/product_brand?post=18114"},{"taxonomy":"product_cat","embeddable":true,"href":"https:\/\/adequat.eu\/fr\/wp-json\/wp\/v2\/product_cat?post=18114"},{"taxonomy":"product_tag","embeddable":true,"href":"https:\/\/adequat.eu\/fr\/wp-json\/wp\/v2\/product_tag?post=18114"}],"curies":[{"name":"wp","href":"https:\/\/api.w.org\/{rel}","templated":true}]}}