{"id":18434,"date":"2025-05-23T12:52:39","date_gmt":"2025-05-23T10:52:39","guid":{"rendered":"https:\/\/adequat.eu\/fr\/?post_type=product&#038;p=18434"},"modified":"2025-06-26T16:13:05","modified_gmt":"2025-06-26T14:13:05","slug":"poteaux-robinier-o-13-15-cm-ecorces-et-ponces-kopie","status":"publish","type":"product","link":"https:\/\/adequat.eu\/fr\/product\/piquets\/piquets-en-robinier\/poteaux-robinier-o-13-15-cm-ecorces-et-ponces\/","title":{"rendered":"Poteaux robinier \u00d8 13\/15 cm \u00e9corc\u00e9s et ponc\u00e9s"},"content":{"rendered":"<p>Les poteaux en robinier \u00e9corc\u00e9s et ponc\u00e9s sont souvent utilis\u00e9s pour des aires de jeux, parcs ou cours d\u00b4\u00e9coles. Les poteaux en robinier ont un aspect amusant, la forme naturelle de l\u2019arbre \u00e9tant conserv\u00e9e le plus possible. C\u2019est la raison pour laquelle ils ne conviennent pas \u00e0 tout usage. Si vous pr\u00e9f\u00e9rez des poteaux droits, il est pr\u00e9f\u00e9rable de choisir <a href=\"https:\/\/adequat.eu\/fr\/products\/piquets\/piquets-en-chataignier\/\">le bois de ch\u00e2taignier<\/a>. Les poteaux de robinier \u00e9corc\u00e9s et ponc\u00e9s sont souvent utilis\u00e9s \u00e0 fin d\u00e9corative pour l&rsquo;ombrage et pour des \u00e9quipements d\u2019aires de jeux. Ils sont fournis non point\u00e9s.<\/p>\n<h2>Poteaux Faux acacia\/Robinier \u00e9corc\u00e9s et ponc\u00e9s<\/h2>\n<p>Les poteaux en robinier sont tr\u00e8s r\u00e9sistants. Le robinier (aussi connu sous le nom de faux acacia) est le bois le plus durable <a href=\"https:\/\/adequat.eu\/fr\/general\/classe-durabilite-des-differentes-essence-bois\/\">(classe de durabilit\u00e9 1)<\/a> qui pousse dans les for\u00eats europ\u00e9ennes. Le robinier est naturellement prot\u00e9g\u00e9 contre l\u2019humidit\u00e9 et les influences climatiques. Le bois n\u2019a donc pas besoin d\u2019\u00eatre trait\u00e9.<\/p>\n<p>Vous recherchez d\u2019autres dimensions? N\u2019h\u00e9sitez pas \u00e0 nous <a href=\"https:\/\/adequat.eu\/fr\/service-et-contact\/\">contacter<\/a> !<\/p>\n","protected":false},"excerpt":{"rendered":"<p>Les poteaux en robinier \u00e9corc\u00e9s et ponc\u00e9s sont souvent utilis\u00e9s pour des aires de jeux, parcs ou cours d\u00b4\u00e9coles. Les poteaux en robinier ont un&#8230;<\/p>\n","protected":false},"featured_media":6418,"comment_status":"closed","ping_status":"closed","template":"","meta":{"_acf_changed":false,"inline_featured_image":false,"_trash_the_other_posts":false,"ep_exclude_from_search":false,"iawp_total_views":1142,"editor_notices":[]},"product_brand":[],"product_cat":[151,111,506],"product_tag":[],"class_list":{"0":"post-18434","1":"product","2":"type-product","3":"status-publish","4":"has-post-thumbnail","6":"product_cat-piquets-en-robinier","7":"product_cat-piquets","8":"product_cat-piquets-ecorces-et-ponces","10":"first","11":"instock","12":"shipping-taxable","13":"purchasable","14":"product-type-variable","15":"has-default-attributes"},"composite_virtual":false,"composite_layout":"","composite_add_to_cart_form_location":"","composite_editable_in_cart":false,"composite_sold_individually_context":"","composite_shop_price_calc":"","composite_components":[],"composite_scenarios":[],"acf":[],"_links":{"self":[{"href":"https:\/\/adequat.eu\/fr\/wp-json\/wp\/v2\/product\/18434","targetHints":{"allow":["GET"]}}],"collection":[{"href":"https:\/\/adequat.eu\/fr\/wp-json\/wp\/v2\/product"}],"about":[{"href":"https:\/\/adequat.eu\/fr\/wp-json\/wp\/v2\/types\/product"}],"replies":[{"embeddable":true,"href":"https:\/\/adequat.eu\/fr\/wp-json\/wp\/v2\/comments?post=18434"}],"wp:featuredmedia":[{"embeddable":true,"href":"https:\/\/adequat.eu\/fr\/wp-json\/wp\/v2\/media\/6418"}],"wp:attachment":[{"href":"https:\/\/adequat.eu\/fr\/wp-json\/wp\/v2\/media?parent=18434"}],"wp:term":[{"taxonomy":"product_brand","embeddable":true,"href":"https:\/\/adequat.eu\/fr\/wp-json\/wp\/v2\/product_brand?post=18434"},{"taxonomy":"product_cat","embeddable":true,"href":"https:\/\/adequat.eu\/fr\/wp-json\/wp\/v2\/product_cat?post=18434"},{"taxonomy":"product_tag","embeddable":true,"href":"https:\/\/adequat.eu\/fr\/wp-json\/wp\/v2\/product_tag?post=18434"}],"curies":[{"name":"wp","href":"https:\/\/api.w.org\/{rel}","templated":true}]}}