{"id":18439,"date":"2025-05-23T12:57:23","date_gmt":"2025-05-23T10:57:23","guid":{"rendered":"https:\/\/adequat.eu\/fr\/?post_type=product&#038;p=18439"},"modified":"2026-01-09T13:02:49","modified_gmt":"2026-01-09T12:02:49","slug":"poteaux-robinier-o-16-18-cm-ecorces-et-ponces","status":"publish","type":"product","link":"https:\/\/adequat.eu\/fr\/product\/piquets\/piquets-en-robinier\/poteaux-robinier-o-16-18-cm-ecorces-et-ponces\/","title":{"rendered":"Poteaux robinier \u00d8 16\/18 cm \u00e9corc\u00e9s et ponc\u00e9s"},"content":{"rendered":"<h2>\u00c0 usages multiples<\/h2>\n<ul>\n<li>Le plus souvent choisi pour les pergolas<\/li>\n<li>Souvent utilis\u00e9 pour structures de hamacs<\/li>\n<li>Adapt\u00e9 aux constructions lourdes<\/li>\n<li>Naturel et robuste<\/li>\n<li>Durable<\/li>\n<\/ul>\n<h2>Poteau en robinier \u00d8 16\/18 cm \u00e9corc\u00e9 et ponc\u00e9 pour les plus belles pergolas<\/h2>\n<p>Les poteaux en robinier de 16 \u00e0 18 cm de diam\u00e8tre sont tr\u00e8s robustes et solides. Ils peuvent servir de poutres de construction et sont extr\u00eamement durables. Les poteaux en robinier \u00e9corc\u00e9s appartiennent \u00e0 la classe de durabilit\u00e9 1, c\u2019est-\u00e0-dire l\u2019essence la plus durable que l\u2019on trouve dans les for\u00eats europ\u00e9ennes. En plus de leur long\u00e9vit\u00e9, ces poteaux sont \u00e9galement tr\u00e8s esth\u00e9tiques. Ils sont souvent utilis\u00e9s dans les cl\u00f4tures des aires de jeux, o\u00f9 les enfants peuvent s\u2019y asseoir et grimper en toute s\u00e9curit\u00e9, car les poteaux sont soigneusement ponc\u00e9s (ils ne seront jamais \u00e0 100 % sans \u00e9chardes, c\u2019est du bois naturel apr\u00e8s tout).<\/p>\n<h2>Poteau en robinier \u00d8 16\/18 cm \u00e9corc\u00e9 et ponc\u00e9, id\u00e9al pour travaux lourds<\/h2>\n<p>Avec un poteau en robinier de 16 \u00e0 18 cm, \u00e9corc\u00e9 et ponc\u00e9, vous avez un \u00e9l\u00e9ment capable de supporter des constructions lourdes. Ce diam\u00e8tre est aussi utilis\u00e9 pour stabiliser des talus ou des remblais de sable. Il sert \u00e9galement souvent de socle pour des \u0153uvres d\u2019art.<\/p>\n<p>Tous nos poteaux en robinier \u00e9corc\u00e9s et ponc\u00e9s sont livr\u00e9s non point\u00e9s par d\u00e9faut.<\/p>\n","protected":false},"excerpt":{"rendered":"<p>\u00c0 usages multiples Le plus souvent choisi pour les pergolas Souvent utilis\u00e9 pour structures de hamacs Adapt\u00e9 aux constructions lourdes Naturel et robuste Durable Poteau&#8230;<\/p>\n","protected":false},"featured_media":6418,"comment_status":"closed","ping_status":"closed","template":"","meta":{"_acf_changed":false,"inline_featured_image":false,"_trash_the_other_posts":false,"ep_exclude_from_search":false,"iawp_total_views":898,"editor_notices":[]},"product_brand":[],"product_cat":[151,111,506],"product_tag":[],"class_list":{"0":"post-18439","1":"product","2":"type-product","3":"status-publish","4":"has-post-thumbnail","6":"product_cat-piquets-en-robinier","7":"product_cat-piquets","8":"product_cat-piquets-ecorces-et-ponces","10":"first","11":"instock","12":"shipping-taxable","13":"purchasable","14":"product-type-variable","15":"has-default-attributes"},"composite_virtual":false,"composite_layout":"","composite_add_to_cart_form_location":"","composite_editable_in_cart":false,"composite_sold_individually_context":"","composite_shop_price_calc":"","composite_components":[],"composite_scenarios":[],"acf":[],"_links":{"self":[{"href":"https:\/\/adequat.eu\/fr\/wp-json\/wp\/v2\/product\/18439","targetHints":{"allow":["GET"]}}],"collection":[{"href":"https:\/\/adequat.eu\/fr\/wp-json\/wp\/v2\/product"}],"about":[{"href":"https:\/\/adequat.eu\/fr\/wp-json\/wp\/v2\/types\/product"}],"replies":[{"embeddable":true,"href":"https:\/\/adequat.eu\/fr\/wp-json\/wp\/v2\/comments?post=18439"}],"wp:featuredmedia":[{"embeddable":true,"href":"https:\/\/adequat.eu\/fr\/wp-json\/wp\/v2\/media\/6418"}],"wp:attachment":[{"href":"https:\/\/adequat.eu\/fr\/wp-json\/wp\/v2\/media?parent=18439"}],"wp:term":[{"taxonomy":"product_brand","embeddable":true,"href":"https:\/\/adequat.eu\/fr\/wp-json\/wp\/v2\/product_brand?post=18439"},{"taxonomy":"product_cat","embeddable":true,"href":"https:\/\/adequat.eu\/fr\/wp-json\/wp\/v2\/product_cat?post=18439"},{"taxonomy":"product_tag","embeddable":true,"href":"https:\/\/adequat.eu\/fr\/wp-json\/wp\/v2\/product_tag?post=18439"}],"curies":[{"name":"wp","href":"https:\/\/api.w.org\/{rel}","templated":true}]}}