{"id":19442,"date":"2026-03-06T08:45:53","date_gmt":"2026-03-06T07:45:53","guid":{"rendered":"https:\/\/adequat.eu\/fr\/?post_type=product&#038;p=19442"},"modified":"2026-03-12T12:52:35","modified_gmt":"2026-03-12T11:52:35","slug":"lampadaire-en-bois-avec-lanterne-suspendue-a-un-bras-pieter","status":"publish","type":"product","link":"https:\/\/adequat.eu\/fr\/product\/eclairage\/lampadaire-en-bois-avec-lanterne-suspendue-a-un-bras-pieter\/","title":{"rendered":"Lampadaire en bois avec lanterne suspendue \u00e0 un bras \u2013 Pieter"},"content":{"rendered":"<h2>Lampadaire de jardin en bois avec lanterne suspendue \u00e0 un bras Pieter<\/h2>\n<p>Apportez du caract\u00e8re et de l\u2019\u00e9l\u00e9gance \u00e0 votre jardin avec ce lampadaire en bois \u00e0 un bras avec lanterne suspendue Pieter. Ce lampadaire d\u2019ext\u00e9rieur associe le charme d\u2019une lanterne classique \u00e0 la robustesse naturelle du bois. Gr\u00e2ce \u00e0 son bras unique et \u00e0 son point lumineux, cet \u00e9clairage de jardin d\u00e9coratif cr\u00e9e une ambiance chaleureuse tout en am\u00e9liorant la visibilit\u00e9 et la s\u00e9curit\u00e9 autour de votre maison, de votre all\u00e9e ou de votre terrasse.<\/p>\n<p>Le poteau est fabriqu\u00e9 en robinier, une essence de bois tr\u00e8s durable (classe de durabilit\u00e9 1), r\u00e9put\u00e9e pour sa r\u00e9sistance naturelle aux intemp\u00e9ries. Le bois est \u00e9corc\u00e9 et soigneusement ponc\u00e9 afin d\u2019obtenir un aspect naturel et \u00e9l\u00e9gant. Le bras est \u00e9galement r\u00e9alis\u00e9 en robinier et supporte une lanterne suspendue de style classique.<\/p>\n<p>La lanterne est fabriqu\u00e9e en acier avec un rev\u00eatement noir r\u00e9sistant aux intemp\u00e9ries. Vous avez le choix entre verre transparent ou verre d\u00e9poli, selon l\u2019ambiance lumineuse souhait\u00e9e. L\u2019ampoule correspondante est fournie.<\/p>\n<p>Souhaitez-vous un <a href=\"https:\/\/adequat.eu\/fr\/product\/eclairage\/lampadaire-en-bois-avec-lanterne-suspendue-a-deux-bras-philip\/\">lampadaire avec deux bras et deux lampes<\/a> ? Nous le r\u00e9alisons \u00e9galement avec plaisir pour vous.<\/p>\n<h2>Montage du lampadaire en bois avec lanterne<\/h2>\n<p>Le lampadaire est install\u00e9 sur un ancrage m\u00e9tallique, fourni avec le produit. Cet ancrage doit \u00eatre solidement fix\u00e9 dans le sol, par exemple avec du b\u00e9ton, afin d\u2019assurer une installation stable et durable.<\/p>\n<p>Le poteau est \u00e9quip\u00e9 d\u2019une trappe d\u2019acc\u00e8s. Derri\u00e8re celle-ci se trouve le c\u00e2ble qui traverse le poteau jusqu\u2019au bras avec le point lumineux. \u00c0 cet endroit, vous pouvez raccorder facilement le c\u00e2ble souterrain au c\u00e2blage du lampadaire. Tout le n\u00e9cessaire pour connecter les c\u00e2bles est inclus avec la lanterne.<\/p>\n<h2>Lampadaire de jardin en bois sur mesure<\/h2>\n<p>Tous nos lampadaires en bois avec lanternes sont fabriqu\u00e9s dans notre propre atelier aux Pays-Bas. Vous avez des souhaits particuliers concernant les dimensions, le nombre de bras ou le style des lanternes ? N\u2019h\u00e9sitez pas \u00e0 nous <a href=\"https:\/\/adequat.eu\/fr\/service-et-contact\/\">contacter<\/a>. Nous serons ravis de r\u00e9fl\u00e9chir avec vous afin de cr\u00e9er le lampadaire parfaitement adapt\u00e9 \u00e0 votre jardin.<\/p>\n","protected":false},"excerpt":{"rendered":"<p>Lampadaire de jardin en bois avec lanterne suspendue \u00e0 un bras Pieter Apportez du caract\u00e8re et de l\u2019\u00e9l\u00e9gance \u00e0 votre jardin avec ce lampadaire en&#8230;<\/p>\n","protected":false},"featured_media":19446,"comment_status":"closed","ping_status":"closed","template":"","meta":{"_acf_changed":false,"inline_featured_image":false,"_trash_the_other_posts":false,"ep_exclude_from_search":false,"iawp_total_views":9,"editor_notices":[]},"product_brand":[],"product_cat":[353,505],"product_tag":[],"class_list":{"0":"post-19442","1":"product","2":"type-product","3":"status-publish","4":"has-post-thumbnail","6":"product_cat-eclairage","7":"product_cat-lampadaires","9":"first","10":"instock","11":"shipping-taxable","12":"purchasable","13":"product-type-variable","14":"has-default-attributes"},"composite_virtual":false,"composite_layout":"","composite_add_to_cart_form_location":"","composite_editable_in_cart":false,"composite_sold_individually_context":"","composite_shop_price_calc":"","composite_components":[],"composite_scenarios":[],"acf":[],"_links":{"self":[{"href":"https:\/\/adequat.eu\/fr\/wp-json\/wp\/v2\/product\/19442","targetHints":{"allow":["GET"]}}],"collection":[{"href":"https:\/\/adequat.eu\/fr\/wp-json\/wp\/v2\/product"}],"about":[{"href":"https:\/\/adequat.eu\/fr\/wp-json\/wp\/v2\/types\/product"}],"replies":[{"embeddable":true,"href":"https:\/\/adequat.eu\/fr\/wp-json\/wp\/v2\/comments?post=19442"}],"wp:featuredmedia":[{"embeddable":true,"href":"https:\/\/adequat.eu\/fr\/wp-json\/wp\/v2\/media\/19446"}],"wp:attachment":[{"href":"https:\/\/adequat.eu\/fr\/wp-json\/wp\/v2\/media?parent=19442"}],"wp:term":[{"taxonomy":"product_brand","embeddable":true,"href":"https:\/\/adequat.eu\/fr\/wp-json\/wp\/v2\/product_brand?post=19442"},{"taxonomy":"product_cat","embeddable":true,"href":"https:\/\/adequat.eu\/fr\/wp-json\/wp\/v2\/product_cat?post=19442"},{"taxonomy":"product_tag","embeddable":true,"href":"https:\/\/adequat.eu\/fr\/wp-json\/wp\/v2\/product_tag?post=19442"}],"curies":[{"name":"wp","href":"https:\/\/api.w.org\/{rel}","templated":true}]}}