{"id":5834,"date":"2015-02-16T09:07:05","date_gmt":"2015-02-16T08:07:05","guid":{"rendered":"https:\/\/adequat.eu\/fr\/product\/post-de-coin-en-robinier\/"},"modified":"2026-02-20T16:56:17","modified_gmt":"2026-02-20T15:56:17","slug":"post-de-coin-en-robinier","status":"publish","type":"product","link":"https:\/\/adequat.eu\/fr\/product\/clotures\/post-et-rail\/post-de-coin-en-robinier\/","title":{"rendered":"Piquet d&rsquo;angle en robinier 2 niveaux rond"},"content":{"rendered":"<p>Le piquet d&rsquo;angle en robinier 2 niveaux rond a une longueur d\u2019environ 200 centim\u00e8tres. 80 cm s&rsquo;enfoncent dans le sol lorsqu&rsquo;il est plac\u00e9 ; la longueur effective est donc de 120 centim\u00e8tres. Le bois de ch\u00e2taignier est durable et ne n\u00e9cessite aucun entretien. Le piquet d&rsquo;angle en robinier fait partie de notre cl\u00f4ture Post &amp; Rail. Cette cl\u00f4ture est souvent utilis\u00e9e comme cl\u00f4ture pour les prairies ou les p\u00e2turages. Ces piquets sont \u00e9galement disponibles <a href=\"https:\/\/adequat.eu\/fr\/product\/clotures\/post-et-rail\/post-de-coin-en-chataignier-2-niveaux\/\">en ch\u00e2taignier<\/a>.<\/p>\n<h2>Installation du piquet d&rsquo;angle en robinier 2 niveaux rond<\/h2>\n<ul>\n<li>Cliquez ici pour voir des <a href=\"https:\/\/adequat.eu\/fr\/projets\/projet-post-rail-2-niveaux-robinier-acacia\/\">projets<\/a> dans lesquels nous avons utilis\u00e9 ces piquets d&rsquo;angle.<\/li>\n<li>Si vous souhaitez calculer le nombre de piquets dont vous avez besoin, veuillez remplir <a href=\"https:\/\/adequat.eu\/fr\/assemblez-votre-cloture\/\"><u>notre calculateur<\/u><\/a>. Vous pouvez \u00e9galement demander <a href=\"https:\/\/adequat.eu\/fr\/devis\/\">un devis<\/a>\u00a0gratuit.<\/li>\n<\/ul>\n","protected":false},"excerpt":{"rendered":"<p>Le piquet d&rsquo;angle en robinier 2 niveaux rond a une longueur d\u2019environ 200 centim\u00e8tres. 80 cm s&rsquo;enfoncent dans le sol lorsqu&rsquo;il est plac\u00e9 ; la&#8230;<\/p>\n","protected":false},"featured_media":5835,"comment_status":"closed","ping_status":"closed","template":"","meta":{"_acf_changed":false,"inline_featured_image":false,"_trash_the_other_posts":false,"ep_exclude_from_search":false,"iawp_total_views":21,"editor_notices":[]},"product_brand":[],"product_cat":[85,551,78,540],"product_tag":[],"class_list":{"0":"post-5834","1":"product","2":"type-product","3":"status-publish","4":"has-post-thumbnail","6":"product_cat-post-et-rail","7":"product_cat-cloture-post-et-rail-robinier","8":"product_cat-clotures","9":"product_cat-clotures-pour-animaux","11":"first","12":"instock","13":"shipping-taxable","14":"purchasable","15":"product-type-simple"},"composite_virtual":false,"composite_layout":"","composite_add_to_cart_form_location":"","composite_editable_in_cart":false,"composite_sold_individually_context":"","composite_shop_price_calc":"","composite_components":[],"composite_scenarios":[],"acf":[],"_links":{"self":[{"href":"https:\/\/adequat.eu\/fr\/wp-json\/wp\/v2\/product\/5834","targetHints":{"allow":["GET"]}}],"collection":[{"href":"https:\/\/adequat.eu\/fr\/wp-json\/wp\/v2\/product"}],"about":[{"href":"https:\/\/adequat.eu\/fr\/wp-json\/wp\/v2\/types\/product"}],"replies":[{"embeddable":true,"href":"https:\/\/adequat.eu\/fr\/wp-json\/wp\/v2\/comments?post=5834"}],"wp:featuredmedia":[{"embeddable":true,"href":"https:\/\/adequat.eu\/fr\/wp-json\/wp\/v2\/media\/5835"}],"wp:attachment":[{"href":"https:\/\/adequat.eu\/fr\/wp-json\/wp\/v2\/media?parent=5834"}],"wp:term":[{"taxonomy":"product_brand","embeddable":true,"href":"https:\/\/adequat.eu\/fr\/wp-json\/wp\/v2\/product_brand?post=5834"},{"taxonomy":"product_cat","embeddable":true,"href":"https:\/\/adequat.eu\/fr\/wp-json\/wp\/v2\/product_cat?post=5834"},{"taxonomy":"product_tag","embeddable":true,"href":"https:\/\/adequat.eu\/fr\/wp-json\/wp\/v2\/product_tag?post=5834"}],"curies":[{"name":"wp","href":"https:\/\/api.w.org\/{rel}","templated":true}]}}