{"id":5840,"date":"2015-02-16T09:06:40","date_gmt":"2015-02-16T08:06:40","guid":{"rendered":"https:\/\/adequat.eu\/fr\/product\/post-de-coin-en-robinier-rond\/"},"modified":"2026-02-20T16:55:25","modified_gmt":"2026-02-20T15:55:25","slug":"post-de-coin-en-robinier-rond","status":"publish","type":"product","link":"https:\/\/adequat.eu\/fr\/product\/clotures\/post-et-rail\/post-de-coin-en-robinier-rond\/","title":{"rendered":"Piquet d&rsquo;angle en robinier 3 niveaux rond"},"content":{"rendered":"<p>Le piquet d&rsquo;angle en robinier 3 niveaux &#8211; rond est un piquet d&rsquo;angle avec une longueur d&rsquo;environ 200 centim\u00e8tres. 80 cm s&rsquo;enfoncent dans le sol lorsqu&rsquo;il est plac\u00e9 ; la longueur effective est donc de 120 centim\u00e8tres. Le robinier est tr\u00e8s r\u00e9sistant et ne n\u00e9cessite aucun entretien. Ce piquet fait partie de notre cl\u00f4ture Post &amp; Rail. Cette cl\u00f4ture est souvent utilis\u00e9e comme cl\u00f4ture pour les prairies. L&rsquo;\u00e9corce du robinier peut \u00eatre dangereuse pour les chevaux. Ces piquets sont \u00e9galement disponibles en piquets d&rsquo;angle <a href=\"https:\/\/adequat.eu\/fr\/product\/clotures\/post-et-rail\/post-de-coin\/\">en ch\u00e2taignie<u>r<\/u><\/a>. Le robinier est plus durable que le ch\u00e2taignier, mais le bois est de forme plus irr\u00e9guli\u00e8re.<\/p>\n<h2>Installation du piquet d&rsquo;angle en robinier 3 niveaux rond<\/h2>\n<ul>\n<li>Cliquez ici pour voir des <a href=\"https:\/\/adequat.eu\/fr\/projets\/post-rail\/projet-post-rail-3-niveaux-en-robinier-acacia\/\"><u>projets<\/u><\/a>\u00a0projets o\u00f9 nous avons utilis\u00e9 ce piquet robinier 3 niveaux &#8211; rond.<\/li>\n<li>Si vous souhaitez calculer le nombre d&rsquo;articles dont vous avez besoin, n&rsquo;h\u00e9sitez pas \u00e0 remplir <a href=\"https:\/\/adequat.eu\/fr\/assemblez-votre-cloture\/\">notre calculateur<\/a>. Vous pouvez \u00e9galement demander <a href=\"https:\/\/adequat.eu\/fr\/devis\/\">un devis<\/a>.<\/li>\n<\/ul>\n","protected":false},"excerpt":{"rendered":"<p>Le piquet d&rsquo;angle en robinier 3 niveaux &#8211; rond est un piquet d&rsquo;angle avec une longueur d&rsquo;environ 200 centim\u00e8tres. 80 cm s&rsquo;enfoncent dans le sol&#8230;<\/p>\n","protected":false},"featured_media":5841,"comment_status":"closed","ping_status":"closed","template":"","meta":{"_acf_changed":false,"inline_featured_image":false,"_trash_the_other_posts":false,"ep_exclude_from_search":false,"iawp_total_views":15,"editor_notices":[]},"product_brand":[],"product_cat":[85,551,78,540],"product_tag":[],"class_list":{"0":"post-5840","1":"product","2":"type-product","3":"status-publish","4":"has-post-thumbnail","6":"product_cat-post-et-rail","7":"product_cat-cloture-post-et-rail-robinier","8":"product_cat-clotures","9":"product_cat-clotures-pour-animaux","11":"first","12":"instock","13":"shipping-taxable","14":"purchasable","15":"product-type-simple"},"composite_virtual":false,"composite_layout":"","composite_add_to_cart_form_location":"","composite_editable_in_cart":false,"composite_sold_individually_context":"","composite_shop_price_calc":"","composite_components":[],"composite_scenarios":[],"acf":[],"_links":{"self":[{"href":"https:\/\/adequat.eu\/fr\/wp-json\/wp\/v2\/product\/5840","targetHints":{"allow":["GET"]}}],"collection":[{"href":"https:\/\/adequat.eu\/fr\/wp-json\/wp\/v2\/product"}],"about":[{"href":"https:\/\/adequat.eu\/fr\/wp-json\/wp\/v2\/types\/product"}],"replies":[{"embeddable":true,"href":"https:\/\/adequat.eu\/fr\/wp-json\/wp\/v2\/comments?post=5840"}],"wp:featuredmedia":[{"embeddable":true,"href":"https:\/\/adequat.eu\/fr\/wp-json\/wp\/v2\/media\/5841"}],"wp:attachment":[{"href":"https:\/\/adequat.eu\/fr\/wp-json\/wp\/v2\/media?parent=5840"}],"wp:term":[{"taxonomy":"product_brand","embeddable":true,"href":"https:\/\/adequat.eu\/fr\/wp-json\/wp\/v2\/product_brand?post=5840"},{"taxonomy":"product_cat","embeddable":true,"href":"https:\/\/adequat.eu\/fr\/wp-json\/wp\/v2\/product_cat?post=5840"},{"taxonomy":"product_tag","embeddable":true,"href":"https:\/\/adequat.eu\/fr\/wp-json\/wp\/v2\/product_tag?post=5840"}],"curies":[{"name":"wp","href":"https:\/\/api.w.org\/{rel}","templated":true}]}}