{"id":5880,"date":"2015-02-16T09:00:19","date_gmt":"2015-02-16T08:00:19","guid":{"rendered":"https:\/\/adequat.eu\/fr\/product\/post-en-chataignier-2-niveaux-12-rond\/"},"modified":"2026-03-31T22:49:06","modified_gmt":"2026-03-31T20:49:06","slug":"post-en-chataignier-2-niveaux-12-rond","status":"publish","type":"product","link":"https:\/\/adequat.eu\/fr\/product\/clotures\/post-et-rail\/post-en-chataignier-2-niveaux-12-rond\/","title":{"rendered":"Piquet en ch\u00e2taignier demi-rond 2 niveaux"},"content":{"rendered":"<p>Le piquet en ch\u00e2taignier demi-rond 2 niveaux a une longueur d&rsquo;environ 200 centim\u00e8tres. 80 cm s&rsquo;enfoncent dans le sol lorsqu&rsquo;il est plac\u00e9 ; la longueur effective est donc de 120 centim\u00e8tres. Le bois de ch\u00e2taignier est une essence de bois durable et ne n\u00e9cessite aucun entretien. Le piquet de ch\u00e2taignier fait partie de notre cl\u00f4ture Post &amp; Rail. Cette cl\u00f4ture est souvent utilis\u00e9e comme cl\u00f4ture pour les prairies et les p\u00e2turages. Ces piquets sont \u00e9galement disponibles en piquets ronds.<\/p>\n<h2>Installation du piquet en ch\u00e2taignier demi-rond 2 niveaux<\/h2>\n<ul>\n<li>Cliquez ici pour voir <a href=\"https:\/\/adequat.eu\/fr\/projets\/post-rail\/projets-post-rail-chataignier-2-niveaux-lisses-un-quart-et-montants-demi-ronds\/\">des\u00a0<u><\/u>projets<\/a> o\u00f9 nous avons utilis\u00e9 ce piquet en ch\u00e2taignier demi-rond 2 niveaux.<\/li>\n<li>Si vous souhaitez calculer le nombre d&rsquo;articles dont vous avez besoin, veuillez remplir <a href=\"https:\/\/adequat.eu\/fr\/assemblez-votre-cloture\/\"><u>notre calculateur<\/u><\/a>, sans engagement. Vous pouvez \u00e9galement nous demander <a href=\"https:\/\/adequat.eu\/fr\/devis\/\">un devis<\/a>\u00a0gratuit.<\/li>\n<\/ul>\n","protected":false},"excerpt":{"rendered":"<p>Le piquet en ch\u00e2taignier demi-rond 2 niveaux a une longueur d&rsquo;environ 200 centim\u00e8tres. 80 cm s&rsquo;enfoncent dans le sol lorsqu&rsquo;il est plac\u00e9 ; la longueur&#8230;<\/p>\n","protected":false},"featured_media":5881,"comment_status":"closed","ping_status":"closed","template":"","meta":{"_acf_changed":false,"inline_featured_image":false,"_trash_the_other_posts":false,"ep_exclude_from_search":false,"iawp_total_views":21,"editor_notices":[]},"product_brand":[],"product_cat":[85,550,541,78,540,546],"product_tag":[],"class_list":{"0":"post-5880","1":"product","2":"type-product","3":"status-publish","4":"has-post-thumbnail","6":"product_cat-post-et-rail","7":"product_cat-cloture-post-et-rail-chataignier","8":"product_cat-cloture-pour-alpagas","9":"product_cat-clotures","10":"product_cat-clotures-pour-animaux","11":"product_cat-clotures-pour-chevaux","13":"first","14":"instock","15":"shipping-taxable","16":"purchasable","17":"product-type-simple"},"composite_virtual":false,"composite_layout":"","composite_add_to_cart_form_location":"","composite_editable_in_cart":false,"composite_sold_individually_context":"","composite_shop_price_calc":"","composite_components":[],"composite_scenarios":[],"acf":[],"_links":{"self":[{"href":"https:\/\/adequat.eu\/fr\/wp-json\/wp\/v2\/product\/5880","targetHints":{"allow":["GET"]}}],"collection":[{"href":"https:\/\/adequat.eu\/fr\/wp-json\/wp\/v2\/product"}],"about":[{"href":"https:\/\/adequat.eu\/fr\/wp-json\/wp\/v2\/types\/product"}],"replies":[{"embeddable":true,"href":"https:\/\/adequat.eu\/fr\/wp-json\/wp\/v2\/comments?post=5880"}],"wp:featuredmedia":[{"embeddable":true,"href":"https:\/\/adequat.eu\/fr\/wp-json\/wp\/v2\/media\/5881"}],"wp:attachment":[{"href":"https:\/\/adequat.eu\/fr\/wp-json\/wp\/v2\/media?parent=5880"}],"wp:term":[{"taxonomy":"product_brand","embeddable":true,"href":"https:\/\/adequat.eu\/fr\/wp-json\/wp\/v2\/product_brand?post=5880"},{"taxonomy":"product_cat","embeddable":true,"href":"https:\/\/adequat.eu\/fr\/wp-json\/wp\/v2\/product_cat?post=5880"},{"taxonomy":"product_tag","embeddable":true,"href":"https:\/\/adequat.eu\/fr\/wp-json\/wp\/v2\/product_tag?post=5880"}],"curies":[{"name":"wp","href":"https:\/\/api.w.org\/{rel}","templated":true}]}}