{"id":5959,"date":"2015-08-27T19:54:22","date_gmt":"2015-08-27T17:54:22","guid":{"rendered":"https:\/\/adequat.eu\/fr\/product\/portail-francais-cadre-ganivelle-175-cm-de-hauteur\/"},"modified":"2026-04-03T16:49:31","modified_gmt":"2026-04-03T14:49:31","slug":"portail-francais-cadre-ganivelle-175-cm-de-hauteur","status":"publish","type":"product","link":"https:\/\/adequat.eu\/fr\/product\/portails\/portail-cadre-ganivelle-chataignier-simple-175-cm-hauteur\/","title":{"rendered":"Portail cadre ganivelle ch\u00e2taignier simple 175 cm hauteur"},"content":{"rendered":"<ul>\n<li>Les portails fran\u00e7ais cadre ganivelle 175 cm de hauteur sont disponibles dans les largeurs suivantes : 80 cm, 100 cm, 120 cm, 150 cm, 180 cm, 200 cm en 250 cm.<\/li>\n<li>Un portail fran\u00e7ais cadre ganivelle 175 cm est habituellement choisi en association avec <a href=\"https:\/\/adequat.eu\/fr\/product\/clotures\/ganivelle-francais\/ganivelle-francaise-175-cm-hauteur\/\">une cl\u00f4ture de m\u00eame hauteur<\/a>.<\/li>\n<li>Le portail est livr\u00e9 au complet avec les deux poteaux \u00e0 planter <a href=\"https:\/\/adequat.eu\/fr\/product\/piquets\/piquets-en-chataignier\/piquet-en-chataignier-o-1012-cm\/\">(diam\u00e8tre 10\/12, longueur 300 cm)<\/a>, ainsi que les charni\u00e8res et la serrure.<\/li>\n<li>Les poteaux du portail fran\u00e7ais cadre ganivelle de 175 cm de hauteur sont compos\u00e9s de piquets de 7 \u00e0 9 cm de diam\u00e8tre, et les poutres sont compos\u00e9es de piquets de 4 \u00e0 6 cm de diam\u00e8tre.<\/li>\n<li>Pour choisir le bon portail, il est important de savoir que nous regardons le portail \u00e0 l\u2019avant, c\u2019est \u00e0 dire du c\u00f4t\u00e9 o\u00f9 les lattes sont fix\u00e9es (portail en rondins) ou du c\u00f4t\u00e9 o\u00f9 les lattes vont \u00eatre fix\u00e9es (portail cadre ganivelle). A\u00a0 l\u2019arri\u00e8re il y a donc les charni\u00e8res et la serrure. Quand vous regardez l\u2019avant du portail, celui-ci est fix\u00e9\u00a0 avec les charni\u00e8res du c\u00f4t\u00e9 droit et il s\u2019ouvre vers la droite en s\u2019\u00e9loignant de vous. Il est \u00e9ventuellement possible de livrer un portail qui s\u2019ouvre vers la gauche, mais dans ce cas vous devrez le pr\u00e9ciser lors de votre commande.<\/li>\n<li>Afin de d\u00e9terminer la bonne dimension du portail, sachez que vous devez ajouter 12 cm de chaque c\u00f4t\u00e9 pour les poteaux et un petit espace entre portail et poteaux. Il faut donc ajouter \u00e0 la largeur du portail environ 24 cm.<\/li>\n<li>Pour \u00e9viter tout dommage lors du transport, nous fixons <a href=\"https:\/\/adequat.eu\/fr\/general\/le-mystere-du-bidule-manquant\/\">le crochet de la serrure sur le poteau \u00e0 planter<\/a>. Il peut \u00eatre facilement d\u00e9tach\u00e9 pour \u00eatre mont\u00e9 au bon endroit.<\/li>\n<\/ul>\n<h2>Portail fran\u00e7ais cadre ganivelle 175 cm de hauteur<\/h2>\n<ul>\n<li>Ce portail est aussi disponible en <a href=\"https:\/\/adequat.eu\/fr\/product\/portails\/portail-cadre-ganivelle-chataignier-double-175-cm-hauteur\/\">portail double battant 175 cm de hauteur<\/a>.<\/li>\n<li>Nous pouvons vous donner les prix d\u2019autres hauteurs sur\u00a0<a href=\"https:\/\/adequat.eu\/fr\/devis\/\">demande<\/a>.<\/li>\n<\/ul>\n<p><div class=\"embed-responsive embed-responsive-16by9\"><iframe loading=\"lazy\" title=\"Mise en place d&#039;une cl\u00f4ture ganivelle et d&#039;un portail\" width=\"500\" height=\"281\" src=\"https:\/\/www.youtube.com\/embed\/J3x54M2DOqc?feature=oembed&#038;enablejsapi=1&#038;origin=https:\/\/adequat.eu\" frameborder=\"0\" allow=\"accelerometer; autoplay; clipboard-write; encrypted-media; gyroscope; picture-in-picture; web-share\" referrerpolicy=\"strict-origin-when-cross-origin\" allowfullscreen><\/iframe><\/div><\/p>\n","protected":false},"excerpt":{"rendered":"<p>Les portails fran\u00e7ais cadre ganivelle 175 cm de hauteur sont disponibles dans les largeurs suivantes : 80 cm, 100 cm, 120 cm, 150 cm, 180&#8230;<\/p>\n","protected":false},"featured_media":5960,"comment_status":"closed","ping_status":"closed","template":"","meta":{"_acf_changed":false,"inline_featured_image":false,"_trash_the_other_posts":false,"ep_exclude_from_search":false,"iawp_total_views":102,"editor_notices":[]},"product_brand":[],"product_cat":[523,209,86,412,429,431,434,436,437,440,428,421],"product_tag":[339],"class_list":{"0":"post-5959","1":"product","2":"type-product","3":"status-publish","4":"has-post-thumbnail","6":"product_cat-cadre","7":"product_cat-chataignier","8":"product_cat-portails","9":"product_cat-ganivelle","10":"product_cat-100-cm","11":"product_cat-120-cm","12":"product_cat-150-cm","13":"product_cat-180-cm","14":"product_cat-200-cm","15":"product_cat-250-cm","16":"product_cat-80-cm","17":"product_cat-simple","18":"product_tag-google-shopping","20":"first","21":"instock","22":"shipping-taxable","23":"purchasable","24":"product-type-variable","25":"has-default-attributes"},"composite_virtual":false,"composite_layout":"","composite_add_to_cart_form_location":"","composite_editable_in_cart":false,"composite_sold_individually_context":"","composite_shop_price_calc":"","composite_components":[],"composite_scenarios":[],"acf":[],"_links":{"self":[{"href":"https:\/\/adequat.eu\/fr\/wp-json\/wp\/v2\/product\/5959","targetHints":{"allow":["GET"]}}],"collection":[{"href":"https:\/\/adequat.eu\/fr\/wp-json\/wp\/v2\/product"}],"about":[{"href":"https:\/\/adequat.eu\/fr\/wp-json\/wp\/v2\/types\/product"}],"replies":[{"embeddable":true,"href":"https:\/\/adequat.eu\/fr\/wp-json\/wp\/v2\/comments?post=5959"}],"wp:featuredmedia":[{"embeddable":true,"href":"https:\/\/adequat.eu\/fr\/wp-json\/wp\/v2\/media\/5960"}],"wp:attachment":[{"href":"https:\/\/adequat.eu\/fr\/wp-json\/wp\/v2\/media?parent=5959"}],"wp:term":[{"taxonomy":"product_brand","embeddable":true,"href":"https:\/\/adequat.eu\/fr\/wp-json\/wp\/v2\/product_brand?post=5959"},{"taxonomy":"product_cat","embeddable":true,"href":"https:\/\/adequat.eu\/fr\/wp-json\/wp\/v2\/product_cat?post=5959"},{"taxonomy":"product_tag","embeddable":true,"href":"https:\/\/adequat.eu\/fr\/wp-json\/wp\/v2\/product_tag?post=5959"}],"curies":[{"name":"wp","href":"https:\/\/api.w.org\/{rel}","templated":true}]}}