{"id":6011,"date":"2015-12-23T09:35:32","date_gmt":"2015-12-23T08:35:32","guid":{"rendered":"https:\/\/adequat.eu\/fr\/product\/portail-post-rail-120-cm-droit\/"},"modified":"2026-04-03T17:01:24","modified_gmt":"2026-04-03T15:01:24","slug":"portail-post-rail-120-cm-droit","status":"publish","type":"product","link":"https:\/\/adequat.eu\/fr\/product\/portails\/portail-post-rail-3-niveaux-chataignier-simple\/","title":{"rendered":"Portail Post &amp; Rail 3 niveaux ch\u00e2taignier simple"},"content":{"rendered":"<ul>\n<li>Fourni avec un lot complet de quincallerie (charni\u00e8res, fermetures et gonds)<\/li>\n<\/ul>\n<h2>Sp\u00e9cifications<\/h2>\n<p>La hauteur standard est 120 cm. Le portail est fourni avec un lot de quincallerie galvanis\u00e9e complet ainsi que des poteaux de portail ronds en ch\u00e2taignier \u00e0 planter dans le sol. Il est possible d\u2019\u00e9quiper le portail avec des <a href=\"https:\/\/adequat.eu\/fr\/product\/installation-fr\/lattes-en-chataignier\/lattes-en-chataignier-demi-ronde-echalas\/\">lattes en ch\u00e2taignier (\u00e9chalas)<\/a>\u00a0dans le style du\u00a0<a href=\"https:\/\/adequat.eu\/fr\/products\/portails\/ganivelle\/\">portail fran\u00e7ais en rondins<\/a>.<\/p>\n<p>Avec notre\u00a0<a href=\"https:\/\/adequat.eu\/fr-be\/assemblez-votre-cloture\/\"><u>calculateur pratique<\/u><\/a>, vous pouvez calculer de mani\u00e8re simple et sans engagement ce dont vous avez besoin si vous envisagez d\u2019acheter une cl\u00f4ture Post &amp; Rail ou un portail.<\/p>\n<h2>PORTAIL SUR MESURE<\/h2>\n<p>Sur demande, nous pouvons \u00e9galement fabriquer dans notre atelier des portails Post &amp; Rail de diff\u00e9rentes hauteurs et largeurs. N\u2019h\u00e9sitez pas \u00e0 vous\u00a0<a href=\"https:\/\/adequat.eu\/fr\/service-et-contact\/\">renseigner<\/a>.<\/p>\n","protected":false},"excerpt":{"rendered":"<p>Fourni avec un lot complet de quincallerie (charni\u00e8res, fermetures et gonds) Sp\u00e9cifications La hauteur standard est 120 cm. Le portail est fourni avec un lot&#8230;<\/p>\n","protected":false},"featured_media":12690,"comment_status":"closed","ping_status":"closed","template":"","meta":{"_acf_changed":false,"inline_featured_image":false,"_trash_the_other_posts":false,"ep_exclude_from_search":false,"iawp_total_views":109,"editor_notices":[]},"product_brand":[],"product_cat":[541,540,546,423,414,431,434,437,440,442,415,413,421,427,86,209],"product_tag":[],"class_list":{"0":"post-6011","1":"product","2":"type-product","3":"status-publish","4":"has-post-thumbnail","6":"product_cat-cloture-pour-alpagas","7":"product_cat-clotures-pour-animaux","8":"product_cat-clotures-pour-chevaux","9":"product_cat-champetre","10":"product_cat-acces","11":"product_cat-120-cm","12":"product_cat-150-cm","13":"product_cat-200-cm","14":"product_cat-250-cm","15":"product_cat-300-cm","16":"product_cat-paturage","17":"product_cat-post-rail","18":"product_cat-simple","19":"product_cat-sur-mesure","20":"product_cat-portails","21":"product_cat-chataignier","23":"first","24":"instock","25":"shipping-taxable","26":"purchasable","27":"product-type-composite"},"composite_virtual":false,"composite_layout":"single","composite_add_to_cart_form_location":"default","composite_editable_in_cart":false,"composite_sold_individually_context":"product","composite_shop_price_calc":"defaults","composite_components":[{"id":"1771443932","title":"Portail","description":"","query_type":"product_ids","query_ids":[19327],"default_option_id":19327,"thumbnail_id":"","thumbnail_src":"","quantity_min":1,"quantity_max":1,"priced_individually":true,"shipped_individually":false,"optional":false,"discount":"","options_style":"dropdowns","pagination_style":"classic","display_prices":"absolute","show_sorting_options":false,"show_filtering_options":false,"attribute_filter_ids":[],"select_action":"view","product_title_visible":false,"product_descr_visible":false,"product_price_visible":true,"product_thumb_visible":false,"subtotal_visible_product":false,"subtotal_visible_cart":false,"subtotal_visible_orders":false},{"id":"1771443933","title":"Poteaux de portail Post &amp; Rail","description":"","query_type":"product_ids","query_ids":[19308,17896,17897,6382],"default_option_id":"","thumbnail_id":"","thumbnail_src":"","quantity_min":2,"quantity_max":2,"priced_individually":true,"shipped_individually":false,"optional":true,"discount":"","options_style":"radios","pagination_style":"classic","display_prices":"absolute","show_sorting_options":false,"show_filtering_options":false,"attribute_filter_ids":[],"select_action":"view","product_title_visible":false,"product_descr_visible":false,"product_price_visible":true,"product_thumb_visible":false,"subtotal_visible_product":false,"subtotal_visible_cart":false,"subtotal_visible_orders":false}],"composite_scenarios":[],"acf":[],"_links":{"self":[{"href":"https:\/\/adequat.eu\/fr\/wp-json\/wp\/v2\/product\/6011","targetHints":{"allow":["GET"]}}],"collection":[{"href":"https:\/\/adequat.eu\/fr\/wp-json\/wp\/v2\/product"}],"about":[{"href":"https:\/\/adequat.eu\/fr\/wp-json\/wp\/v2\/types\/product"}],"replies":[{"embeddable":true,"href":"https:\/\/adequat.eu\/fr\/wp-json\/wp\/v2\/comments?post=6011"}],"wp:featuredmedia":[{"embeddable":true,"href":"https:\/\/adequat.eu\/fr\/wp-json\/wp\/v2\/media\/12690"}],"wp:attachment":[{"href":"https:\/\/adequat.eu\/fr\/wp-json\/wp\/v2\/media?parent=6011"}],"wp:term":[{"taxonomy":"product_brand","embeddable":true,"href":"https:\/\/adequat.eu\/fr\/wp-json\/wp\/v2\/product_brand?post=6011"},{"taxonomy":"product_cat","embeddable":true,"href":"https:\/\/adequat.eu\/fr\/wp-json\/wp\/v2\/product_cat?post=6011"},{"taxonomy":"product_tag","embeddable":true,"href":"https:\/\/adequat.eu\/fr\/wp-json\/wp\/v2\/product_tag?post=6011"}],"curies":[{"name":"wp","href":"https:\/\/api.w.org\/{rel}","templated":true}]}}