{"id":6235,"date":"2016-05-24T14:16:41","date_gmt":"2016-05-24T12:16:41","guid":{"rendered":"https:\/\/adequat.eu\/fr\/product\/piquet-en-chataignier-demi-rond\/"},"modified":"2025-11-28T14:55:07","modified_gmt":"2025-11-28T13:55:07","slug":"piquet-en-chataignier-demi-rond","status":"publish","type":"product","link":"https:\/\/adequat.eu\/fr\/product\/piquets\/piquets-en-chataignier\/piquet-en-chataignier-demi-rond\/","title":{"rendered":"Piquet en ch\u00e2taignier demi rond \u00d8 7\/9 cm"},"content":{"rendered":"<p>Nous livrons les piquets en ch\u00e2taignier demi-ronds en \u00d8 7\/9 cm et en \u00d8 10\/12 cm en diff\u00e9rentes longueurs. Il s\u2019agit de ch\u00e2taignier naturellement durable.<\/p>\n<p>Les piquets en ch\u00e2taigniers demi-ronds sont souvent utilis\u00e9s pour recouvrir un mur ou <s><\/s>dans la construction d\u2019\u00e9quipement pour aire de jeux (par exemple une balan\u00e7oire). On les voit aussi beaucoup sur le dessus d\u2019une balustrade.<\/p>\n<h2>Durabilit\u00e9 piquet en ch\u00e2taignier demi rond<\/h2>\n<p>Les piquets en ch\u00e2taignier demi-ronds sont naturellement durables. Gr\u00e2ce \u00e0 la pr\u00e9sence d\u2019acide tannique dans le bois, ils n\u2019ont pas besoin d\u2019\u00eatre trait\u00e9s et ne demandent pas d\u2019entretien. Ils sont prot\u00e9g\u00e9s contre l\u2019humidit\u00e9. L\u2019utilisation de piquets en ch\u00e2taignier ne nuit donc pas \u00e0 l\u2019environnement. Les piquets sont \u00e9corc\u00e9s, mais gardent pour le reste leur forme naturelle. C\u2019est la raison pour laquelle les piquets en ch\u00e2taignier ne sont pas toujours droits. Les piquets en ch\u00e2taignier se situent dans la <a href=\"https:\/\/adequat.eu\/fr\/general\/classe-durabilite-des-differentes-essence-bois\/\"><u>classe 2 de la classification de durabilit\u00e9 du bois<\/u><\/a>.<\/p>\n<p>Les mesures sont calcul\u00e9es du c\u00f4t\u00e9 le plus \u00e9troit. Les piquets demi-ronds sont toujours in\u00e9gaux.<\/p>\n<h2><\/h2>\n","protected":false},"excerpt":{"rendered":"<p>Nous livrons les piquets en ch\u00e2taignier demi-ronds en \u00d8 7\/9 cm et en \u00d8 10\/12 cm en diff\u00e9rentes longueurs. Il s\u2019agit de ch\u00e2taignier naturellement durable&#8230;.<\/p>\n","protected":false},"featured_media":6160,"comment_status":"closed","ping_status":"closed","template":"","meta":{"_acf_changed":false,"inline_featured_image":false,"_trash_the_other_posts":false,"ep_exclude_from_search":false,"iawp_total_views":498,"editor_notices":[]},"product_brand":[],"product_cat":[112,111],"product_tag":[339],"class_list":{"0":"post-6235","1":"product","2":"type-product","3":"status-publish","4":"has-post-thumbnail","6":"product_cat-piquets-en-chataignier","7":"product_cat-piquets","8":"product_tag-google-shopping","10":"first","11":"instock","12":"shipping-taxable","13":"purchasable","14":"product-type-variable","15":"has-default-attributes"},"composite_virtual":false,"composite_layout":"","composite_add_to_cart_form_location":"","composite_editable_in_cart":false,"composite_sold_individually_context":"","composite_shop_price_calc":"","composite_components":[],"composite_scenarios":[],"acf":[],"_links":{"self":[{"href":"https:\/\/adequat.eu\/fr\/wp-json\/wp\/v2\/product\/6235","targetHints":{"allow":["GET"]}}],"collection":[{"href":"https:\/\/adequat.eu\/fr\/wp-json\/wp\/v2\/product"}],"about":[{"href":"https:\/\/adequat.eu\/fr\/wp-json\/wp\/v2\/types\/product"}],"replies":[{"embeddable":true,"href":"https:\/\/adequat.eu\/fr\/wp-json\/wp\/v2\/comments?post=6235"}],"wp:featuredmedia":[{"embeddable":true,"href":"https:\/\/adequat.eu\/fr\/wp-json\/wp\/v2\/media\/6160"}],"wp:attachment":[{"href":"https:\/\/adequat.eu\/fr\/wp-json\/wp\/v2\/media?parent=6235"}],"wp:term":[{"taxonomy":"product_brand","embeddable":true,"href":"https:\/\/adequat.eu\/fr\/wp-json\/wp\/v2\/product_brand?post=6235"},{"taxonomy":"product_cat","embeddable":true,"href":"https:\/\/adequat.eu\/fr\/wp-json\/wp\/v2\/product_cat?post=6235"},{"taxonomy":"product_tag","embeddable":true,"href":"https:\/\/adequat.eu\/fr\/wp-json\/wp\/v2\/product_tag?post=6235"}],"curies":[{"name":"wp","href":"https:\/\/api.w.org\/{rel}","templated":true}]}}