{"id":6297,"date":"2015-08-29T08:41:21","date_gmt":"2015-08-29T06:41:21","guid":{"rendered":"https:\/\/adequat.eu\/fr\/product\/portail-anglais-pour-pre-chene\/"},"modified":"2026-01-09T16:05:57","modified_gmt":"2026-01-09T15:05:57","slug":"portail-anglais-pour-pre-chene","status":"publish","type":"product","link":"https:\/\/adequat.eu\/fr\/product\/portails\/portail-anglais-chene-simple\/","title":{"rendered":"Portail anglais ch\u00eane simple"},"content":{"rendered":"<h2>Sp\u00e9cifications<\/h2>\n<p>Le portail anglais en ch\u00eane simple a une hauteur standard de 120 cm, avec une barre horizontale sup\u00e9rieure situ\u00e9e \u00e0 110 cm. La largeur maximale du portail est de 360 cm. Les dimensions de largeur mentionn\u00e9es dans la liste de prix concernent uniquement le portail lui-m\u00eame. Veuillez noter que la largeur totale n\u2019inclut pas la dimensions des poteaux du portail (2 x 15 cm), ainsi que l&rsquo;espace entre les poteaux et les charni\u00e8res et serrures (2 x 12 cm).<\/p>\n<h2>Portail simple ou double<\/h2>\n<p>Ce portail est disponible en version simple ou double. Vous pouvez choisir la largeur par battant selon vos besoins.<\/p>\n<p>Notez que nous ne fabriquons pas de battant dont la largeur d\u00e9passe 360 cm, car une telle port\u00e9e augmenterait le risque d&rsquo;affaissement du portail.<\/p>\n<h2>Battants \u00e9gaux ou in\u00e9gaux<\/h2>\n<p>Vous avez la possibilit\u00e9 de choisir un portail avec deux battants de largeur \u00e9gale, mais vous pouvez \u00e9galement opter pour un mod\u00e8le avec des battants de tailles in\u00e9gales. Par exemple, vous pouvez choisir un portillon \u00e9troit pour un usage quotidien, et un portillon plus large si vous souhaitez \u00e9galement acc\u00e9der \u00e0 votre propri\u00e9t\u00e9 avec un v\u00e9hicule motoris\u00e9.<\/p>\n<h2>Charni\u00e8res et serrures<\/h2>\n<p>Vous achetez le portail anglais ch\u00eane double enti\u00e8rement nu, c&rsquo;est-\u00e0-dire sans charni\u00e8res ni serrures. En option, vous pouvez commander des charni\u00e8res et des serrures r\u00e9glables. Nous vous recommandons vivement cet ensemble optionnel, car il vous vous permettra d&rsquo;ajuster facilement le portail si celui-ci n&rsquo;est pas correctement suspendu.<\/p>\n<h2>Automatiser le portail<\/h2>\n<p>Vous souhaitez automatiser votre portail ? Dans ce cas, choisissez l&rsquo;option \u00ab poutre inf\u00e9rieure renforc\u00e9e \u00bb. La poutre inf\u00e9rieure sera \u00e9quip\u00e9e d&rsquo;une barre suppl\u00e9mentaire permettant de fixer correctement l&rsquo;op\u00e9rateur.<\/p>\n<p>Nous tenons \u00e0 souligner qu&rsquo;il est essentiel de choisir des poteaux carr\u00e9s de 20 x 20 cm avec t\u00eate diamant\u00e9e, car sans cette dimension, il ne sera pas possible de fixer correctement l&rsquo;op\u00e9rateur du portail battant.<\/p>\n<h2>Poteaux de portail<\/h2>\n<p>Les poteaux de portail ne sont pas inclus de s\u00e9rie, mais peuvent \u00eatre command\u00e9s en option. Vous avez le choix entre des poteaux de 15 x 15 cm (longueur de 210 cm ou 280 cm) ou des poteaux de 20 x 20 cm (longueur de 210 cm ou 280 cm).<\/p>\n<p>Si vous optez pour un portail plus haut de gamme avec plusieurs options, nous vous recommandons de choisir des poteaux plus grands (20 x 20 cm). Cela augmente non seulement la solidit\u00e9, mais aussi la durabilit\u00e9 du portail. Selon notre exp\u00e9rience, plus les poteaux sont robustes, plus votre portail et votre cl\u00f4ture dureront longtemps.<\/p>\n<p>Avez-vous des doutes ? N&rsquo;h\u00e9sitez pas \u00e0 nous contacter. Nos experts se feront un plaisir de vous aider.<\/p>\n<h2>Portail sur mesure<\/h2>\n<p>Il est possible de personnaliser le design du portail. Il peut \u00eatre plus haut ou comporter plus de barres interm\u00e9diaires. Et peut-\u00eatre pr\u00e9f\u00e9rez-vous une autre essence de bois que le ch\u00eane? Nous nous ferons un plaisir de vous faire un devis pour un portail sur mesure.<\/p>\n<p>&nbsp;<\/p>\n","protected":false},"excerpt":{"rendered":"<p>Sp\u00e9cifications Le portail anglais en ch\u00eane simple a une hauteur standard de 120 cm, avec une barre horizontale sup\u00e9rieure situ\u00e9e \u00e0 110 cm. La largeur&#8230;<\/p>\n","protected":false},"featured_media":6298,"comment_status":"closed","ping_status":"closed","template":"","meta":{"_acf_changed":false,"inline_featured_image":false,"_trash_the_other_posts":false,"ep_exclude_from_search":false,"iawp_total_views":128,"editor_notices":[]},"product_brand":[],"product_cat":[127,541,540,546,345,414,86,431,434,436,438,439,441,442,415,419,421,427],"product_tag":[],"class_list":{"0":"post-6297","1":"product","2":"type-product","3":"status-publish","4":"has-post-thumbnail","6":"product_cat-portails-anglais","7":"product_cat-cloture-pour-alpagas","8":"product_cat-clotures-pour-animaux","9":"product_cat-clotures-pour-chevaux","10":"product_cat-chene","11":"product_cat-acces","12":"product_cat-portails","13":"product_cat-120-cm","14":"product_cat-150-cm","15":"product_cat-180-cm","16":"product_cat-210-cm","17":"product_cat-240-cm","18":"product_cat-270-cm","19":"product_cat-300-cm","20":"product_cat-paturage","21":"product_cat-automatisation","22":"product_cat-simple","23":"product_cat-sur-mesure","25":"first","26":"instock","27":"shipping-taxable","28":"purchasable","29":"product-type-composite"},"composite_virtual":false,"composite_layout":"single","composite_add_to_cart_form_location":"default","composite_editable_in_cart":false,"composite_sold_individually_context":"product","composite_shop_price_calc":"defaults","composite_components":[{"id":"1730998274","title":"Battant","description":"","query_type":"product_ids","query_ids":[14624],"default_option_id":14624,"thumbnail_id":"","thumbnail_src":"","quantity_min":1,"quantity_max":1,"priced_individually":true,"shipped_individually":false,"optional":false,"discount":"","options_style":"dropdowns","pagination_style":"classic","display_prices":"absolute","show_sorting_options":false,"show_filtering_options":false,"attribute_filter_ids":[],"select_action":"view","product_title_visible":false,"product_descr_visible":false,"product_price_visible":true,"product_thumb_visible":false,"subtotal_visible_product":false,"subtotal_visible_cart":false,"subtotal_visible_orders":false},{"id":"1730998275","title":"Charni\u00e8res et serrures","description":"","query_type":"product_ids","query_ids":[14586],"default_option_id":14586,"thumbnail_id":"","thumbnail_src":"","quantity_min":1,"quantity_max":1,"priced_individually":true,"shipped_individually":false,"optional":true,"discount":"","options_style":"radios","pagination_style":"classic","display_prices":"absolute","show_sorting_options":false,"show_filtering_options":false,"attribute_filter_ids":[],"select_action":"view","product_title_visible":false,"product_descr_visible":false,"product_price_visible":true,"product_thumb_visible":false,"subtotal_visible_product":false,"subtotal_visible_cart":false,"subtotal_visible_orders":false},{"id":"1730998276","title":"Poutre de solidit\u00e9","description":"","query_type":"product_ids","query_ids":[14590],"default_option_id":14590,"thumbnail_id":"","thumbnail_src":"","quantity_min":1,"quantity_max":1,"priced_individually":true,"shipped_individually":false,"optional":true,"discount":"","options_style":"radios","pagination_style":"classic","display_prices":"absolute","show_sorting_options":false,"show_filtering_options":false,"attribute_filter_ids":[],"select_action":"view","product_title_visible":false,"product_descr_visible":false,"product_price_visible":true,"product_thumb_visible":false,"subtotal_visible_product":false,"subtotal_visible_cart":false,"subtotal_visible_orders":false},{"id":"1730998277","title":"Poteaux","description":"","query_type":"product_ids","query_ids":[6382],"default_option_id":6382,"thumbnail_id":"","thumbnail_src":"","quantity_min":1,"quantity_max":2,"priced_individually":true,"shipped_individually":false,"optional":true,"discount":"","options_style":"radios","pagination_style":"classic","display_prices":"absolute","show_sorting_options":false,"show_filtering_options":false,"attribute_filter_ids":[],"select_action":"view","product_title_visible":false,"product_descr_visible":false,"product_price_visible":true,"product_thumb_visible":false,"subtotal_visible_product":false,"subtotal_visible_cart":false,"subtotal_visible_orders":false}],"composite_scenarios":[],"acf":[],"_links":{"self":[{"href":"https:\/\/adequat.eu\/fr\/wp-json\/wp\/v2\/product\/6297","targetHints":{"allow":["GET"]}}],"collection":[{"href":"https:\/\/adequat.eu\/fr\/wp-json\/wp\/v2\/product"}],"about":[{"href":"https:\/\/adequat.eu\/fr\/wp-json\/wp\/v2\/types\/product"}],"replies":[{"embeddable":true,"href":"https:\/\/adequat.eu\/fr\/wp-json\/wp\/v2\/comments?post=6297"}],"wp:featuredmedia":[{"embeddable":true,"href":"https:\/\/adequat.eu\/fr\/wp-json\/wp\/v2\/media\/6298"}],"wp:attachment":[{"href":"https:\/\/adequat.eu\/fr\/wp-json\/wp\/v2\/media?parent=6297"}],"wp:term":[{"taxonomy":"product_brand","embeddable":true,"href":"https:\/\/adequat.eu\/fr\/wp-json\/wp\/v2\/product_brand?post=6297"},{"taxonomy":"product_cat","embeddable":true,"href":"https:\/\/adequat.eu\/fr\/wp-json\/wp\/v2\/product_cat?post=6297"},{"taxonomy":"product_tag","embeddable":true,"href":"https:\/\/adequat.eu\/fr\/wp-json\/wp\/v2\/product_tag?post=6297"}],"curies":[{"name":"wp","href":"https:\/\/api.w.org\/{rel}","templated":true}]}}