{"id":6374,"date":"2016-01-22T16:43:24","date_gmt":"2016-01-22T15:43:24","guid":{"rendered":"https:\/\/adequat.eu\/fr\/product\/fermeture-pour-un-double-portail-anglais-ou-neerlandais\/"},"modified":"2026-01-23T15:17:22","modified_gmt":"2026-01-23T14:17:22","slug":"fermeture-pour-un-double-portail-anglais-ou-neerlandais","status":"publish","type":"product","link":"https:\/\/adequat.eu\/fr\/product\/installation-fr\/charnieres-et-serrures\/fermeture-pour-un-double-portail-anglais-ou-neerlandais\/","title":{"rendered":"Fermeture pour un double portail anglais ou n\u00e9erlandais"},"content":{"rendered":"<p>Cette fermeture est livr\u00e9e en standard avec\u00a0les doubles portails <a href=\"https:\/\/adequat.eu\/fr\/products\/portails\/portails-anglais\/\">anglais<\/a> et <a href=\"https:\/\/adequat.eu\/fr\/products\/portails\/portails-neerlandais\/\">n\u00e9erlandais<\/a>. Cette fermeture galvanis\u00e9e est fabriqu\u00e9e en acier de haute qualit\u00e9.<\/p>\n","protected":false},"excerpt":{"rendered":"<p>Cette fermeture est livr\u00e9e en standard avec\u00a0les doubles portails anglais et n\u00e9erlandais. Cette fermeture galvanis\u00e9e est fabriqu\u00e9e en acier de haute qualit\u00e9.<\/p>\n","protected":false},"featured_media":6357,"comment_status":"closed","ping_status":"closed","template":"","meta":{"_acf_changed":false,"inline_featured_image":false,"_trash_the_other_posts":false,"ep_exclude_from_search":false,"iawp_total_views":194,"editor_notices":[]},"product_brand":[],"product_cat":[150,149],"product_tag":[],"class_list":{"0":"post-6374","1":"product","2":"type-product","3":"status-publish","4":"has-post-thumbnail","6":"product_cat-charnieres-et-serrures","7":"product_cat-installation-fr","8":"product_shipping_class-pakketpost","10":"first","11":"instock","12":"shipping-taxable","13":"purchasable","14":"product-type-simple"},"composite_virtual":false,"composite_layout":"","composite_add_to_cart_form_location":"","composite_editable_in_cart":false,"composite_sold_individually_context":"","composite_shop_price_calc":"","composite_components":[],"composite_scenarios":[],"acf":[],"_links":{"self":[{"href":"https:\/\/adequat.eu\/fr\/wp-json\/wp\/v2\/product\/6374","targetHints":{"allow":["GET"]}}],"collection":[{"href":"https:\/\/adequat.eu\/fr\/wp-json\/wp\/v2\/product"}],"about":[{"href":"https:\/\/adequat.eu\/fr\/wp-json\/wp\/v2\/types\/product"}],"replies":[{"embeddable":true,"href":"https:\/\/adequat.eu\/fr\/wp-json\/wp\/v2\/comments?post=6374"}],"wp:featuredmedia":[{"embeddable":true,"href":"https:\/\/adequat.eu\/fr\/wp-json\/wp\/v2\/media\/6357"}],"wp:attachment":[{"href":"https:\/\/adequat.eu\/fr\/wp-json\/wp\/v2\/media?parent=6374"}],"wp:term":[{"taxonomy":"product_brand","embeddable":true,"href":"https:\/\/adequat.eu\/fr\/wp-json\/wp\/v2\/product_brand?post=6374"},{"taxonomy":"product_cat","embeddable":true,"href":"https:\/\/adequat.eu\/fr\/wp-json\/wp\/v2\/product_cat?post=6374"},{"taxonomy":"product_tag","embeddable":true,"href":"https:\/\/adequat.eu\/fr\/wp-json\/wp\/v2\/product_tag?post=6374"}],"curies":[{"name":"wp","href":"https:\/\/api.w.org\/{rel}","templated":true}]}}