{"id":6382,"date":"2015-06-16T12:27:18","date_gmt":"2015-06-16T10:27:18","guid":{"rendered":"https:\/\/adequat.eu\/fr\/product\/pilier-en-chene-15x15x210-cm-avec-tete-de-diamant\/"},"modified":"2026-02-06T16:59:49","modified_gmt":"2026-02-06T15:59:49","slug":"pilier-en-chene-avec-tete-de-diamant-de-differentes-tailles","status":"publish","type":"product","link":"https:\/\/adequat.eu\/fr\/product\/installation-fr\/charnieres-et-serrures\/pilier-en-chene-avec-tete-de-diamant-de-differentes-tailles\/","title":{"rendered":"Pilier en ch\u00eane avec t\u00eate de diamant de diff\u00e9rentes tailles"},"content":{"rendered":"<p>Pilier en ch\u00eane avec t\u00eate de diamant de diff\u00e9rentes tailles. Ces piliers se mettent dans la terre pour maintenir les portails <a href=\"https:\/\/adequat.eu\/fr\/products\/portails\/portails-neerlandais\/\">n\u00e9erlandais<\/a> et <a href=\"https:\/\/adequat.eu\/fr\/products\/portails\/portails-anglais\/\">anglais<\/a>.<\/p>\n","protected":false},"excerpt":{"rendered":"<p>Pilier en ch\u00eane avec t\u00eate de diamant de diff\u00e9rentes tailles. Ces piliers se mettent dans la terre pour maintenir les portails n\u00e9erlandais et anglais.<\/p>\n","protected":false},"featured_media":6378,"comment_status":"closed","ping_status":"closed","template":"","meta":{"_acf_changed":false,"inline_featured_image":false,"_trash_the_other_posts":false,"ep_exclude_from_search":false,"iawp_total_views":133,"editor_notices":[]},"product_brand":[],"product_cat":[150,149],"product_tag":[],"class_list":{"0":"post-6382","1":"product","2":"type-product","3":"status-publish","4":"has-post-thumbnail","6":"product_cat-charnieres-et-serrures","7":"product_cat-installation-fr","9":"first","10":"instock","11":"shipping-taxable","12":"purchasable","13":"product-type-variable","14":"has-default-attributes"},"composite_virtual":false,"composite_layout":"","composite_add_to_cart_form_location":"","composite_editable_in_cart":false,"composite_sold_individually_context":"","composite_shop_price_calc":"","composite_components":[],"composite_scenarios":[],"acf":[],"_links":{"self":[{"href":"https:\/\/adequat.eu\/fr\/wp-json\/wp\/v2\/product\/6382","targetHints":{"allow":["GET"]}}],"collection":[{"href":"https:\/\/adequat.eu\/fr\/wp-json\/wp\/v2\/product"}],"about":[{"href":"https:\/\/adequat.eu\/fr\/wp-json\/wp\/v2\/types\/product"}],"replies":[{"embeddable":true,"href":"https:\/\/adequat.eu\/fr\/wp-json\/wp\/v2\/comments?post=6382"}],"wp:featuredmedia":[{"embeddable":true,"href":"https:\/\/adequat.eu\/fr\/wp-json\/wp\/v2\/media\/6378"}],"wp:attachment":[{"href":"https:\/\/adequat.eu\/fr\/wp-json\/wp\/v2\/media?parent=6382"}],"wp:term":[{"taxonomy":"product_brand","embeddable":true,"href":"https:\/\/adequat.eu\/fr\/wp-json\/wp\/v2\/product_brand?post=6382"},{"taxonomy":"product_cat","embeddable":true,"href":"https:\/\/adequat.eu\/fr\/wp-json\/wp\/v2\/product_cat?post=6382"},{"taxonomy":"product_tag","embeddable":true,"href":"https:\/\/adequat.eu\/fr\/wp-json\/wp\/v2\/product_tag?post=6382"}],"curies":[{"name":"wp","href":"https:\/\/api.w.org\/{rel}","templated":true}]}}