{"id":6417,"date":"2016-02-08T15:47:01","date_gmt":"2016-02-08T14:47:01","guid":{"rendered":"https:\/\/adequat.eu\/fr\/product\/poteau-robinier-ecorces-et-ponces\/"},"modified":"2025-11-28T14:54:47","modified_gmt":"2025-11-28T13:54:47","slug":"poteau-robinier-ecorces-et-ponces","status":"publish","type":"product","link":"https:\/\/adequat.eu\/fr\/product\/piquets\/piquets-en-robinier\/poteaux-robinier-o-10\/12-cm-ecorces-et-ponces\/","title":{"rendered":"Poteaux robinier \u00d8 10\/12 cm \u00e9corc\u00e9s et ponc\u00e9s"},"content":{"rendered":"<p>\u00c0 usages multiples<br \/>\nChoix populaire pour voiles d&rsquo;ombrage ou pare-soleil<br \/>\nSouvent choisi pour suspendre un hamac<br \/>\nTr\u00e8s utilis\u00e9 pour les aires de jeux<br \/>\nD\u00e9coratif et s\u00fbr<br \/>\nDes poteaux faits pour durer<br \/>\nPoteau en robinier \u00d8 19\/21 cm, \u00e9corc\u00e9 et ponc\u00e9 : id\u00e9al pour voiles d\u2019ombrage et pare-soleil<\/p>\n<p>Les voiles d\u2019ombrage ont la cote ! De plus en plus consid\u00e9r\u00e9es comme un \u00e9l\u00e9ment fixe du jardin, elles existent en diff\u00e9rentes formes et tailles. Pour les fixer solidement, vous avez besoin d\u2019un poteau robuste, capable de r\u00e9sister \u00e0 la pluie et au vent \u2013 et qui soit aussi esth\u00e9tique, car l\u2019apparence compte !<br \/>\nLe poteau en robinier \u00e9corc\u00e9 et ponc\u00e9 \u00d8 10\/12 cm est parfait pour cette fonction. Solide mais maniable, il conserve la forme naturelle de l\u2019arbre, ce qui apporte une touche ludique \u00e0 la structure. M\u00eame sans toile en hiver, ces poteaux restent agr\u00e9ables \u00e0 voir.<\/p>\n<p>Poteau en robinier \u00d8 19\/21 cm ponc\u00e9 (pour modules de jeux)<\/p>\n<p>Les plus belles aires de jeux ? Celles que vous cr\u00e9ez vous-m\u00eame. Un mur d\u2019escalade, une poutre d\u2019\u00e9quilibre\u2026 nos poteaux en robinier ponc\u00e9s sont id\u00e9aux. \u00c9corc\u00e9s et liss\u00e9s, ils offrent un aspect naturel et soign\u00e9, tout en ajoutant une touche de fantaisie et d\u2019\u00e9l\u00e9gance \u00e0 vos constructions.<\/p>\n<p>Les poteaux en robinier \u00e9corc\u00e9s et ponc\u00e9s appartiennent \u00e0 la classe de durabilit\u00e9 1 : c\u2019est l\u2019essence de bois la plus durable que l\u2019on trouve dans les for\u00eats europ\u00e9ennes.<\/p>\n<p>Les poteaux sont livr\u00e9s non appoint\u00e9s (extr\u00e9mit\u00e9s plates) par d\u00e9faut.<\/p>\n","protected":false},"excerpt":{"rendered":"<p>\u00c0 usages multiples Choix populaire pour voiles d&rsquo;ombrage ou pare-soleil Souvent choisi pour suspendre un hamac Tr\u00e8s utilis\u00e9 pour les aires de jeux D\u00e9coratif et&#8230;<\/p>\n","protected":false},"featured_media":6418,"comment_status":"closed","ping_status":"closed","template":"","meta":{"_acf_changed":false,"inline_featured_image":false,"_trash_the_other_posts":false,"ep_exclude_from_search":false,"iawp_total_views":3694,"editor_notices":[]},"product_brand":[],"product_cat":[151,111,506],"product_tag":[],"class_list":{"0":"post-6417","1":"product","2":"type-product","3":"status-publish","4":"has-post-thumbnail","6":"product_cat-piquets-en-robinier","7":"product_cat-piquets","8":"product_cat-piquets-ecorces-et-ponces","10":"first","11":"instock","12":"shipping-taxable","13":"purchasable","14":"product-type-variable","15":"has-default-attributes"},"composite_virtual":false,"composite_layout":"","composite_add_to_cart_form_location":"","composite_editable_in_cart":false,"composite_sold_individually_context":"","composite_shop_price_calc":"","composite_components":[],"composite_scenarios":[],"acf":[],"_links":{"self":[{"href":"https:\/\/adequat.eu\/fr\/wp-json\/wp\/v2\/product\/6417","targetHints":{"allow":["GET"]}}],"collection":[{"href":"https:\/\/adequat.eu\/fr\/wp-json\/wp\/v2\/product"}],"about":[{"href":"https:\/\/adequat.eu\/fr\/wp-json\/wp\/v2\/types\/product"}],"replies":[{"embeddable":true,"href":"https:\/\/adequat.eu\/fr\/wp-json\/wp\/v2\/comments?post=6417"}],"wp:featuredmedia":[{"embeddable":true,"href":"https:\/\/adequat.eu\/fr\/wp-json\/wp\/v2\/media\/6418"}],"wp:attachment":[{"href":"https:\/\/adequat.eu\/fr\/wp-json\/wp\/v2\/media?parent=6417"}],"wp:term":[{"taxonomy":"product_brand","embeddable":true,"href":"https:\/\/adequat.eu\/fr\/wp-json\/wp\/v2\/product_brand?post=6417"},{"taxonomy":"product_cat","embeddable":true,"href":"https:\/\/adequat.eu\/fr\/wp-json\/wp\/v2\/product_cat?post=6417"},{"taxonomy":"product_tag","embeddable":true,"href":"https:\/\/adequat.eu\/fr\/wp-json\/wp\/v2\/product_tag?post=6417"}],"curies":[{"name":"wp","href":"https:\/\/api.w.org\/{rel}","templated":true}]}}