{"id":6615,"date":"2015-08-27T10:15:35","date_gmt":"2015-08-27T08:15:35","guid":{"rendered":"https:\/\/adequat.eu\/fr\/product\/portail-francais-en-rondins-100-cm\/"},"modified":"2026-04-03T16:45:46","modified_gmt":"2026-04-03T14:45:46","slug":"portail-francais-en-rondins-100-cm","status":"publish","type":"product","link":"https:\/\/adequat.eu\/fr\/product\/portails\/portail-francais-rondins-chataignier-simple-100-cm-hauteur\/","title":{"rendered":"Portail fran\u00e7ais rondins ch\u00e2taignier simple 100 cm hauteur"},"content":{"rendered":"<ul>\n<li>Les portails fran\u00e7ais en rondins 100 cm de hauteur sont disponibles dans les largeurs suivantes\u00a0: 80 cm, 100 cm, 120 cm, 150 cm, 180 cm, 200 cm en 250 cm.<\/li>\n<li>Un portail fran\u00e7ais en rondin 100 cm est habituellement choisi en association avec du treillage de m\u00eame hauteur.<\/li>\n<li>Le portail est livr\u00e9 au complet avec les deux piquets <a href=\"https:\/\/adequat.eu\/fr\/product\/piquets\/piquets-en-chataignier\/piquet-en-chataignier-o-1012-cm\/\">(diam\u00e8tre 10\/12, longueur 175\u00a0cm)<\/a>, ainsi que les charni\u00e8res et la serrure.<\/li>\n<li>Les poteaux du portail fran\u00e7ais en rondins de 100 cm de hauteur sont compos\u00e9s de piquets de 7 \u00e0 9 cm de diam\u00e8tre, et les poutres sont compos\u00e9es de piquets de 4 \u00e0 6 cm de diam\u00e8tre.<\/li>\n<li>Pour choisir le bon portail, il est important de savoir que nous regardons le portail du c\u00f4t\u00e9 o\u00f9 les lattes sont fix\u00e9es (portail en rondins) ou l\u2019endroit o\u00f9 les lattes vont \u00eatre fix\u00e9es (portail \u00e0 claies). Ceci est pour nous l\u2019avant (\u00e0 l\u2019arri\u00e8re il y a donc les charni\u00e8res et la serrure). Quand vous regardez l\u2019avant du portail, le portail est fix\u00e9 du c\u00f4t\u00e9 droit avec les charni\u00e8res et il s\u2019ouvre vers la droite en s\u2019\u00e9loignant de vous. Il est \u00e9ventuellement possible de livrer un portail qui s\u2019ouvre vers la gauche, mais dans ce cas vous devez le pr\u00e9ciser lors de votre commande.<\/li>\n<li>ATTENTION : pour \u00e9viter des d\u00e9g\u00e2ts lors du transport, nous positionnons <a href=\"https:\/\/adequat.eu\/fr\/general\/le-mystere-du-bidule-manquant\/\">le crochet de la serrure \u00e0 l&rsquo;int\u00e9rieur du poteau \u00e0 planter<\/a>.<\/li>\n<\/ul>\n<h2>Portail en rondins double battant<\/h2>\n<ul>\n<li>Aussi disponible en <a href=\"https:\/\/adequat.eu\/fr\/product\/portails\/portail-francais-rondins-chataignier-double-100-cm-hauteur\/\">double portail battant 100 cm de hauteur<\/a>.<\/li>\n<li>Nous pouvons vous donner les prix d\u2019autres hauteurs sur\u00a0<a href=\"https:\/\/adequat.eu\/fr\/devis\/\">demande<\/a>.<\/li>\n<\/ul>\n<p><div class=\"embed-responsive embed-responsive-16by9\"><iframe loading=\"lazy\" title=\"Mise en place d&#039;une cl\u00f4ture ganivelle et d&#039;un portail\" width=\"500\" height=\"281\" src=\"https:\/\/www.youtube.com\/embed\/J3x54M2DOqc?feature=oembed&#038;enablejsapi=1&#038;origin=https:\/\/adequat.eu\" frameborder=\"0\" allow=\"accelerometer; autoplay; clipboard-write; encrypted-media; gyroscope; picture-in-picture; web-share\" referrerpolicy=\"strict-origin-when-cross-origin\" allowfullscreen><\/iframe><\/div><\/p>\n","protected":false},"excerpt":{"rendered":"<p>Les portails fran\u00e7ais en rondins 100 cm de hauteur sont disponibles dans les largeurs suivantes\u00a0: 80 cm, 100 cm, 120 cm, 150 cm, 180 cm,&#8230;<\/p>\n","protected":false},"featured_media":6616,"comment_status":"closed","ping_status":"closed","template":"","meta":{"_acf_changed":false,"inline_featured_image":false,"_trash_the_other_posts":false,"ep_exclude_from_search":false,"iawp_total_views":394,"editor_notices":[]},"product_brand":[],"product_cat":[412,522,429,431,434,436,437,440,428,421,86,209],"product_tag":[339],"class_list":{"0":"post-6615","1":"product","2":"type-product","3":"status-publish","4":"has-post-thumbnail","6":"product_cat-ganivelle","7":"product_cat-portail","8":"product_cat-100-cm","9":"product_cat-120-cm","10":"product_cat-150-cm","11":"product_cat-180-cm","12":"product_cat-200-cm","13":"product_cat-250-cm","14":"product_cat-80-cm","15":"product_cat-simple","16":"product_cat-portails","17":"product_cat-chataignier","18":"product_tag-google-shopping","20":"first","21":"instock","22":"shipping-taxable","23":"purchasable","24":"product-type-variable","25":"has-default-attributes"},"composite_virtual":false,"composite_layout":"","composite_add_to_cart_form_location":"","composite_editable_in_cart":false,"composite_sold_individually_context":"","composite_shop_price_calc":"","composite_components":[],"composite_scenarios":[],"acf":[],"_links":{"self":[{"href":"https:\/\/adequat.eu\/fr\/wp-json\/wp\/v2\/product\/6615","targetHints":{"allow":["GET"]}}],"collection":[{"href":"https:\/\/adequat.eu\/fr\/wp-json\/wp\/v2\/product"}],"about":[{"href":"https:\/\/adequat.eu\/fr\/wp-json\/wp\/v2\/types\/product"}],"replies":[{"embeddable":true,"href":"https:\/\/adequat.eu\/fr\/wp-json\/wp\/v2\/comments?post=6615"}],"wp:featuredmedia":[{"embeddable":true,"href":"https:\/\/adequat.eu\/fr\/wp-json\/wp\/v2\/media\/6616"}],"wp:attachment":[{"href":"https:\/\/adequat.eu\/fr\/wp-json\/wp\/v2\/media?parent=6615"}],"wp:term":[{"taxonomy":"product_brand","embeddable":true,"href":"https:\/\/adequat.eu\/fr\/wp-json\/wp\/v2\/product_brand?post=6615"},{"taxonomy":"product_cat","embeddable":true,"href":"https:\/\/adequat.eu\/fr\/wp-json\/wp\/v2\/product_cat?post=6615"},{"taxonomy":"product_tag","embeddable":true,"href":"https:\/\/adequat.eu\/fr\/wp-json\/wp\/v2\/product_tag?post=6615"}],"curies":[{"name":"wp","href":"https:\/\/api.w.org\/{rel}","templated":true}]}}