{"id":6720,"date":"2015-09-18T11:30:29","date_gmt":"2015-09-18T09:30:29","guid":{"rendered":"https:\/\/adequat.eu\/fr\/product\/piquet-en-chataignier-o-1316-cm\/"},"modified":"2026-04-02T12:35:55","modified_gmt":"2026-04-02T10:35:55","slug":"piquet-en-chataignier-o-1316-cm","status":"publish","type":"product","link":"https:\/\/adequat.eu\/fr\/product\/piquets\/piquets-en-chataignier\/piquet-en-chataignier-o-1316-cm\/","title":{"rendered":"Piquet en ch\u00e2taignier \u00d8 13\/16 cm"},"content":{"rendered":"<p>Le piquet rond en ch\u00e2taignier \u00d8 13\/16 cm provient de bois naturel et durable. Le piquet \u00e0 un diam\u00e8tre d\u2019environ 15 centim\u00e8tres et une circonf\u00e9rence d\u2019environ 47 centim\u00e8tres.<\/p>\n<h2>Piquet en ch\u00e2taignier \u00d8 13\/16 cm pour aires de jeux et parcs<\/h2>\n<p>Les piquets en ch\u00e2taignier sont de nature durable. Gr\u00e2ce \u00e0 la pr\u00e9sence d\u2019acide tannique dans le bois, ils n\u2019ont pas besoin d\u2019\u00eatre trait\u00e9s et ne demandent pas d\u2019entretien. Ils sont prot\u00e9g\u00e9s contre l\u2019humidit\u00e9. L\u2019utilisation de piquets en ch\u00e2taignier ne nuit donc pas \u00e0 l\u2019environnement. Les piquets sont \u00e9corc\u00e9s et point\u00e9s, mais gardent pour le reste leur forme naturelle. C\u2019est la raison pour laquelle les piquets en ch\u00e2taignier ne sont pas toujours droits. Ce diam\u00e8tre est souvent utilis\u00e9 pour les <a href=\"https:\/\/adequat.eu\/fr\/projets\/piquets\/equipement-aire-jeux\/\">\u00e9quipements des aires de jeux<\/a> et des parcs.<\/p>\n<p>Les mesures sont calcul\u00e9es du c\u00f4t\u00e9 le plus \u00e9troit. Ils sont point\u00e9s du c\u00f4t\u00e9 le plus large: c&rsquo;est cette partie qui va dans le sol pour plus de stabilit\u00e9. Cette norme n&rsquo;est pas la m\u00eame chez d&rsquo;autres fabricants.<\/p>\n<p>Ces piquets en ch\u00e2taignier sont livr\u00e9s en diff\u00e9rentes longueurs. A partir de 250 cm les piquets ne sont plus point\u00e9s.<\/p>\n","protected":false},"excerpt":{"rendered":"<p>Le piquet rond en ch\u00e2taignier \u00d8 13\/16 cm provient de bois naturel et durable. Le piquet \u00e0 un diam\u00e8tre d\u2019environ 15 centim\u00e8tres et une circonf\u00e9rence&#8230;<\/p>\n","protected":false},"featured_media":6721,"comment_status":"closed","ping_status":"closed","template":"","meta":{"_acf_changed":false,"inline_featured_image":false,"_trash_the_other_posts":false,"ep_exclude_from_search":false,"iawp_total_views":1560,"editor_notices":[]},"product_brand":[],"product_cat":[112,111],"product_tag":[339],"class_list":{"0":"post-6720","1":"product","2":"type-product","3":"status-publish","4":"has-post-thumbnail","6":"product_cat-piquets-en-chataignier","7":"product_cat-piquets","8":"product_tag-google-shopping","10":"first","11":"instock","12":"shipping-taxable","13":"purchasable","14":"product-type-variable","15":"has-default-attributes"},"composite_virtual":false,"composite_layout":"","composite_add_to_cart_form_location":"","composite_editable_in_cart":false,"composite_sold_individually_context":"","composite_shop_price_calc":"","composite_components":[],"composite_scenarios":[],"acf":[],"_links":{"self":[{"href":"https:\/\/adequat.eu\/fr\/wp-json\/wp\/v2\/product\/6720","targetHints":{"allow":["GET"]}}],"collection":[{"href":"https:\/\/adequat.eu\/fr\/wp-json\/wp\/v2\/product"}],"about":[{"href":"https:\/\/adequat.eu\/fr\/wp-json\/wp\/v2\/types\/product"}],"replies":[{"embeddable":true,"href":"https:\/\/adequat.eu\/fr\/wp-json\/wp\/v2\/comments?post=6720"}],"wp:featuredmedia":[{"embeddable":true,"href":"https:\/\/adequat.eu\/fr\/wp-json\/wp\/v2\/media\/6721"}],"wp:attachment":[{"href":"https:\/\/adequat.eu\/fr\/wp-json\/wp\/v2\/media?parent=6720"}],"wp:term":[{"taxonomy":"product_brand","embeddable":true,"href":"https:\/\/adequat.eu\/fr\/wp-json\/wp\/v2\/product_brand?post=6720"},{"taxonomy":"product_cat","embeddable":true,"href":"https:\/\/adequat.eu\/fr\/wp-json\/wp\/v2\/product_cat?post=6720"},{"taxonomy":"product_tag","embeddable":true,"href":"https:\/\/adequat.eu\/fr\/wp-json\/wp\/v2\/product_tag?post=6720"}],"curies":[{"name":"wp","href":"https:\/\/api.w.org\/{rel}","templated":true}]}}