{"id":6771,"date":"2017-06-01T09:17:27","date_gmt":"2017-06-01T07:17:27","guid":{"rendered":"https:\/\/adequat.eu\/fr\/product\/pied-scellement-pour-portail-anglais-et-neerlandais-double-battant\/"},"modified":"2025-12-05T19:12:31","modified_gmt":"2025-12-05T18:12:31","slug":"pied-scellement-pour-portail-anglais-et-neerlandais-double-battant","status":"publish","type":"product","link":"https:\/\/adequat.eu\/fr\/product\/installation-fr\/charnieres-et-serrures\/pied-scellement-pour-portail-anglais-et-neerlandais-double-battant\/","title":{"rendered":"Pied de scellement pour portail anglais et n\u00e9erlandais double battant"},"content":{"rendered":"<p>Le pied est galvanis\u00e9 et fabriqu\u00e9 en m\u00e9tal de haute qualit\u00e9. Ce pied de scellement est fourni avec le portail <a href=\"https:\/\/adequat.eu\/fr\/products\/portails\/portails-anglais\/\">anglais<\/a> et <a href=\"https:\/\/adequat.eu\/fr\/products\/portails\/portails-neerlandais\/\">n\u00e9erlandais<\/a> double battant.<\/p>\n","protected":false},"excerpt":{"rendered":"<p>Le pied est galvanis\u00e9 et fabriqu\u00e9 en m\u00e9tal de haute qualit\u00e9. Ce pied de scellement est fourni avec le portail anglais et n\u00e9erlandais double battant.<\/p>\n","protected":false},"featured_media":6772,"comment_status":"closed","ping_status":"closed","template":"","meta":{"_acf_changed":false,"inline_featured_image":false,"_trash_the_other_posts":false,"ep_exclude_from_search":false,"iawp_total_views":73,"editor_notices":[]},"product_brand":[],"product_cat":[150,149],"product_tag":[],"class_list":{"0":"post-6771","1":"product","2":"type-product","3":"status-publish","4":"has-post-thumbnail","6":"product_cat-charnieres-et-serrures","7":"product_cat-installation-fr","8":"product_shipping_class-pakketpost","10":"first","11":"instock","12":"shipping-taxable","13":"purchasable","14":"product-type-simple"},"composite_virtual":false,"composite_layout":"","composite_add_to_cart_form_location":"","composite_editable_in_cart":false,"composite_sold_individually_context":"","composite_shop_price_calc":"","composite_components":[],"composite_scenarios":[],"acf":[],"_links":{"self":[{"href":"https:\/\/adequat.eu\/fr\/wp-json\/wp\/v2\/product\/6771","targetHints":{"allow":["GET"]}}],"collection":[{"href":"https:\/\/adequat.eu\/fr\/wp-json\/wp\/v2\/product"}],"about":[{"href":"https:\/\/adequat.eu\/fr\/wp-json\/wp\/v2\/types\/product"}],"replies":[{"embeddable":true,"href":"https:\/\/adequat.eu\/fr\/wp-json\/wp\/v2\/comments?post=6771"}],"wp:featuredmedia":[{"embeddable":true,"href":"https:\/\/adequat.eu\/fr\/wp-json\/wp\/v2\/media\/6772"}],"wp:attachment":[{"href":"https:\/\/adequat.eu\/fr\/wp-json\/wp\/v2\/media?parent=6771"}],"wp:term":[{"taxonomy":"product_brand","embeddable":true,"href":"https:\/\/adequat.eu\/fr\/wp-json\/wp\/v2\/product_brand?post=6771"},{"taxonomy":"product_cat","embeddable":true,"href":"https:\/\/adequat.eu\/fr\/wp-json\/wp\/v2\/product_cat?post=6771"},{"taxonomy":"product_tag","embeddable":true,"href":"https:\/\/adequat.eu\/fr\/wp-json\/wp\/v2\/product_tag?post=6771"}],"curies":[{"name":"wp","href":"https:\/\/api.w.org\/{rel}","templated":true}]}}