{"id":6781,"date":"2017-06-01T09:31:40","date_gmt":"2017-06-01T07:31:40","guid":{"rendered":"https:\/\/adequat.eu\/fr\/product\/fermeture-a-revers\/"},"modified":"2023-10-04T11:50:53","modified_gmt":"2023-10-04T09:50:53","slug":"fermeture-a-revers","status":"publish","type":"product","link":"https:\/\/adequat.eu\/fr\/product\/installation-fr\/charnieres-et-serrures\/fermeture-a-revers\/","title":{"rendered":"Fermeture \u00e0 revers pour portail anglais et n\u00e9erlandais"},"content":{"rendered":"<p>Fermeture \u00e0 revers galvanis\u00e9e pour un portail <a href=\"https:\/\/adequat.eu\/fr\/products\/portails\/portails-anglais\/\">anglais<\/a> ou <a href=\"https:\/\/adequat.eu\/fr\/products\/portails\/portails-neerlandais\/\">n\u00e9erlandais<\/a> qui permet de maintenir les portes l&rsquo;une avec l\u2019autre. Les dimensions int\u00e9rieures\u00a0: 8 cm de large et 37 cm de long.<\/p>\n","protected":false},"excerpt":{"rendered":"<p>Fermeture \u00e0 revers galvanis\u00e9e pour un portail anglais ou n\u00e9erlandais qui permet de maintenir les portes l&rsquo;une avec l\u2019autre. Les dimensions int\u00e9rieures\u00a0: 8 cm de&#8230;<\/p>\n","protected":false},"featured_media":6782,"comment_status":"closed","ping_status":"closed","template":"","meta":{"_acf_changed":false,"inline_featured_image":false,"_trash_the_other_posts":false,"ep_exclude_from_search":false,"iawp_total_views":687,"editor_notices":[]},"product_brand":[],"product_cat":[150,149],"product_tag":[],"class_list":{"0":"post-6781","1":"product","2":"type-product","3":"status-publish","4":"has-post-thumbnail","6":"product_cat-charnieres-et-serrures","7":"product_cat-installation-fr","8":"product_shipping_class-pakketpost","10":"first","11":"instock","12":"shipping-taxable","13":"purchasable","14":"product-type-simple"},"composite_virtual":false,"composite_layout":"","composite_add_to_cart_form_location":"","composite_editable_in_cart":false,"composite_sold_individually_context":"","composite_shop_price_calc":"","composite_components":[],"composite_scenarios":[],"acf":[],"_links":{"self":[{"href":"https:\/\/adequat.eu\/fr\/wp-json\/wp\/v2\/product\/6781","targetHints":{"allow":["GET"]}}],"collection":[{"href":"https:\/\/adequat.eu\/fr\/wp-json\/wp\/v2\/product"}],"about":[{"href":"https:\/\/adequat.eu\/fr\/wp-json\/wp\/v2\/types\/product"}],"replies":[{"embeddable":true,"href":"https:\/\/adequat.eu\/fr\/wp-json\/wp\/v2\/comments?post=6781"}],"wp:featuredmedia":[{"embeddable":true,"href":"https:\/\/adequat.eu\/fr\/wp-json\/wp\/v2\/media\/6782"}],"wp:attachment":[{"href":"https:\/\/adequat.eu\/fr\/wp-json\/wp\/v2\/media?parent=6781"}],"wp:term":[{"taxonomy":"product_brand","embeddable":true,"href":"https:\/\/adequat.eu\/fr\/wp-json\/wp\/v2\/product_brand?post=6781"},{"taxonomy":"product_cat","embeddable":true,"href":"https:\/\/adequat.eu\/fr\/wp-json\/wp\/v2\/product_cat?post=6781"},{"taxonomy":"product_tag","embeddable":true,"href":"https:\/\/adequat.eu\/fr\/wp-json\/wp\/v2\/product_tag?post=6781"}],"curies":[{"name":"wp","href":"https:\/\/api.w.org\/{rel}","templated":true}]}}