{"id":6787,"date":"2017-06-01T09:39:26","date_gmt":"2017-06-01T07:39:26","guid":{"rendered":"https:\/\/adequat.eu\/fr\/product\/loquet-a-bascule\/"},"modified":"2026-03-05T14:31:22","modified_gmt":"2026-03-05T13:31:22","slug":"loquet-a-bascule","status":"publish","type":"product","link":"https:\/\/adequat.eu\/fr\/product\/installation-fr\/charnieres-et-serrures\/loquet-a-bascule\/","title":{"rendered":"Loquet \u00e0 bascule"},"content":{"rendered":"<p>Le loquet \u00e0 bascule est une fermeture galvanis\u00e9e, install\u00e9e en standard sur nos <a href=\"https:\/\/adequat.eu\/fr\/products\/portails\/ganivelle\/\">portails fran\u00e7ais en rondins<\/a> et <a href=\"https:\/\/adequat.eu\/fr\/products\/portails\/ganivelle\/\">cadre ganivelle<\/a>. C\u2019est une fermeture en m\u00e9tal de haute qualit\u00e9.<\/p>\n","protected":false},"excerpt":{"rendered":"<p>Le loquet \u00e0 bascule est une fermeture galvanis\u00e9e, install\u00e9e en standard sur nos portails fran\u00e7ais en rondins et cadre ganivelle. C\u2019est une fermeture en m\u00e9tal&#8230;<\/p>\n","protected":false},"featured_media":6788,"comment_status":"closed","ping_status":"closed","template":"","meta":{"_acf_changed":false,"inline_featured_image":false,"_trash_the_other_posts":false,"ep_exclude_from_search":false,"iawp_total_views":220,"editor_notices":[]},"product_brand":[],"product_cat":[150,149],"product_tag":[],"class_list":{"0":"post-6787","1":"product","2":"type-product","3":"status-publish","4":"has-post-thumbnail","6":"product_cat-charnieres-et-serrures","7":"product_cat-installation-fr","8":"product_shipping_class-pakketpost","10":"first","11":"instock","12":"shipping-taxable","13":"purchasable","14":"product-type-simple"},"composite_virtual":false,"composite_layout":"","composite_add_to_cart_form_location":"","composite_editable_in_cart":false,"composite_sold_individually_context":"","composite_shop_price_calc":"","composite_components":[],"composite_scenarios":[],"acf":[],"_links":{"self":[{"href":"https:\/\/adequat.eu\/fr\/wp-json\/wp\/v2\/product\/6787","targetHints":{"allow":["GET"]}}],"collection":[{"href":"https:\/\/adequat.eu\/fr\/wp-json\/wp\/v2\/product"}],"about":[{"href":"https:\/\/adequat.eu\/fr\/wp-json\/wp\/v2\/types\/product"}],"replies":[{"embeddable":true,"href":"https:\/\/adequat.eu\/fr\/wp-json\/wp\/v2\/comments?post=6787"}],"wp:featuredmedia":[{"embeddable":true,"href":"https:\/\/adequat.eu\/fr\/wp-json\/wp\/v2\/media\/6788"}],"wp:attachment":[{"href":"https:\/\/adequat.eu\/fr\/wp-json\/wp\/v2\/media?parent=6787"}],"wp:term":[{"taxonomy":"product_brand","embeddable":true,"href":"https:\/\/adequat.eu\/fr\/wp-json\/wp\/v2\/product_brand?post=6787"},{"taxonomy":"product_cat","embeddable":true,"href":"https:\/\/adequat.eu\/fr\/wp-json\/wp\/v2\/product_cat?post=6787"},{"taxonomy":"product_tag","embeddable":true,"href":"https:\/\/adequat.eu\/fr\/wp-json\/wp\/v2\/product_tag?post=6787"}],"curies":[{"name":"wp","href":"https:\/\/api.w.org\/{rel}","templated":true}]}}