{"id":6803,"date":"2018-01-04T13:11:00","date_gmt":"2018-01-04T12:11:00","guid":{"rendered":"https:\/\/adequat.eu\/fr\/product\/sabot-specialement-adapte-portail-neerlandais\/"},"modified":"2026-02-19T12:27:41","modified_gmt":"2026-02-19T11:27:41","slug":"sabot-specialement-adapte-portail-neerlandais","status":"publish","type":"product","link":"https:\/\/adequat.eu\/fr\/product\/installation-fr\/charnieres-et-serrures\/sabot-specialement-adapte-portail-neerlandais\/","title":{"rendered":"Sabot sp\u00e9cialement adapt\u00e9 20&#215;20"},"content":{"rendered":"<p>Ce sabot en ch\u00eane pour <a href=\"https:\/\/adequat.eu\/fr\/products\/portails\/portails-neerlandais\/\">portails n\u00e9erlandais<\/a> mesure environ 20 cm sur 20 cm, pour une hauteur d\u2019environ 40 cm. Il permet une fermeture optimale du portail et soutient les battants pour les emp\u00eacher au maximum de s\u2019affaisser. Il vous suffit d\u2019enfoncer le sabot dans le sol et d\u2019y forer un trou ou une fente qui accueillera le pied de scellement. Simple, efficace, et en parfait accord avec le style de votre portail n\u00e9erlandais double battant.<\/p>\n<p>&nbsp;<\/p>\n","protected":false},"excerpt":{"rendered":"<p>Ce sabot en ch\u00eane pour portails n\u00e9erlandais mesure environ 20 cm sur 20 cm, pour une hauteur d\u2019environ 40 cm. Il permet une fermeture optimale&#8230;<\/p>\n","protected":false},"featured_media":6804,"comment_status":"closed","ping_status":"closed","template":"","meta":{"_acf_changed":false,"inline_featured_image":false,"_trash_the_other_posts":false,"ep_exclude_from_search":false,"iawp_total_views":14,"editor_notices":[]},"product_brand":[],"product_cat":[150,149],"product_tag":[],"class_list":{"0":"post-6803","1":"product","2":"type-product","3":"status-publish","4":"has-post-thumbnail","6":"product_cat-charnieres-et-serrures","7":"product_cat-installation-fr","9":"first","10":"instock","11":"shipping-taxable","12":"purchasable","13":"product-type-simple"},"composite_virtual":false,"composite_layout":"","composite_add_to_cart_form_location":"","composite_editable_in_cart":false,"composite_sold_individually_context":"","composite_shop_price_calc":"","composite_components":[],"composite_scenarios":[],"acf":[],"_links":{"self":[{"href":"https:\/\/adequat.eu\/fr\/wp-json\/wp\/v2\/product\/6803","targetHints":{"allow":["GET"]}}],"collection":[{"href":"https:\/\/adequat.eu\/fr\/wp-json\/wp\/v2\/product"}],"about":[{"href":"https:\/\/adequat.eu\/fr\/wp-json\/wp\/v2\/types\/product"}],"replies":[{"embeddable":true,"href":"https:\/\/adequat.eu\/fr\/wp-json\/wp\/v2\/comments?post=6803"}],"wp:featuredmedia":[{"embeddable":true,"href":"https:\/\/adequat.eu\/fr\/wp-json\/wp\/v2\/media\/6804"}],"wp:attachment":[{"href":"https:\/\/adequat.eu\/fr\/wp-json\/wp\/v2\/media?parent=6803"}],"wp:term":[{"taxonomy":"product_brand","embeddable":true,"href":"https:\/\/adequat.eu\/fr\/wp-json\/wp\/v2\/product_brand?post=6803"},{"taxonomy":"product_cat","embeddable":true,"href":"https:\/\/adequat.eu\/fr\/wp-json\/wp\/v2\/product_cat?post=6803"},{"taxonomy":"product_tag","embeddable":true,"href":"https:\/\/adequat.eu\/fr\/wp-json\/wp\/v2\/product_tag?post=6803"}],"curies":[{"name":"wp","href":"https:\/\/api.w.org\/{rel}","templated":true}]}}