{"id":6810,"date":"2018-03-09T11:19:18","date_gmt":"2018-03-09T10:19:18","guid":{"rendered":"https:\/\/adequat.eu\/fr\/product\/ensemble-complet-charnieres-pour-portail-en-rondins\/"},"modified":"2026-03-05T14:28:38","modified_gmt":"2026-03-05T13:28:38","slug":"ensemble-complet-charnieres-pour-portail-en-rondins","status":"publish","type":"product","link":"https:\/\/adequat.eu\/fr\/product\/installation-fr\/charnieres-et-serrures\/ensemble-complet-charnieres-pour-portail-en-rondins\/","title":{"rendered":"Ensemble complet de charni\u00e8res pour portail en rondins"},"content":{"rendered":"<p>Nous avons sp\u00e9cialement con\u00e7u cet ensemble de charni\u00e8res pour les lourds portails en rondin (par exemple les <a href=\"https:\/\/adequat.eu\/fr\/products\/portails\/post-rail\/\">portails Post &amp; Rail<\/a> et Post &amp; Rail avec \u00e9chalas). Ces charni\u00e8res de tr\u00e8s haute qualit\u00e9 sont galvanis\u00e9es. Cet ensemble de charni\u00e8res vous permet de fixer le portail en haut comme en bas.<\/p>\n","protected":false},"excerpt":{"rendered":"<p>Nous avons sp\u00e9cialement con\u00e7u cet ensemble de charni\u00e8res pour les lourds portails en rondin (par exemple les portails Post &amp; Rail et Post &amp; Rail&#8230;<\/p>\n","protected":false},"featured_media":6811,"comment_status":"closed","ping_status":"closed","template":"","meta":{"_acf_changed":false,"inline_featured_image":false,"_trash_the_other_posts":false,"ep_exclude_from_search":false,"iawp_total_views":336,"editor_notices":[]},"product_brand":[],"product_cat":[150,149],"product_tag":[],"class_list":{"0":"post-6810","1":"product","2":"type-product","3":"status-publish","4":"has-post-thumbnail","6":"product_cat-charnieres-et-serrures","7":"product_cat-installation-fr","9":"first","10":"instock","11":"shipping-taxable","12":"purchasable","13":"product-type-simple"},"composite_virtual":false,"composite_layout":"","composite_add_to_cart_form_location":"","composite_editable_in_cart":false,"composite_sold_individually_context":"","composite_shop_price_calc":"","composite_components":[],"composite_scenarios":[],"acf":[],"_links":{"self":[{"href":"https:\/\/adequat.eu\/fr\/wp-json\/wp\/v2\/product\/6810","targetHints":{"allow":["GET"]}}],"collection":[{"href":"https:\/\/adequat.eu\/fr\/wp-json\/wp\/v2\/product"}],"about":[{"href":"https:\/\/adequat.eu\/fr\/wp-json\/wp\/v2\/types\/product"}],"replies":[{"embeddable":true,"href":"https:\/\/adequat.eu\/fr\/wp-json\/wp\/v2\/comments?post=6810"}],"wp:featuredmedia":[{"embeddable":true,"href":"https:\/\/adequat.eu\/fr\/wp-json\/wp\/v2\/media\/6811"}],"wp:attachment":[{"href":"https:\/\/adequat.eu\/fr\/wp-json\/wp\/v2\/media?parent=6810"}],"wp:term":[{"taxonomy":"product_brand","embeddable":true,"href":"https:\/\/adequat.eu\/fr\/wp-json\/wp\/v2\/product_brand?post=6810"},{"taxonomy":"product_cat","embeddable":true,"href":"https:\/\/adequat.eu\/fr\/wp-json\/wp\/v2\/product_cat?post=6810"},{"taxonomy":"product_tag","embeddable":true,"href":"https:\/\/adequat.eu\/fr\/wp-json\/wp\/v2\/product_tag?post=6810"}],"curies":[{"name":"wp","href":"https:\/\/api.w.org\/{rel}","templated":true}]}}