{"id":8351,"date":"2021-03-26T15:51:08","date_gmt":"2021-03-26T14:51:08","guid":{"rendered":"https:\/\/adequat.eu\/fr\/?post_type=product&#038;p=8351"},"modified":"2025-05-22T15:50:09","modified_gmt":"2025-05-22T13:50:09","slug":"porte-barriere","status":"publish","type":"product","link":"https:\/\/adequat.eu\/fr\/product\/installation-fr\/charnieres-et-serrures\/porte-barriere\/","title":{"rendered":"Porte barri\u00e8re"},"content":{"rendered":"<p>Porte barri\u00e8re pour barri\u00e8re en bois, avec cl\u00e9 \u00e0 goupille. Id\u00e9al pour fermer une barri\u00e8re en bois rond. Cette barri\u00e8re de haute qualit\u00e9 est galvanis\u00e9e \u00e0 chaud.<\/p>\n","protected":false},"excerpt":{"rendered":"<p>Porte barri\u00e8re pour barri\u00e8re en bois, avec cl\u00e9 \u00e0 goupille. Id\u00e9al pour fermer une barri\u00e8re en bois rond. Cette barri\u00e8re de haute qualit\u00e9 est galvanis\u00e9e&#8230;<\/p>\n","protected":false},"featured_media":8353,"comment_status":"closed","ping_status":"closed","template":"","meta":{"_acf_changed":false,"inline_featured_image":false,"_trash_the_other_posts":false,"ep_exclude_from_search":false,"iawp_total_views":23,"editor_notices":[]},"product_brand":[],"product_cat":[150],"product_tag":[],"class_list":{"0":"post-8351","1":"product","2":"type-product","3":"status-publish","4":"has-post-thumbnail","6":"product_cat-charnieres-et-serrures","8":"first","9":"instock","10":"shipping-taxable","11":"purchasable","12":"product-type-simple"},"composite_virtual":false,"composite_layout":"","composite_add_to_cart_form_location":"","composite_editable_in_cart":false,"composite_sold_individually_context":"","composite_shop_price_calc":"","composite_components":[],"composite_scenarios":[],"acf":[],"_links":{"self":[{"href":"https:\/\/adequat.eu\/fr\/wp-json\/wp\/v2\/product\/8351","targetHints":{"allow":["GET"]}}],"collection":[{"href":"https:\/\/adequat.eu\/fr\/wp-json\/wp\/v2\/product"}],"about":[{"href":"https:\/\/adequat.eu\/fr\/wp-json\/wp\/v2\/types\/product"}],"replies":[{"embeddable":true,"href":"https:\/\/adequat.eu\/fr\/wp-json\/wp\/v2\/comments?post=8351"}],"wp:featuredmedia":[{"embeddable":true,"href":"https:\/\/adequat.eu\/fr\/wp-json\/wp\/v2\/media\/8353"}],"wp:attachment":[{"href":"https:\/\/adequat.eu\/fr\/wp-json\/wp\/v2\/media?parent=8351"}],"wp:term":[{"taxonomy":"product_brand","embeddable":true,"href":"https:\/\/adequat.eu\/fr\/wp-json\/wp\/v2\/product_brand?post=8351"},{"taxonomy":"product_cat","embeddable":true,"href":"https:\/\/adequat.eu\/fr\/wp-json\/wp\/v2\/product_cat?post=8351"},{"taxonomy":"product_tag","embeddable":true,"href":"https:\/\/adequat.eu\/fr\/wp-json\/wp\/v2\/product_tag?post=8351"}],"curies":[{"name":"wp","href":"https:\/\/api.w.org\/{rel}","templated":true}]}}