{"id":8367,"date":"2021-03-30T15:08:59","date_gmt":"2021-03-30T13:08:59","guid":{"rendered":"https:\/\/adequat.eu\/fr\/?post_type=product&#038;p=8367"},"modified":"2025-12-05T18:46:20","modified_gmt":"2025-12-05T17:46:20","slug":"charniere-ajustable","status":"publish","type":"product","link":"https:\/\/adequat.eu\/fr\/product\/installation-fr\/charnieres-et-serrures\/charniere-ajustable\/","title":{"rendered":"Charni\u00e8re ajustable"},"content":{"rendered":"<p>La charni\u00e8re ajustable est galvanis\u00e9e et convient aux petits portails anglais et aux portails \u00e0 planches des agriculteurs. Gr\u00e2ce \u00e0 cette charni\u00e8re ajustable, les portes peuvent s&rsquo;ouvrir \u00e0 180 degr\u00e9s. Notre produit est disponible en trois tailles diff\u00e9rentes : 30 cm, 50 cm et 60 cm.<\/p>\n","protected":false},"excerpt":{"rendered":"<p>La charni\u00e8re ajustable est galvanis\u00e9e et convient aux petits portails anglais et aux portails \u00e0 planches des agriculteurs. Gr\u00e2ce \u00e0 cette charni\u00e8re ajustable, les portes&#8230;<\/p>\n","protected":false},"featured_media":8372,"comment_status":"closed","ping_status":"closed","template":"","meta":{"_acf_changed":false,"inline_featured_image":false,"_trash_the_other_posts":false,"ep_exclude_from_search":false,"iawp_total_views":61,"editor_notices":[]},"product_brand":[],"product_cat":[150,149],"product_tag":[],"class_list":{"0":"post-8367","1":"product","2":"type-product","3":"status-publish","4":"has-post-thumbnail","6":"product_cat-charnieres-et-serrures","7":"product_cat-installation-fr","9":"first","10":"instock","11":"shipping-taxable","12":"purchasable","13":"product-type-variable","14":"has-default-attributes"},"composite_virtual":false,"composite_layout":"","composite_add_to_cart_form_location":"","composite_editable_in_cart":false,"composite_sold_individually_context":"","composite_shop_price_calc":"","composite_components":[],"composite_scenarios":[],"acf":[],"_links":{"self":[{"href":"https:\/\/adequat.eu\/fr\/wp-json\/wp\/v2\/product\/8367","targetHints":{"allow":["GET"]}}],"collection":[{"href":"https:\/\/adequat.eu\/fr\/wp-json\/wp\/v2\/product"}],"about":[{"href":"https:\/\/adequat.eu\/fr\/wp-json\/wp\/v2\/types\/product"}],"replies":[{"embeddable":true,"href":"https:\/\/adequat.eu\/fr\/wp-json\/wp\/v2\/comments?post=8367"}],"wp:featuredmedia":[{"embeddable":true,"href":"https:\/\/adequat.eu\/fr\/wp-json\/wp\/v2\/media\/8372"}],"wp:attachment":[{"href":"https:\/\/adequat.eu\/fr\/wp-json\/wp\/v2\/media?parent=8367"}],"wp:term":[{"taxonomy":"product_brand","embeddable":true,"href":"https:\/\/adequat.eu\/fr\/wp-json\/wp\/v2\/product_brand?post=8367"},{"taxonomy":"product_cat","embeddable":true,"href":"https:\/\/adequat.eu\/fr\/wp-json\/wp\/v2\/product_cat?post=8367"},{"taxonomy":"product_tag","embeddable":true,"href":"https:\/\/adequat.eu\/fr\/wp-json\/wp\/v2\/product_tag?post=8367"}],"curies":[{"name":"wp","href":"https:\/\/api.w.org\/{rel}","templated":true}]}}