{"id":8527,"date":"2021-05-21T12:09:47","date_gmt":"2021-05-21T10:09:47","guid":{"rendered":"https:\/\/adequat.eu\/fr\/?post_type=product&#038;p=8527"},"modified":"2026-02-20T16:51:23","modified_gmt":"2026-02-20T15:51:23","slug":"cloture-ganivelle-robinier-de-100-cm-de-hauteur","status":"publish","type":"product","link":"https:\/\/adequat.eu\/fr\/product\/clotures\/cloture-en-robinier\/cloture-ganivelle-robinier-de-100-cm-de-hauteur\/","title":{"rendered":"Cl\u00f4ture ganivelle robinier de 100 cm de hauteur"},"content":{"rendered":"<ul>\n<li>Pour une cl\u00f4ture de jardin qui m\u00e9rite d&rsquo;\u00eatre vue<\/li>\n<li>De belles lattes uniformes, lisses et ponc\u00e9es<\/li>\n<li>Durable sans traitement !<\/li>\n<\/ul>\n<p>La cl\u00f4ture ganivelle robinier de 100 cm de hauteur est disponible avec un espacement des lattes de 4 cm et 8 cm. Cette cl\u00f4ture est livr\u00e9e en rouleaux de 5 ou 10 m\u00e8tres (selon le fabricant et le poids de la cl\u00f4ture).<\/p>\n<p>Pour une cl\u00f4ture ganivelle en robinier de 100 cm de hauteur, nous recommandons des <a href=\"https:\/\/adequat.eu\/fr\/product\/piquets\/piquets-en-chataignier\/piquet-en-chataignier-o-79-cm\/\">piquets en ch\u00e2taignier<\/a> \u00f8 7\/9 de longueur 175 cm ou des <a href=\"https:\/\/adequat.eu\/fr\/product\/piquets\/piquets-en-robinier\/piquet-robinier-o-810-cm\/\">piquets en robinier<\/a>\u00a0\u00f8 8\/10 de longueur 160 cm. Nous recommandons de placer un piquet tous les deux m\u00e8tres. Pour les points de d\u00e9part et d\u2019arriv\u00e9e et les angles, vous pouvez utiliser des\u00a0<a href=\"https:\/\/adequat.eu\/fr\/product\/piquets\/piquets-en-chataignier\/piquet-en-chataignier-o-1012-cm\/\">poteaux \u00f8 10\/12<\/a>\u00a0de 160 cm. Si vous installez votre cl\u00f4ture dans un sol tr\u00e8s meuble, vous pouvez envisager de renforcer les points de d\u00e9part et d\u2019arriv\u00e9e ainsi que les poteaux d\u2019angle.<\/p>\n<h2>Utile \u00e0 savoir sur la cl\u00f4ture ganivelle robinier 100 cm<\/h2>\n<p>Le fil de fer (crapal) utilis\u00e9 est de haute qualit\u00e9 (1,8 mm) et galvanis\u00e9. Il ne rouille pas. Il est facile de raccorder les rouleaux les uns aux autres ! \u00c0 la minute 1.20 de <a href=\"https:\/\/adequat.eu\/fr\/videos-dinstallation\/ganivelle-videos-dinstallation\/comment-installer-du-treillage-francais\/\">la vid\u00e9o<\/a>, nous vous expliquons exactement comment proc\u00e9der. Si une latte se casse, vous pouvez facilement\u00a0<a href=\"https:\/\/adequat.eu\/fr\/videos-dinstallation\/ganivelle-videos-dinstallation\/comment-est-ce-que-remplace-une-latte-la-ganivelle\/\">la remplacer vous-m\u00eame<\/a>. Les cl\u00f4tures ganivelle en robinier sont flexibles et suivent facilement les contours de votre terrain.<\/p>\n<p>Nous recommandons de fixer la cl\u00f4ture de robinier aux poteaux \u00e0 l\u2019aide\u00a0<a href=\"https:\/\/adequat.eu\/fr\/product\/installation-fr\/materiel-dassemblage\/vis-en-acier-inoxydable-en-differentes-dimensions-embout-inclu\/\">de vis en acier inoxydable 4,5 x 60 mm<\/a>. De cette fa\u00e7on, vous fixez la cl\u00f4ture aux poteaux et il n\u2019y a pas de risque que la cl\u00f4ture \u00a0\u00bb pende \u00ab\u00a0. Le robinier est un bois tr\u00e8s dur et durable et vous devez pr\u00e9-percer les trous pour \u00e9viter de fendre les lattes.<\/p>\n<h2>Installation d\u2019une cl\u00f4ture en bois de robinier<\/h2>\n<p>Si vous souhaitez calculer la quantit\u00e9 de piquets robinier dont vous avez besoin pour votre cl\u00f4ture ganivelle, veuillez remplir <a href=\"https:\/\/adequat.eu\/fr\/assemblez-votre-cloture\/cloture-chataignier\/\">l\u2019assistant produit<\/a>\u00a0sans aucune obligation. Vous pouvez ainsi conna\u00eetre le prix de\u00a0<a href=\"https:\/\/adequat.eu\/fr\/products\/clotures\/ganivelle-francais\/\">la cl\u00f4ture ganivelle fran\u00e7aise<\/a>.<\/p>\n","protected":false},"excerpt":{"rendered":"<p>Pour une cl\u00f4ture de jardin qui m\u00e9rite d&rsquo;\u00eatre vue De belles lattes uniformes, lisses et ponc\u00e9es Durable sans traitement ! La cl\u00f4ture ganivelle robinier de&#8230;<\/p>\n","protected":false},"featured_media":8502,"comment_status":"closed","ping_status":"closed","template":"","meta":{"_acf_changed":false,"inline_featured_image":false,"_trash_the_other_posts":false,"ep_exclude_from_search":false,"iawp_total_views":322,"editor_notices":[]},"product_brand":[],"product_cat":[340,542,543,544,545,78,540,547,548],"product_tag":[],"class_list":{"0":"post-8527","1":"product","2":"type-product","3":"status-publish","4":"has-post-thumbnail","6":"product_cat-cloture-en-robinier","7":"product_cat-cloture-pour-gibier","8":"product_cat-cloture-pour-moutons","9":"product_cat-cloture-pour-poules","10":"product_cat-cloture-pour-volailles","11":"product_cat-clotures","12":"product_cat-clotures-pour-animaux","13":"product_cat-clotures-pour-chiens","14":"product_cat-clotures-pour-lapins","16":"first","17":"instock","18":"shipping-taxable","19":"purchasable","20":"product-type-variable","21":"has-default-attributes"},"composite_virtual":false,"composite_layout":"","composite_add_to_cart_form_location":"","composite_editable_in_cart":false,"composite_sold_individually_context":"","composite_shop_price_calc":"","composite_components":[],"composite_scenarios":[],"acf":[],"_links":{"self":[{"href":"https:\/\/adequat.eu\/fr\/wp-json\/wp\/v2\/product\/8527","targetHints":{"allow":["GET"]}}],"collection":[{"href":"https:\/\/adequat.eu\/fr\/wp-json\/wp\/v2\/product"}],"about":[{"href":"https:\/\/adequat.eu\/fr\/wp-json\/wp\/v2\/types\/product"}],"replies":[{"embeddable":true,"href":"https:\/\/adequat.eu\/fr\/wp-json\/wp\/v2\/comments?post=8527"}],"wp:featuredmedia":[{"embeddable":true,"href":"https:\/\/adequat.eu\/fr\/wp-json\/wp\/v2\/media\/8502"}],"wp:attachment":[{"href":"https:\/\/adequat.eu\/fr\/wp-json\/wp\/v2\/media?parent=8527"}],"wp:term":[{"taxonomy":"product_brand","embeddable":true,"href":"https:\/\/adequat.eu\/fr\/wp-json\/wp\/v2\/product_brand?post=8527"},{"taxonomy":"product_cat","embeddable":true,"href":"https:\/\/adequat.eu\/fr\/wp-json\/wp\/v2\/product_cat?post=8527"},{"taxonomy":"product_tag","embeddable":true,"href":"https:\/\/adequat.eu\/fr\/wp-json\/wp\/v2\/product_tag?post=8527"}],"curies":[{"name":"wp","href":"https:\/\/api.w.org\/{rel}","templated":true}]}}